{"id":2065,"date":"2023-02-24T08:44:11","date_gmt":"2023-02-24T08:44:11","guid":{"rendered":"https:\/\/dev.eimassociation.org\/projects\/hestia\/"},"modified":"2023-05-30T14:43:31","modified_gmt":"2023-05-30T14:43:31","slug":"hestia","status":"publish","type":"page","link":"https:\/\/eimtech.eu\/fr\/projects\/hestia\/","title":{"rendered":"Hestia"},"content":{"rendered":"\t\t<div data-elementor-type=\"wp-page\" data-elementor-id=\"2065\" class=\"elementor elementor-2065 elementor-357\" data-elementor-post-type=\"page\">\n\t\t\t\t\t\t<section class=\"elementor-section elementor-top-section elementor-element elementor-element-1d725a5 animated-slow elementor-section-boxed elementor-section-height-default elementor-section-height-default elementor-invisible\" data-id=\"1d725a5\" data-element_type=\"section\" data-e-type=\"section\" data-settings=\"{&quot;animation&quot;:&quot;fadeIn&quot;}\">\n\t\t\t\t\t\t<div class=\"elementor-container elementor-column-gap-default\">\n\t\t\t\t\t<div class=\"elementor-column elementor-col-100 elementor-top-column elementor-element elementor-element-14a0ba8\" data-id=\"14a0ba8\" data-element_type=\"column\" data-e-type=\"column\" data-settings=\"{&quot;background_background&quot;:&quot;classic&quot;}\">\n\t\t\t<div class=\"elementor-widget-wrap elementor-element-populated\">\n\t\t\t\t\t\t<div class=\"elementor-element elementor-element-ab9b3df elementor-absolute elementor-view-default elementor-widget elementor-widget-icon\" data-id=\"ab9b3df\" data-element_type=\"widget\" data-e-type=\"widget\" data-settings=\"{&quot;_position&quot;:&quot;absolute&quot;}\" data-widget_type=\"icon.default\">\n\t\t\t\t<div class=\"elementor-widget-container\">\n\t\t\t\t\t\t\t<div class=\"elementor-icon-wrapper\">\n\t\t\t<div class=\"elementor-icon\">\n\t\t\t<i aria-hidden=\"true\" class=\"icon icon-eimtriangulo\"><\/i>\t\t\t<\/div>\n\t\t<\/div>\n\t\t\t\t\t\t<\/div>\n\t\t\t\t<\/div>\n\t\t\t\t<section class=\"elementor-section elementor-inner-section elementor-element elementor-element-8284f03 elementor-section-boxed elementor-section-height-default elementor-section-height-default\" data-id=\"8284f03\" data-element_type=\"section\" data-e-type=\"section\">\n\t\t\t\t\t\t<div class=\"elementor-container elementor-column-gap-default\">\n\t\t\t\t\t<div class=\"elementor-column elementor-col-50 elementor-inner-column elementor-element elementor-element-5aca18a\" data-id=\"5aca18a\" data-element_type=\"column\" data-e-type=\"column\">\n\t\t\t<div class=\"elementor-widget-wrap elementor-element-populated\">\n\t\t\t\t\t\t<div class=\"elementor-element elementor-element-dfc9074 elementor-widget elementor-widget-image\" data-id=\"dfc9074\" data-element_type=\"widget\" data-e-type=\"widget\" data-widget_type=\"image.default\">\n\t\t\t\t<div class=\"elementor-widget-container\">\n\t\t\t\t\t\t\t\t\t\t\t\t\t\t\t<img fetchpriority=\"high\" decoding=\"async\" width=\"800\" height=\"275\" src=\"https:\/\/eimtech.eu\/wp-content\/uploads\/2023\/02\/LOGO_HOR_HESTIA.png\" class=\"attachment-large size-large wp-image-1959\" alt=\"\" srcset=\"https:\/\/eimtech.eu\/wp-content\/uploads\/2023\/02\/LOGO_HOR_HESTIA.png 852w, https:\/\/eimtech.eu\/wp-content\/uploads\/2023\/02\/LOGO_HOR_HESTIA-300x103.png 300w, https:\/\/eimtech.eu\/wp-content\/uploads\/2023\/02\/LOGO_HOR_HESTIA-768x264.png 768w\" sizes=\"(max-width: 800px) 100vw, 800px\" \/>\t\t\t\t\t\t\t\t\t\t\t\t\t\t\t<\/div>\n\t\t\t\t<\/div>\n\t\t\t\t<div class=\"elementor-element elementor-element-8803cba elementor-widget elementor-widget-text-editor\" data-id=\"8803cba\" data-element_type=\"widget\" data-e-type=\"widget\" data-widget_type=\"text-editor.default\">\n\t\t\t\t<div class=\"elementor-widget-container\">\n\t\t\t\t\t\t\t\t\t<p>HESTIA, services holistiques de r\u00e9ponse \u00e0 la demande des b\u00e2timents r\u00e9sidentiels en Europe<\/p>\n\t\t\t\t\t\t\t\t<\/div>\n\t\t\t\t<\/div>\n\t\t\t\t\t<\/div>\n\t\t<\/div>\n\t\t\t\t<div class=\"elementor-column elementor-col-50 elementor-inner-column elementor-element elementor-element-299d449\" data-id=\"299d449\" data-element_type=\"column\" data-e-type=\"column\">\n\t\t\t<div class=\"elementor-widget-wrap elementor-element-populated\">\n\t\t\t\t\t\t<div class=\"elementor-element elementor-element-1625fe5 elementor-widget elementor-widget-image\" data-id=\"1625fe5\" data-element_type=\"widget\" data-e-type=\"widget\" data-widget_type=\"image.default\">\n\t\t\t\t<div class=\"elementor-widget-container\">\n\t\t\t\t\t\t\t\t\t\t\t\t\t\t\t<img decoding=\"async\" width=\"800\" height=\"483\" src=\"https:\/\/eimtech.eu\/wp-content\/uploads\/2023\/05\/project-hestia-1024x618.jpg\" class=\"attachment-large size-large wp-image-2012\" alt=\"\" srcset=\"https:\/\/eimtech.eu\/wp-content\/uploads\/2023\/05\/project-hestia-1024x618.jpg 1024w, https:\/\/eimtech.eu\/wp-content\/uploads\/2023\/05\/project-hestia-300x181.jpg 300w, https:\/\/eimtech.eu\/wp-content\/uploads\/2023\/05\/project-hestia-768x463.jpg 768w, https:\/\/eimtech.eu\/wp-content\/uploads\/2023\/05\/project-hestia-1536x926.jpg 1536w, https:\/\/eimtech.eu\/wp-content\/uploads\/2023\/05\/project-hestia.jpg 1920w\" sizes=\"(max-width: 800px) 100vw, 800px\" \/>\t\t\t\t\t\t\t\t\t\t\t\t\t\t\t<\/div>\n\t\t\t\t<\/div>\n\t\t\t\t\t<\/div>\n\t\t<\/div>\n\t\t\t\t\t<\/div>\n\t\t<\/section>\n\t\t\t\t<div class=\"elementor-element elementor-element-0a7aa45 elementor-absolute e-transform elementor-view-default elementor-widget elementor-widget-icon\" data-id=\"0a7aa45\" data-element_type=\"widget\" data-e-type=\"widget\" data-settings=\"{&quot;_position&quot;:&quot;absolute&quot;,&quot;_transform_rotateZ_effect&quot;:{&quot;unit&quot;:&quot;px&quot;,&quot;size&quot;:180,&quot;sizes&quot;:[]},&quot;_transform_rotateZ_effect_tablet&quot;:{&quot;unit&quot;:&quot;deg&quot;,&quot;size&quot;:&quot;&quot;,&quot;sizes&quot;:[]},&quot;_transform_rotateZ_effect_mobile&quot;:{&quot;unit&quot;:&quot;deg&quot;,&quot;size&quot;:&quot;&quot;,&quot;sizes&quot;:[]}}\" data-widget_type=\"icon.default\">\n\t\t\t\t<div class=\"elementor-widget-container\">\n\t\t\t\t\t\t\t<div class=\"elementor-icon-wrapper\">\n\t\t\t<div class=\"elementor-icon\">\n\t\t\t<i aria-hidden=\"true\" class=\"icon icon-eimtriangulo\"><\/i>\t\t\t<\/div>\n\t\t<\/div>\n\t\t\t\t\t\t<\/div>\n\t\t\t\t<\/div>\n\t\t\t\t\t<\/div>\n\t\t<\/div>\n\t\t\t\t\t<\/div>\n\t\t<\/section>\n\t\t\t\t<section class=\"elementor-section elementor-top-section elementor-element elementor-element-de038ea animated-slow elementor-section-boxed elementor-section-height-default elementor-section-height-default elementor-invisible\" data-id=\"de038ea\" data-element_type=\"section\" data-e-type=\"section\" data-settings=\"{&quot;animation&quot;:&quot;fadeIn&quot;}\">\n\t\t\t\t\t\t<div class=\"elementor-container elementor-column-gap-default\">\n\t\t\t\t\t<div class=\"elementor-column elementor-col-100 elementor-top-column elementor-element elementor-element-73455e1\" data-id=\"73455e1\" data-element_type=\"column\" data-e-type=\"column\">\n\t\t\t<div class=\"elementor-widget-wrap elementor-element-populated\">\n\t\t\t\t\t\t<div class=\"elementor-element elementor-element-9c56466 elementor-widget elementor-widget-heading\" data-id=\"9c56466\" data-element_type=\"widget\" data-e-type=\"widget\" data-widget_type=\"heading.default\">\n\t\t\t\t<div class=\"elementor-widget-container\">\n\t\t\t\t\t<h2 class=\"elementor-heading-title elementor-size-default\">HESTIA<\/h2>\t\t\t\t<\/div>\n\t\t\t\t<\/div>\n\t\t\t\t<div class=\"elementor-element elementor-element-8603438 elementor-widget elementor-widget-text-editor\" data-id=\"8603438\" data-element_type=\"widget\" data-e-type=\"widget\" data-widget_type=\"text-editor.default\">\n\t\t\t\t<div class=\"elementor-widget-container\">\n\t\t\t\t\t\t\t\t\t<p>L\u2019objectif du projet HESTIA, financ\u00e9 par l\u2019UE, est de concevoir des solutions rentables fond\u00e9es sur l\u2019association de mod\u00e8les technologiques innovants qui encouragent une meilleure gestion et utilisation de l\u2019\u00e9nergie et r\u00e9pondent \u00e0 la demande des consommateurs.<\/p>\n<p><span style=\"color: var( --e-global-color-2880e41 ); font-size: 1rem;\">L\u2019int\u00e9gration d\u2019outils informatiques \u00e9mergents et de services personnalis\u00e9s pour les utilisateurs jettera les bases d\u2019un march\u00e9 ouvert et encouragera les consommateurs \u00e0 participer \u00e0 l\u2019\u00e9change, ce qui permettra de r\u00e9aliser des \u00e9conomies d\u2019\u00e9nergie et d\u2019optimiser les ressources d\u2019investissement, afin d\u2019ouvrir la voie \u00e0 de nouveaux mod\u00e8les commerciaux au profit des communaut\u00e9s et de la soci\u00e9t\u00e9 dans son ensemble.<\/span><\/p>\n<p><span style=\"color: var( --e-global-color-2880e41 ); font-size: 1rem;\">En d\u00e9veloppant des mod\u00e8les commerciaux efficaces, en comprenant les obstacles actuels \u00e0 l\u2019adoption et en d\u00e9finissant des projets viables pour la reproduction \u00e0 grande \u00e9chelle de la solution, Hestia permettra \u00e0 la technologie, mais aussi aux utilisateurs, de progresser vers une plus grande p\u00e9n\u00e9tration des \u00e9nergies renouvelables et une meilleure pr\u00e9visibilit\u00e9 de la demande.<\/span><\/p>\n<p><span style=\"color: var( --e-global-color-2880e41 ); font-size: 1rem;\">Le consortium HESTIA est compos\u00e9 de 19 partenaires de 9 pays et regroupe des sites pilotes qui offrent une grande diversit\u00e9 de possibilit\u00e9s de d\u00e9monstration, permettant de r\u00e9duire la pollution et les contraintes sur l\u2019infrastructure g\u00e9n\u00e9rale, tout en contribuant aux ODD (Objectifs de d\u00e9veloppement durable) de l\u2019ONU.<\/span><\/p>\n<p><span style=\"color: var( --e-global-color-2880e41 ); font-size: 1rem;\">La combinaison de technologies innovantes favorisera \u00e9galement la mise en place de nouveaux cadres pour la flexibilisation de l\u2019approvisionnement \u00e9nerg\u00e9tique, la mise en \u0153uvre efficace des nouvelles politiques et directives de l\u2019UE pour les communaut\u00e9s locales d\u2019\u00e9nergie, en cr\u00e9ant de nouveaux emplois et en g\u00e9n\u00e9rant des avantages sociaux.<\/span><\/p>\n<p><span style=\"color: var( --e-global-color-2880e41 ); font-size: 1rem;\">Cette plateforme informatique offre des avantages directs au consommateur final comme aux parties prenantes du r\u00e9seau, \u00e9tudie le comportement en mati\u00e8re de consommation d\u2019\u00e9nergie et d\u00e9clenche un processus d\u2019apprentissage pour d\u00e9finir une strat\u00e9gie optimale de gestion de l\u2019\u00e9nergie avec des services personnalis\u00e9s pour l\u2019utilisateur, en proposant des services \u00e9nerg\u00e9tiques holistiques afin de r\u00e9aliser des \u00e9conomies d\u2019\u00e9nergie et r\u00e9duire les co\u00fbts.<\/span><\/p>\n<p><span style=\"color: var( --e-global-color-2880e41 ); font-size: 1rem;\">L\u2019une des contributions les plus novatrices d\u2019HESTIA est son innovation en mati\u00e8re de pratiques sociales, qui fait de l\u2019utilisateur final le principal acteur du secteur de l\u2019\u00e9nergie en lui fournissant les bons outils pour participer \u00e0 l\u2019\u00e9tablissement de nouvelles politiques \u00e9nerg\u00e9tiques et jouer un r\u00f4le cl\u00e9 dans la gestion de l\u2019\u00e9nergie.<\/span><\/p>\n\t\t\t\t\t\t\t\t<\/div>\n\t\t\t\t<\/div>\n\t\t\t\t<div class=\"elementor-element elementor-element-6d8cd10 elementor-widget elementor-widget-heading\" data-id=\"6d8cd10\" data-element_type=\"widget\" data-e-type=\"widget\" data-widget_type=\"heading.default\">\n\t\t\t\t<div class=\"elementor-widget-container\">\n\t\t\t\t\t<span class=\"elementor-heading-title elementor-size-default\"><a href=\"http:\/\/www.hestia-eu.com\" target=\"_blank\" rel=\"noopener\">www.hestia-eu.com<\/a><\/span>\t\t\t\t<\/div>\n\t\t\t\t<\/div>\n\t\t\t\t\t<\/div>\n\t\t<\/div>\n\t\t\t\t\t<\/div>\n\t\t<\/section>\n\t\t\t\t<section class=\"elementor-section elementor-top-section elementor-element elementor-element-d86ff88 animated-slow elementor-section-boxed elementor-section-height-default elementor-section-height-default elementor-invisible\" data-id=\"d86ff88\" data-element_type=\"section\" data-e-type=\"section\" data-settings=\"{&quot;animation&quot;:&quot;fadeIn&quot;}\">\n\t\t\t\t\t\t<div class=\"elementor-container elementor-column-gap-default\">\n\t\t\t\t\t<div class=\"elementor-column elementor-col-100 elementor-top-column elementor-element elementor-element-296ce98\" data-id=\"296ce98\" data-element_type=\"column\" data-e-type=\"column\" data-settings=\"{&quot;background_background&quot;:&quot;classic&quot;}\">\n\t\t\t<div class=\"elementor-widget-wrap elementor-element-populated\">\n\t\t\t\t\t<div class=\"elementor-background-overlay\"><\/div>\n\t\t\t\t\t\t<section class=\"elementor-section elementor-inner-section elementor-element elementor-element-2a6941a elementor-section-boxed elementor-section-height-default elementor-section-height-default\" data-id=\"2a6941a\" data-element_type=\"section\" data-e-type=\"section\">\n\t\t\t\t\t\t<div class=\"elementor-container elementor-column-gap-default\">\n\t\t\t\t\t<div class=\"elementor-column elementor-col-33 elementor-inner-column elementor-element elementor-element-a2e6520\" data-id=\"a2e6520\" data-element_type=\"column\" data-e-type=\"column\">\n\t\t\t<div class=\"elementor-widget-wrap elementor-element-populated\">\n\t\t\t\t\t\t<div class=\"elementor-element elementor-element-c8ca866 elementor-widget elementor-widget-image\" data-id=\"c8ca866\" data-element_type=\"widget\" data-e-type=\"widget\" data-widget_type=\"image.default\">\n\t\t\t\t<div class=\"elementor-widget-container\">\n\t\t\t\t\t\t\t\t\t\t\t\t<figure class=\"wp-caption\">\n\t\t\t\t\t\t\t\t\t\t<img decoding=\"async\" width=\"800\" height=\"450\" src=\"https:\/\/eimtech.eu\/wp-content\/uploads\/2023\/03\/Voorhout-village-Netherlands.jpg\" class=\"attachment-large size-large wp-image-1977\" alt=\"\" srcset=\"https:\/\/eimtech.eu\/wp-content\/uploads\/2023\/03\/Voorhout-village-Netherlands.jpg 1024w, https:\/\/eimtech.eu\/wp-content\/uploads\/2023\/03\/Voorhout-village-Netherlands-300x169.jpg 300w, https:\/\/eimtech.eu\/wp-content\/uploads\/2023\/03\/Voorhout-village-Netherlands-768x432.jpg 768w\" sizes=\"(max-width: 800px) 100vw, 800px\" \/>\t\t\t\t\t\t\t\t\t\t\t<figcaption class=\"widget-image-caption wp-caption-text\">Village de Voorhout (Pays-Bas)<\/figcaption>\n\t\t\t\t\t\t\t\t\t\t<\/figure>\n\t\t\t\t\t\t\t\t\t<\/div>\n\t\t\t\t<\/div>\n\t\t\t\t\t<\/div>\n\t\t<\/div>\n\t\t\t\t<div class=\"elementor-column elementor-col-33 elementor-inner-column elementor-element elementor-element-3d3819a\" data-id=\"3d3819a\" data-element_type=\"column\" data-e-type=\"column\">\n\t\t\t<div class=\"elementor-widget-wrap elementor-element-populated\">\n\t\t\t\t\t\t<div class=\"elementor-element elementor-element-5bb6935 elementor-widget elementor-widget-image\" data-id=\"5bb6935\" data-element_type=\"widget\" data-e-type=\"widget\" data-widget_type=\"image.default\">\n\t\t\t\t<div class=\"elementor-widget-container\">\n\t\t\t\t\t\t\t\t\t\t\t\t<figure class=\"wp-caption\">\n\t\t\t\t\t\t\t\t\t\t<img loading=\"lazy\" decoding=\"async\" width=\"800\" height=\"533\" src=\"https:\/\/eimtech.eu\/wp-content\/uploads\/2023\/03\/Camille-Claudel-Eco-District-France\u200b.jpg\" class=\"attachment-large size-large wp-image-1976\" alt=\"\" srcset=\"https:\/\/eimtech.eu\/wp-content\/uploads\/2023\/03\/Camille-Claudel-Eco-District-France\u200b.jpg 1024w, https:\/\/eimtech.eu\/wp-content\/uploads\/2023\/03\/Camille-Claudel-Eco-District-France\u200b-300x200.jpg 300w, https:\/\/eimtech.eu\/wp-content\/uploads\/2023\/03\/Camille-Claudel-Eco-District-France\u200b-768x512.jpg 768w\" sizes=\"(max-width: 800px) 100vw, 800px\" \/>\t\t\t\t\t\t\t\t\t\t\t<figcaption class=\"widget-image-caption wp-caption-text\">\u00c9coQuartier Camille Claudel (Palaiseau, France\u200b)<\/figcaption>\n\t\t\t\t\t\t\t\t\t\t<\/figure>\n\t\t\t\t\t\t\t\t\t<\/div>\n\t\t\t\t<\/div>\n\t\t\t\t\t<\/div>\n\t\t<\/div>\n\t\t\t\t<div class=\"elementor-column elementor-col-33 elementor-inner-column elementor-element elementor-element-2c9d040\" data-id=\"2c9d040\" data-element_type=\"column\" data-e-type=\"column\">\n\t\t\t<div class=\"elementor-widget-wrap elementor-element-populated\">\n\t\t\t\t\t\t<div class=\"elementor-element elementor-element-251aba7 elementor-widget elementor-widget-image\" data-id=\"251aba7\" data-element_type=\"widget\" data-e-type=\"widget\" data-widget_type=\"image.default\">\n\t\t\t\t<div class=\"elementor-widget-container\">\n\t\t\t\t\t\t\t\t\t\t\t\t<figure class=\"wp-caption\">\n\t\t\t\t\t\t\t\t\t\t<img loading=\"lazy\" decoding=\"async\" width=\"640\" height=\"360\" src=\"https:\/\/eimtech.eu\/wp-content\/uploads\/2023\/03\/Berchidda-Italy.jpg\" class=\"attachment-large size-large wp-image-1975\" alt=\"\" srcset=\"https:\/\/eimtech.eu\/wp-content\/uploads\/2023\/03\/Berchidda-Italy.jpg 640w, https:\/\/eimtech.eu\/wp-content\/uploads\/2023\/03\/Berchidda-Italy-300x169.jpg 300w\" sizes=\"(max-width: 640px) 100vw, 640px\" \/>\t\t\t\t\t\t\t\t\t\t\t<figcaption class=\"widget-image-caption wp-caption-text\">Italie<\/figcaption>\n\t\t\t\t\t\t\t\t\t\t<\/figure>\n\t\t\t\t\t\t\t\t\t<\/div>\n\t\t\t\t<\/div>\n\t\t\t\t\t<\/div>\n\t\t<\/div>\n\t\t\t\t\t<\/div>\n\t\t<\/section>\n\t\t\t\t\t<\/div>\n\t\t<\/div>\n\t\t\t\t\t<\/div>\n\t\t<\/section>\n\t\t\t\t<section class=\"elementor-section elementor-top-section elementor-element elementor-element-cc18398 elementor-section-boxed elementor-section-height-default elementor-section-height-default\" data-id=\"cc18398\" data-element_type=\"section\" data-e-type=\"section\">\n\t\t\t\t\t\t<div class=\"elementor-container elementor-column-gap-default\">\n\t\t\t\t\t<div class=\"elementor-column elementor-col-100 elementor-top-column elementor-element elementor-element-c01ebd6\" data-id=\"c01ebd6\" data-element_type=\"column\" data-e-type=\"column\">\n\t\t\t<div class=\"elementor-widget-wrap elementor-element-populated\">\n\t\t\t\t\t\t<div class=\"elementor-element elementor-element-b9e8836 elementor-align-center animated-slow elementor-invisible elementor-widget elementor-widget-button\" data-id=\"b9e8836\" data-element_type=\"widget\" data-e-type=\"widget\" data-settings=\"{&quot;_animation&quot;:&quot;fadeIn&quot;}\" data-widget_type=\"button.default\">\n\t\t\t\t<div class=\"elementor-widget-container\">\n\t\t\t\t\t\t\t\t\t<div class=\"elementor-button-wrapper\">\n\t\t\t\t\t<a class=\"elementor-button elementor-button-link elementor-size-md\" href=\"https:\/\/eimtech.eu\/fr\/projects\/\">\n\t\t\t\t\t\t<span class=\"elementor-button-content-wrapper\">\n\t\t\t\t\t\t<span class=\"elementor-button-icon\">\n\t\t\t\t<i aria-hidden=\"true\" class=\"far fa-arrow-alt-circle-left\"><\/i>\t\t\t<\/span>\n\t\t\t\t\t\t\t\t\t<span class=\"elementor-button-text\">Retour aux projets<\/span>\n\t\t\t\t\t<\/span>\n\t\t\t\t\t<\/a>\n\t\t\t\t<\/div>\n\t\t\t\t\t\t\t\t<\/div>\n\t\t\t\t<\/div>\n\t\t\t\t\t<\/div>\n\t\t<\/div>\n\t\t\t\t\t<\/div>\n\t\t<\/section>\n\t\t\t\t<\/div>\n\t\t","protected":false},"excerpt":{"rendered":"<p>HESTIA, services holistiques de r\u00e9ponse \u00e0 la demande des b\u00e2timents r\u00e9sidentiels en Europe HESTIA L\u2019objectif du projet HESTIA, financ\u00e9 par l\u2019UE, est de concevoir des solutions rentables fond\u00e9es sur l\u2019association de mod\u00e8les technologiques innovants qui encouragent une meilleure gestion et utilisation de l\u2019\u00e9nergie et r\u00e9pondent \u00e0 la demande des consommateurs. L\u2019int\u00e9gration d\u2019outils informatiques \u00e9mergents et [&hellip;]<\/p>\n","protected":false},"author":1,"featured_media":0,"parent":2063,"menu_order":0,"comment_status":"closed","ping_status":"closed","template":"","meta":{"footnotes":""},"class_list":["post-2065","page","type-page","status-publish","hentry"],"_links":{"self":[{"href":"https:\/\/eimtech.eu\/fr\/wp-json\/wp\/v2\/pages\/2065","targetHints":{"allow":["GET"]}}],"collection":[{"href":"https:\/\/eimtech.eu\/fr\/wp-json\/wp\/v2\/pages"}],"about":[{"href":"https:\/\/eimtech.eu\/fr\/wp-json\/wp\/v2\/types\/page"}],"author":[{"embeddable":true,"href":"https:\/\/eimtech.eu\/fr\/wp-json\/wp\/v2\/users\/1"}],"replies":[{"embeddable":true,"href":"https:\/\/eimtech.eu\/fr\/wp-json\/wp\/v2\/comments?post=2065"}],"version-history":[{"count":0,"href":"https:\/\/eimtech.eu\/fr\/wp-json\/wp\/v2\/pages\/2065\/revisions"}],"up":[{"embeddable":true,"href":"https:\/\/eimtech.eu\/fr\/wp-json\/wp\/v2\/pages\/2063"}],"wp:attachment":[{"href":"https:\/\/eimtech.eu\/fr\/wp-json\/wp\/v2\/media?parent=2065"}],"curies":[{"name":"wp","href":"https:\/\/api.w.org\/{rel}","templated":true}]}}