{"id":2069,"date":"2023-02-24T07:11:44","date_gmt":"2023-02-24T07:11:44","guid":{"rendered":"https:\/\/dev.eimassociation.org\/projects\/soldac\/"},"modified":"2023-05-30T14:43:55","modified_gmt":"2023-05-30T14:43:55","slug":"soldac","status":"publish","type":"page","link":"https:\/\/eimtech.eu\/fr\/projects\/soldac\/","title":{"rendered":"SolDAC"},"content":{"rendered":"\t\t<div data-elementor-type=\"wp-page\" data-elementor-id=\"2069\" class=\"elementor elementor-2069 elementor-272\" data-elementor-post-type=\"page\">\n\t\t\t\t\t\t<section class=\"elementor-section elementor-top-section elementor-element elementor-element-1d725a5 animated-slow elementor-section-boxed elementor-section-height-default elementor-section-height-default elementor-invisible\" data-id=\"1d725a5\" data-element_type=\"section\" data-e-type=\"section\" data-settings=\"{&quot;animation&quot;:&quot;fadeIn&quot;}\">\n\t\t\t\t\t\t<div class=\"elementor-container elementor-column-gap-default\">\n\t\t\t\t\t<div class=\"elementor-column elementor-col-100 elementor-top-column elementor-element elementor-element-14a0ba8\" data-id=\"14a0ba8\" data-element_type=\"column\" data-e-type=\"column\" data-settings=\"{&quot;background_background&quot;:&quot;classic&quot;}\">\n\t\t\t<div class=\"elementor-widget-wrap elementor-element-populated\">\n\t\t\t\t\t\t<div class=\"elementor-element elementor-element-ab9b3df elementor-absolute elementor-view-default elementor-widget elementor-widget-icon\" data-id=\"ab9b3df\" data-element_type=\"widget\" data-e-type=\"widget\" data-settings=\"{&quot;_position&quot;:&quot;absolute&quot;}\" data-widget_type=\"icon.default\">\n\t\t\t\t<div class=\"elementor-widget-container\">\n\t\t\t\t\t\t\t<div class=\"elementor-icon-wrapper\">\n\t\t\t<div class=\"elementor-icon\">\n\t\t\t<i aria-hidden=\"true\" class=\"icon icon-eimtriangulo\"><\/i>\t\t\t<\/div>\n\t\t<\/div>\n\t\t\t\t\t\t<\/div>\n\t\t\t\t<\/div>\n\t\t\t\t<section class=\"elementor-section elementor-inner-section elementor-element elementor-element-8284f03 elementor-section-boxed elementor-section-height-default elementor-section-height-default\" data-id=\"8284f03\" data-element_type=\"section\" data-e-type=\"section\">\n\t\t\t\t\t\t<div class=\"elementor-container elementor-column-gap-default\">\n\t\t\t\t\t<div class=\"elementor-column elementor-col-50 elementor-inner-column elementor-element elementor-element-5aca18a\" data-id=\"5aca18a\" data-element_type=\"column\" data-e-type=\"column\">\n\t\t\t<div class=\"elementor-widget-wrap elementor-element-populated\">\n\t\t\t\t\t\t<div class=\"elementor-element elementor-element-dfc9074 elementor-widget elementor-widget-image\" data-id=\"dfc9074\" data-element_type=\"widget\" data-e-type=\"widget\" data-widget_type=\"image.default\">\n\t\t\t\t<div class=\"elementor-widget-container\">\n\t\t\t\t\t\t\t\t\t\t\t\t\t\t\t<img fetchpriority=\"high\" decoding=\"async\" width=\"800\" height=\"266\" src=\"https:\/\/eimtech.eu\/wp-content\/uploads\/2023\/02\/SolDAC_Logo_RGB_COLOR-1024x341.png\" class=\"attachment-large size-large wp-image-1945\" alt=\"\" srcset=\"https:\/\/eimtech.eu\/wp-content\/uploads\/2023\/02\/SolDAC_Logo_RGB_COLOR-1024x341.png 1024w, https:\/\/eimtech.eu\/wp-content\/uploads\/2023\/02\/SolDAC_Logo_RGB_COLOR-300x100.png 300w, https:\/\/eimtech.eu\/wp-content\/uploads\/2023\/02\/SolDAC_Logo_RGB_COLOR-768x255.png 768w, https:\/\/eimtech.eu\/wp-content\/uploads\/2023\/02\/SolDAC_Logo_RGB_COLOR-1536x511.png 1536w, https:\/\/eimtech.eu\/wp-content\/uploads\/2023\/02\/SolDAC_Logo_RGB_COLOR-2048x681.png 2048w\" sizes=\"(max-width: 800px) 100vw, 800px\" \/>\t\t\t\t\t\t\t\t\t\t\t\t\t\t\t<\/div>\n\t\t\t\t<\/div>\n\t\t\t\t<div class=\"elementor-element elementor-element-8803cba elementor-widget elementor-widget-text-editor\" data-id=\"8803cba\" data-element_type=\"widget\" data-e-type=\"widget\" data-widget_type=\"text-editor.default\">\n\t\t\t\t<div class=\"elementor-widget-container\">\n\t\t\t\t\t\t\t\t\t<p>SolDAC, full spectrum SOLar<br \/>Direct Air Capture &amp; conversion (capture directe de l\u2019air et conversion photo\u00e9lectrochimique \u00e0 partir du spectre solaire complet)<\/p>\n\t\t\t\t\t\t\t\t<\/div>\n\t\t\t\t<\/div>\n\t\t\t\t\t<\/div>\n\t\t<\/div>\n\t\t\t\t<div class=\"elementor-column elementor-col-50 elementor-inner-column elementor-element elementor-element-299d449\" data-id=\"299d449\" data-element_type=\"column\" data-e-type=\"column\">\n\t\t\t<div class=\"elementor-widget-wrap elementor-element-populated\">\n\t\t\t\t\t\t<div class=\"elementor-element elementor-element-1625fe5 elementor-widget elementor-widget-image\" data-id=\"1625fe5\" data-element_type=\"widget\" data-e-type=\"widget\" data-widget_type=\"image.default\">\n\t\t\t\t<div class=\"elementor-widget-container\">\n\t\t\t\t\t\t\t\t\t\t\t\t\t\t\t<img decoding=\"async\" width=\"800\" height=\"534\" src=\"https:\/\/eimtech.eu\/wp-content\/uploads\/2023\/05\/project-soldac-1024x683.jpg\" class=\"attachment-large size-large wp-image-2011\" alt=\"\" srcset=\"https:\/\/eimtech.eu\/wp-content\/uploads\/2023\/05\/project-soldac-1024x683.jpg 1024w, https:\/\/eimtech.eu\/wp-content\/uploads\/2023\/05\/elementor\/thumbs\/project-soldac-q60ajvybgze0tkf5yhxd5vf0i8ahmz2v7kuttvpoeo.jpg 300w, https:\/\/eimtech.eu\/wp-content\/uploads\/2023\/05\/project-soldac-768x512.jpg 768w, https:\/\/eimtech.eu\/wp-content\/uploads\/2023\/05\/project-soldac-1536x1024.jpg 1536w, https:\/\/eimtech.eu\/wp-content\/uploads\/2023\/05\/project-soldac.jpg 1920w\" sizes=\"(max-width: 800px) 100vw, 800px\" \/>\t\t\t\t\t\t\t\t\t\t\t\t\t\t\t<\/div>\n\t\t\t\t<\/div>\n\t\t\t\t\t<\/div>\n\t\t<\/div>\n\t\t\t\t\t<\/div>\n\t\t<\/section>\n\t\t\t\t<div class=\"elementor-element elementor-element-0a7aa45 elementor-absolute e-transform elementor-view-default elementor-widget elementor-widget-icon\" data-id=\"0a7aa45\" data-element_type=\"widget\" data-e-type=\"widget\" data-settings=\"{&quot;_position&quot;:&quot;absolute&quot;,&quot;_transform_rotateZ_effect&quot;:{&quot;unit&quot;:&quot;px&quot;,&quot;size&quot;:180,&quot;sizes&quot;:[]},&quot;_transform_rotateZ_effect_tablet&quot;:{&quot;unit&quot;:&quot;deg&quot;,&quot;size&quot;:&quot;&quot;,&quot;sizes&quot;:[]},&quot;_transform_rotateZ_effect_mobile&quot;:{&quot;unit&quot;:&quot;deg&quot;,&quot;size&quot;:&quot;&quot;,&quot;sizes&quot;:[]}}\" data-widget_type=\"icon.default\">\n\t\t\t\t<div class=\"elementor-widget-container\">\n\t\t\t\t\t\t\t<div class=\"elementor-icon-wrapper\">\n\t\t\t<div class=\"elementor-icon\">\n\t\t\t<i aria-hidden=\"true\" class=\"icon icon-eimtriangulo\"><\/i>\t\t\t<\/div>\n\t\t<\/div>\n\t\t\t\t\t\t<\/div>\n\t\t\t\t<\/div>\n\t\t\t\t\t<\/div>\n\t\t<\/div>\n\t\t\t\t\t<\/div>\n\t\t<\/section>\n\t\t\t\t<section class=\"elementor-section elementor-top-section elementor-element elementor-element-de038ea animated-slow elementor-section-boxed elementor-section-height-default elementor-section-height-default elementor-invisible\" data-id=\"de038ea\" data-element_type=\"section\" data-e-type=\"section\" data-settings=\"{&quot;animation&quot;:&quot;fadeIn&quot;}\">\n\t\t\t\t\t\t<div class=\"elementor-container elementor-column-gap-default\">\n\t\t\t\t\t<div class=\"elementor-column elementor-col-100 elementor-top-column elementor-element elementor-element-73455e1\" data-id=\"73455e1\" data-element_type=\"column\" data-e-type=\"column\">\n\t\t\t<div class=\"elementor-widget-wrap elementor-element-populated\">\n\t\t\t\t\t\t<div class=\"elementor-element elementor-element-9c56466 elementor-widget elementor-widget-heading\" data-id=\"9c56466\" data-element_type=\"widget\" data-e-type=\"widget\" data-widget_type=\"heading.default\">\n\t\t\t\t<div class=\"elementor-widget-container\">\n\t\t\t\t\t<h2 class=\"elementor-heading-title elementor-size-default\">SolDAC<\/h2>\t\t\t\t<\/div>\n\t\t\t\t<\/div>\n\t\t\t\t<div class=\"elementor-element elementor-element-8603438 elementor-widget elementor-widget-text-editor\" data-id=\"8603438\" data-element_type=\"widget\" data-e-type=\"widget\" data-widget_type=\"text-editor.default\">\n\t\t\t\t<div class=\"elementor-widget-container\">\n\t\t\t\t\t\t\t\t\t<p>L\u2019objectif principal du projet SolDAC, financ\u00e9 par l\u2019UE, est de r\u00e9inventer l\u2019industrie chimique gr\u00e2ce \u00e0 une technologie de pointe qui permettra, \u00e0 partir de l\u2019\u00e9nergie solaire et de l\u2019air, de convertir directement le dioxyde de carbone en \u00e9thyl\u00e8ne.<\/p>\n<p><span style=\"color: var( --e-global-color-2880e41 ); font-size: 1rem;\">SolDAC s\u2019est dot\u00e9 d\u2019une unit\u00e9 de conversion photo\u00e9lectrochimique (PEC) qui tire parti de la lumi\u00e8re s\u00e9lectionn\u00e9e dans la bande passante d\u2019un capteur solaire (FSS) qui divise le spectre solaire pour produire de l\u2019\u00e9lectricit\u00e9 et de la chaleur avec un rendement sup\u00e9rieur \u00e0 celui des modules photovolta\u00efques autonomes et des capteurs solaires thermiques autonomes.<\/span><\/p>\n<p><span style=\"color: var( --e-global-color-2880e41 ); font-size: 1rem;\">Cette unit\u00e9 de conversion photo\u00e9lectrochimique est la seule voie possible pour la conversion directe du CO\u2082 en \u00e9thyl\u00e8ne, \u00e9l\u00e9ment important de l\u2019industrie chimique utilis\u00e9 pour produire de nombreux mat\u00e9riaux, tels que les plastiques et les d\u00e9tergents, permettant ainsi de r\u00e9inventer une industrie de l\u2019\u00e9thyl\u00e8ne durable et comp\u00e9titive sur le plan technique et \u00e9conomique, qui permettra d\u2019\u00e9liminer le CO\u2082 de l\u2019air. Cette technologie de pointe, qui positionnera l\u2019Europe dans la premi\u00e8re \u00e9conomie circulaire, climatiquement neutre et durable, repose sur l\u2019int\u00e9gration de trois unit\u00e9s principales : unit\u00e9 de conversion photo\u00e9lectrochimique (PEC), capteur solaire \u00e0 spectre complet (FSS) et unit\u00e9 de capture directe de l\u2019air (DAC).<\/span><\/p>\n<p><span style=\"color: var( --e-global-color-2880e41 ); font-size: 1rem;\">Le processus est autonome en \u00e9nergie et la chaleur est utilis\u00e9e dans une unit\u00e9 innovante de capture directe de l\u2019air (CDA) \u00e0 tr\u00e8s basse temp\u00e9rature (~ 60 \u00b0C), ce qui favorise une \u00e9ventuelle int\u00e9gration circulaire dans les r\u00e9seaux de chaleur. L\u2019unit\u00e9 CDA extrait le dioxyde de carbone de l\u2019air, le concentre \u00e0 plus de 95 % et le comprime pour alimenter la cellule PEC et un pipeline pour le stockage du dioxyde de carbone. <\/span><\/p>\n<p><span style=\"color: var( --e-global-color-2880e41 ); font-size: 1rem;\">Le d\u00e9veloppement des premi\u00e8res phases de SolDAC compensera l\u2019empreinte carbone de l\u2019ensemble du processus de conversion de l\u2019\u00e9nergie solaire en produits chimiques, garantissant la r\u00e9duction de l\u2019empreinte carbone et la viabilit\u00e9 technique et \u00e9conomique du processus de production de composants efficaces dans les secteurs int\u00e9ress\u00e9s, tels que l\u2019\u00e9nergie et l\u2019industrie chimique.<\/span><\/p>\n<p><span style=\"color: var( --e-global-color-2880e41 ); font-size: 1rem;\">La d\u00e9carbonation de la production de l\u2019\u00e9thyl\u00e8ne favorisera et renforcera la pr\u00e9\u00e9minence europ\u00e9enne dans la fabrication de produits chimiques renouvelables \u00e0 partir de CO\u2082, qui deviendra une industrie \u00ab z\u00e9ro \u00e9mission \u00bb.<\/span><\/p>\n\t\t\t\t\t\t\t\t<\/div>\n\t\t\t\t<\/div>\n\t\t\t\t<div class=\"elementor-element elementor-element-6d8cd10 elementor-widget elementor-widget-heading\" data-id=\"6d8cd10\" data-element_type=\"widget\" data-e-type=\"widget\" data-widget_type=\"heading.default\">\n\t\t\t\t<div class=\"elementor-widget-container\">\n\t\t\t\t\t<span class=\"elementor-heading-title elementor-size-default\"><a href=\"http:\/\/www.soldac-project.eu\" target=\"_blank\" rel=\"noopener\">www.soldac-project.eu<\/a><\/span>\t\t\t\t<\/div>\n\t\t\t\t<\/div>\n\t\t\t\t\t<\/div>\n\t\t<\/div>\n\t\t\t\t\t<\/div>\n\t\t<\/section>\n\t\t\t\t<section class=\"elementor-section elementor-top-section elementor-element elementor-element-d86ff88 animated-slow elementor-section-boxed elementor-section-height-default elementor-section-height-default elementor-invisible\" data-id=\"d86ff88\" data-element_type=\"section\" data-e-type=\"section\" data-settings=\"{&quot;animation&quot;:&quot;fadeIn&quot;}\">\n\t\t\t\t\t\t<div class=\"elementor-container elementor-column-gap-default\">\n\t\t\t\t\t<div class=\"elementor-column elementor-col-100 elementor-top-column elementor-element elementor-element-296ce98\" data-id=\"296ce98\" data-element_type=\"column\" data-e-type=\"column\" data-settings=\"{&quot;background_background&quot;:&quot;gradient&quot;}\">\n\t\t\t<div class=\"elementor-widget-wrap elementor-element-populated\">\n\t\t\t\t\t<div class=\"elementor-background-overlay\"><\/div>\n\t\t\t\t\t\t<section class=\"elementor-section elementor-inner-section elementor-element elementor-element-2a6941a elementor-section-boxed elementor-section-height-default elementor-section-height-default\" data-id=\"2a6941a\" data-element_type=\"section\" data-e-type=\"section\">\n\t\t\t\t\t\t<div class=\"elementor-container elementor-column-gap-default\">\n\t\t\t\t\t<div class=\"elementor-column elementor-col-50 elementor-inner-column elementor-element elementor-element-a2e6520\" data-id=\"a2e6520\" data-element_type=\"column\" data-e-type=\"column\">\n\t\t\t<div class=\"elementor-widget-wrap elementor-element-populated\">\n\t\t\t\t\t\t<div class=\"elementor-element elementor-element-c8ca866 elementor-widget elementor-widget-image\" data-id=\"c8ca866\" data-element_type=\"widget\" data-e-type=\"widget\" data-widget_type=\"image.default\">\n\t\t\t\t<div class=\"elementor-widget-container\">\n\t\t\t\t\t\t\t\t\t\t\t\t<figure class=\"wp-caption\">\n\t\t\t\t\t\t\t\t\t\t<img decoding=\"async\" width=\"800\" height=\"471\" src=\"https:\/\/eimtech.eu\/wp-content\/uploads\/2023\/03\/Infografia_Eng_antes-1024x603.png\" class=\"attachment-large size-large wp-image-1970\" alt=\"\" srcset=\"https:\/\/eimtech.eu\/wp-content\/uploads\/2023\/03\/Infografia_Eng_antes-1024x603.png 1024w, https:\/\/eimtech.eu\/wp-content\/uploads\/2023\/03\/Infografia_Eng_antes-300x177.png 300w, https:\/\/eimtech.eu\/wp-content\/uploads\/2023\/03\/Infografia_Eng_antes-768x452.png 768w, https:\/\/eimtech.eu\/wp-content\/uploads\/2023\/03\/Infografia_Eng_antes-1536x904.png 1536w, https:\/\/eimtech.eu\/wp-content\/uploads\/2023\/03\/Infografia_Eng_antes-2048x1206.png 2048w\" sizes=\"(max-width: 800px) 100vw, 800px\" \/>\t\t\t\t\t\t\t\t\t\t\t<figcaption class=\"widget-image-caption wp-caption-text\">Avant SolDAC<\/figcaption>\n\t\t\t\t\t\t\t\t\t\t<\/figure>\n\t\t\t\t\t\t\t\t\t<\/div>\n\t\t\t\t<\/div>\n\t\t\t\t\t<\/div>\n\t\t<\/div>\n\t\t\t\t<div class=\"elementor-column elementor-col-50 elementor-inner-column elementor-element elementor-element-2c9d040\" data-id=\"2c9d040\" data-element_type=\"column\" data-e-type=\"column\">\n\t\t\t<div class=\"elementor-widget-wrap elementor-element-populated\">\n\t\t\t\t\t\t<div class=\"elementor-element elementor-element-251aba7 elementor-widget elementor-widget-image\" data-id=\"251aba7\" data-element_type=\"widget\" data-e-type=\"widget\" data-widget_type=\"image.default\">\n\t\t\t\t<div class=\"elementor-widget-container\">\n\t\t\t\t\t\t\t\t\t\t\t\t<figure class=\"wp-caption\">\n\t\t\t\t\t\t\t\t\t\t<img loading=\"lazy\" decoding=\"async\" width=\"800\" height=\"470\" src=\"https:\/\/eimtech.eu\/wp-content\/uploads\/2023\/03\/Infografia_Eng_despues-1024x602.png\" class=\"attachment-large size-large wp-image-1971\" alt=\"\" srcset=\"https:\/\/eimtech.eu\/wp-content\/uploads\/2023\/03\/Infografia_Eng_despues-1024x602.png 1024w, https:\/\/eimtech.eu\/wp-content\/uploads\/2023\/03\/Infografia_Eng_despues-300x176.png 300w, https:\/\/eimtech.eu\/wp-content\/uploads\/2023\/03\/Infografia_Eng_despues-768x451.png 768w, https:\/\/eimtech.eu\/wp-content\/uploads\/2023\/03\/Infografia_Eng_despues-1536x902.png 1536w, https:\/\/eimtech.eu\/wp-content\/uploads\/2023\/03\/Infografia_Eng_despues-2048x1203.png 2048w\" sizes=\"(max-width: 800px) 100vw, 800px\" \/>\t\t\t\t\t\t\t\t\t\t\t<figcaption class=\"widget-image-caption wp-caption-text\">Apr\u00e8s SolDAC<\/figcaption>\n\t\t\t\t\t\t\t\t\t\t<\/figure>\n\t\t\t\t\t\t\t\t\t<\/div>\n\t\t\t\t<\/div>\n\t\t\t\t\t<\/div>\n\t\t<\/div>\n\t\t\t\t\t<\/div>\n\t\t<\/section>\n\t\t\t\t\t<\/div>\n\t\t<\/div>\n\t\t\t\t\t<\/div>\n\t\t<\/section>\n\t\t\t\t<section class=\"elementor-section elementor-top-section elementor-element elementor-element-9a43602 elementor-section-boxed elementor-section-height-default elementor-section-height-default\" data-id=\"9a43602\" data-element_type=\"section\" data-e-type=\"section\">\n\t\t\t\t\t\t<div class=\"elementor-container elementor-column-gap-default\">\n\t\t\t\t\t<div class=\"elementor-column elementor-col-100 elementor-top-column elementor-element elementor-element-ecbefba\" data-id=\"ecbefba\" data-element_type=\"column\" data-e-type=\"column\">\n\t\t\t<div class=\"elementor-widget-wrap elementor-element-populated\">\n\t\t\t\t\t\t<div class=\"elementor-element elementor-element-1aac653 elementor-align-center animated-slow elementor-invisible elementor-widget elementor-widget-button\" data-id=\"1aac653\" data-element_type=\"widget\" data-e-type=\"widget\" data-settings=\"{&quot;_animation&quot;:&quot;fadeIn&quot;}\" data-widget_type=\"button.default\">\n\t\t\t\t<div class=\"elementor-widget-container\">\n\t\t\t\t\t\t\t\t\t<div class=\"elementor-button-wrapper\">\n\t\t\t\t\t<a class=\"elementor-button elementor-button-link elementor-size-md\" href=\"https:\/\/eimtech.eu\/fr\/projects\/\">\n\t\t\t\t\t\t<span class=\"elementor-button-content-wrapper\">\n\t\t\t\t\t\t<span class=\"elementor-button-icon\">\n\t\t\t\t<i aria-hidden=\"true\" class=\"far fa-arrow-alt-circle-left\"><\/i>\t\t\t<\/span>\n\t\t\t\t\t\t\t\t\t<span class=\"elementor-button-text\">Retour aux projets<\/span>\n\t\t\t\t\t<\/span>\n\t\t\t\t\t<\/a>\n\t\t\t\t<\/div>\n\t\t\t\t\t\t\t\t<\/div>\n\t\t\t\t<\/div>\n\t\t\t\t\t<\/div>\n\t\t<\/div>\n\t\t\t\t\t<\/div>\n\t\t<\/section>\n\t\t\t\t<\/div>\n\t\t","protected":false},"excerpt":{"rendered":"<p>SolDAC, full spectrum SOLarDirect Air Capture &amp; conversion (capture directe de l\u2019air et conversion photo\u00e9lectrochimique \u00e0 partir du spectre solaire complet) SolDAC L\u2019objectif principal du projet SolDAC, financ\u00e9 par l\u2019UE, est de r\u00e9inventer l\u2019industrie chimique gr\u00e2ce \u00e0 une technologie de pointe qui permettra, \u00e0 partir de l\u2019\u00e9nergie solaire et de l\u2019air, de convertir directement le [&hellip;]<\/p>\n","protected":false},"author":1,"featured_media":0,"parent":2063,"menu_order":0,"comment_status":"closed","ping_status":"closed","template":"","meta":{"footnotes":""},"class_list":["post-2069","page","type-page","status-publish","hentry"],"_links":{"self":[{"href":"https:\/\/eimtech.eu\/fr\/wp-json\/wp\/v2\/pages\/2069","targetHints":{"allow":["GET"]}}],"collection":[{"href":"https:\/\/eimtech.eu\/fr\/wp-json\/wp\/v2\/pages"}],"about":[{"href":"https:\/\/eimtech.eu\/fr\/wp-json\/wp\/v2\/types\/page"}],"author":[{"embeddable":true,"href":"https:\/\/eimtech.eu\/fr\/wp-json\/wp\/v2\/users\/1"}],"replies":[{"embeddable":true,"href":"https:\/\/eimtech.eu\/fr\/wp-json\/wp\/v2\/comments?post=2069"}],"version-history":[{"count":0,"href":"https:\/\/eimtech.eu\/fr\/wp-json\/wp\/v2\/pages\/2069\/revisions"}],"up":[{"embeddable":true,"href":"https:\/\/eimtech.eu\/fr\/wp-json\/wp\/v2\/pages\/2063"}],"wp:attachment":[{"href":"https:\/\/eimtech.eu\/fr\/wp-json\/wp\/v2\/media?parent=2069"}],"curies":[{"name":"wp","href":"https:\/\/api.w.org\/{rel}","templated":true}]}}