{"id":2071,"date":"2023-02-24T08:43:47","date_gmt":"2023-02-24T08:43:47","guid":{"rendered":"https:\/\/dev.eimassociation.org\/projects\/hypergryd\/"},"modified":"2023-05-30T14:43:39","modified_gmt":"2023-05-30T14:43:39","slug":"hypergryd","status":"publish","type":"page","link":"https:\/\/eimtech.eu\/fr\/projects\/hypergryd\/","title":{"rendered":"Hypergryd"},"content":{"rendered":"\t\t<div data-elementor-type=\"wp-page\" data-elementor-id=\"2071\" class=\"elementor elementor-2071 elementor-355\" data-elementor-post-type=\"page\">\n\t\t\t\t\t\t<section class=\"elementor-section elementor-top-section elementor-element elementor-element-1d725a5 animated-slow elementor-section-boxed elementor-section-height-default elementor-section-height-default elementor-invisible\" data-id=\"1d725a5\" data-element_type=\"section\" data-e-type=\"section\" data-settings=\"{&quot;animation&quot;:&quot;fadeIn&quot;}\">\n\t\t\t\t\t\t<div class=\"elementor-container elementor-column-gap-default\">\n\t\t\t\t\t<div class=\"elementor-column elementor-col-100 elementor-top-column elementor-element elementor-element-14a0ba8\" data-id=\"14a0ba8\" data-element_type=\"column\" data-e-type=\"column\" data-settings=\"{&quot;background_background&quot;:&quot;classic&quot;}\">\n\t\t\t<div class=\"elementor-widget-wrap elementor-element-populated\">\n\t\t\t\t\t\t<div class=\"elementor-element elementor-element-ab9b3df elementor-absolute elementor-view-default elementor-widget elementor-widget-icon\" data-id=\"ab9b3df\" data-element_type=\"widget\" data-e-type=\"widget\" data-settings=\"{&quot;_position&quot;:&quot;absolute&quot;}\" data-widget_type=\"icon.default\">\n\t\t\t\t<div class=\"elementor-widget-container\">\n\t\t\t\t\t\t\t<div class=\"elementor-icon-wrapper\">\n\t\t\t<div class=\"elementor-icon\">\n\t\t\t<i aria-hidden=\"true\" class=\"icon icon-eimtriangulo\"><\/i>\t\t\t<\/div>\n\t\t<\/div>\n\t\t\t\t\t\t<\/div>\n\t\t\t\t<\/div>\n\t\t\t\t<section class=\"elementor-section elementor-inner-section elementor-element elementor-element-8284f03 elementor-section-boxed elementor-section-height-default elementor-section-height-default\" data-id=\"8284f03\" data-element_type=\"section\" data-e-type=\"section\">\n\t\t\t\t\t\t<div class=\"elementor-container elementor-column-gap-default\">\n\t\t\t\t\t<div class=\"elementor-column elementor-col-50 elementor-inner-column elementor-element elementor-element-5aca18a\" data-id=\"5aca18a\" data-element_type=\"column\" data-e-type=\"column\">\n\t\t\t<div class=\"elementor-widget-wrap elementor-element-populated\">\n\t\t\t\t\t\t<div class=\"elementor-element elementor-element-dfc9074 elementor-widget elementor-widget-image\" data-id=\"dfc9074\" data-element_type=\"widget\" data-e-type=\"widget\" data-widget_type=\"image.default\">\n\t\t\t\t<div class=\"elementor-widget-container\">\n\t\t\t\t\t\t\t\t\t\t\t\t\t\t\t<img fetchpriority=\"high\" decoding=\"async\" width=\"800\" height=\"212\" src=\"https:\/\/eimtech.eu\/wp-content\/uploads\/2023\/02\/HYPERGRYD_LOGO_RGB_Color-removebg-preview.png\" class=\"attachment-large size-large wp-image-1946\" alt=\"\" srcset=\"https:\/\/eimtech.eu\/wp-content\/uploads\/2023\/02\/HYPERGRYD_LOGO_RGB_Color-removebg-preview.png 970w, https:\/\/eimtech.eu\/wp-content\/uploads\/2023\/02\/HYPERGRYD_LOGO_RGB_Color-removebg-preview-300x79.png 300w, https:\/\/eimtech.eu\/wp-content\/uploads\/2023\/02\/HYPERGRYD_LOGO_RGB_Color-removebg-preview-768x203.png 768w\" sizes=\"(max-width: 800px) 100vw, 800px\" \/>\t\t\t\t\t\t\t\t\t\t\t\t\t\t\t<\/div>\n\t\t\t\t<\/div>\n\t\t\t\t<div class=\"elementor-element elementor-element-8803cba elementor-widget elementor-widget-text-editor\" data-id=\"8803cba\" data-element_type=\"widget\" data-e-type=\"widget\" data-widget_type=\"text-editor.default\">\n\t\t\t\t<div class=\"elementor-widget-container\">\n\t\t\t\t\t\t\t\t\t<p>Hypergryd, r\u00e9seaux hybrides coupl\u00e9s pour des quartiers \u00e9nerg\u00e9tiques thermiques-\u00e9lectriques int\u00e9gr\u00e9s intelligents<\/p>\n\t\t\t\t\t\t\t\t<\/div>\n\t\t\t\t<\/div>\n\t\t\t\t\t<\/div>\n\t\t<\/div>\n\t\t\t\t<div class=\"elementor-column elementor-col-50 elementor-inner-column elementor-element elementor-element-299d449\" data-id=\"299d449\" data-element_type=\"column\" data-e-type=\"column\">\n\t\t\t<div class=\"elementor-widget-wrap elementor-element-populated\">\n\t\t\t\t\t\t<div class=\"elementor-element elementor-element-1625fe5 elementor-widget elementor-widget-image\" data-id=\"1625fe5\" data-element_type=\"widget\" data-e-type=\"widget\" data-widget_type=\"image.default\">\n\t\t\t\t<div class=\"elementor-widget-container\">\n\t\t\t\t\t\t\t\t\t\t\t\t\t\t\t<img decoding=\"async\" width=\"768\" height=\"432\" src=\"https:\/\/eimtech.eu\/wp-content\/uploads\/2023\/05\/project-hypergryd.jpg\" class=\"attachment-large size-large wp-image-2014\" alt=\"\" srcset=\"https:\/\/eimtech.eu\/wp-content\/uploads\/2023\/05\/project-hypergryd.jpg 768w, https:\/\/eimtech.eu\/wp-content\/uploads\/2023\/05\/project-hypergryd-300x169.jpg 300w\" sizes=\"(max-width: 768px) 100vw, 768px\" \/>\t\t\t\t\t\t\t\t\t\t\t\t\t\t\t<\/div>\n\t\t\t\t<\/div>\n\t\t\t\t\t<\/div>\n\t\t<\/div>\n\t\t\t\t\t<\/div>\n\t\t<\/section>\n\t\t\t\t<div class=\"elementor-element elementor-element-0a7aa45 elementor-absolute e-transform elementor-view-default elementor-widget elementor-widget-icon\" data-id=\"0a7aa45\" data-element_type=\"widget\" data-e-type=\"widget\" data-settings=\"{&quot;_position&quot;:&quot;absolute&quot;,&quot;_transform_rotateZ_effect&quot;:{&quot;unit&quot;:&quot;px&quot;,&quot;size&quot;:180,&quot;sizes&quot;:[]},&quot;_transform_rotateZ_effect_tablet&quot;:{&quot;unit&quot;:&quot;deg&quot;,&quot;size&quot;:&quot;&quot;,&quot;sizes&quot;:[]},&quot;_transform_rotateZ_effect_mobile&quot;:{&quot;unit&quot;:&quot;deg&quot;,&quot;size&quot;:&quot;&quot;,&quot;sizes&quot;:[]}}\" data-widget_type=\"icon.default\">\n\t\t\t\t<div class=\"elementor-widget-container\">\n\t\t\t\t\t\t\t<div class=\"elementor-icon-wrapper\">\n\t\t\t<div class=\"elementor-icon\">\n\t\t\t<i aria-hidden=\"true\" class=\"icon icon-eimtriangulo\"><\/i>\t\t\t<\/div>\n\t\t<\/div>\n\t\t\t\t\t\t<\/div>\n\t\t\t\t<\/div>\n\t\t\t\t\t<\/div>\n\t\t<\/div>\n\t\t\t\t\t<\/div>\n\t\t<\/section>\n\t\t\t\t<section class=\"elementor-section elementor-top-section elementor-element elementor-element-de038ea animated-slow elementor-section-boxed elementor-section-height-default elementor-section-height-default elementor-invisible\" data-id=\"de038ea\" data-element_type=\"section\" data-e-type=\"section\" data-settings=\"{&quot;animation&quot;:&quot;fadeIn&quot;}\">\n\t\t\t\t\t\t<div class=\"elementor-container elementor-column-gap-default\">\n\t\t\t\t\t<div class=\"elementor-column elementor-col-100 elementor-top-column elementor-element elementor-element-73455e1\" data-id=\"73455e1\" data-element_type=\"column\" data-e-type=\"column\">\n\t\t\t<div class=\"elementor-widget-wrap elementor-element-populated\">\n\t\t\t\t\t\t<div class=\"elementor-element elementor-element-9c56466 elementor-widget elementor-widget-heading\" data-id=\"9c56466\" data-element_type=\"widget\" data-e-type=\"widget\" data-widget_type=\"heading.default\">\n\t\t\t\t<div class=\"elementor-widget-container\">\n\t\t\t\t\t<h2 class=\"elementor-heading-title elementor-size-default\">HYPERGRYD<\/h2>\t\t\t\t<\/div>\n\t\t\t\t<\/div>\n\t\t\t\t<div class=\"elementor-element elementor-element-8603438 elementor-widget elementor-widget-text-editor\" data-id=\"8603438\" data-element_type=\"widget\" data-e-type=\"widget\" data-widget_type=\"text-editor.default\">\n\t\t\t\t<div class=\"elementor-widget-container\">\n\t\t\t\t\t\t\t\t\t<p>Projet financ\u00e9 par l\u2019UE, dont le budget s\u2019\u00e9l\u00e8ve \u00e0 5,9 millions d\u2019euros, Hypergryd d\u00e9veloppe des solutions logicielles int\u00e9gr\u00e9es rentables et \u00e9conomes en \u00e9nergie destin\u00e9es aux r\u00e9seaux thermiques, fond\u00e9es sur des actions interdisciplinaires, pour promouvoir l\u2019int\u00e9gration des r\u00e9seaux intelligents, le stockage de l\u2019\u00e9nergie et la part accrue des \u00e9nergies renouvelables en vue d\u2019acc\u00e9l\u00e9rer la transition \u00e9cologique et de d\u00e9montrer que les r\u00e9seaux \u00e9nerg\u00e9tiques intelligents repr\u00e9sentent l\u2019avenir d\u2019une gestion efficace de l\u2019\u00e9nergie dans le chauffage et le refroidissement urbains (CRU) en synergie avec les r\u00e9seaux \u00e9lectriques des communaut\u00e9s \u00e9nerg\u00e9tiques locales\/villes intelligentes.<\/p>\n<p><span style=\"color: var( --e-global-color-2880e41 ); font-size: 1rem;\">Ce projet repose sur trois concepts principaux : une grande capacit\u00e9 de r\u00e9partition des \u00e9nergies renouvelables, des solutions \u00e9nerg\u00e9tiques de chauffage et de refroidissement, des strat\u00e9gies contextuelles de contr\u00f4le par les TIC, et la production de groupes d\u2019habitation qui permettront d\u2019augmenter consid\u00e9rablement la part des \u00e9nergies renouvelables dans la demande g\u00e9n\u00e9rale des quartiers urbains.<\/span><\/p>\n<p><span style=\"color: var( --e-global-color-2880e41 ); font-size: 1rem;\">L\u2019objectif principal de ce projet est de d\u00e9velopper des \u00e9l\u00e9ments cl\u00e9s innovants, parall\u00e8lement \u00e0 des services TIC innovants et int\u00e9gr\u00e9s consistant en un ensemble d\u2019outils \u00e9volutifs pour la bonne gestion de la complexit\u00e9 croissante des syst\u00e8mes, de l\u2019\u00e9chelle du b\u00e2timent \u00e0 celle de la communaut\u00e9 locale d\u2019\u00e9nergie (CLE) et au-del\u00e0, afin d\u2019acc\u00e9l\u00e9rer la transition \u00e9cologique, la planification et la modernisation des syst\u00e8mes de chauffage et de refroidissement urbains (CRU) vers la 4e et la 5e g\u00e9n\u00e9ration.<\/span><\/p>\n<p><span style=\"color: var( --e-global-color-2880e41 ); font-size: 1rem;\">Hypergryd vise \u00e9galement \u00e0 d\u00e9velopper la gestion en temps r\u00e9el des flux d\u2019\u00e9nergie \u00e9lectrique et thermique dans le complexe des r\u00e9seaux \u00e9nerg\u00e9tiques coupl\u00e9s, ainsi que les synergies entre ces derniers.<\/span><\/p>\n<p><span style=\"color: var( --e-global-color-2880e41 ); font-size: 1rem;\">Au cours du projet, les solutions HYPERGRYD seront mises en \u0153uvre dans le cadre de quatre cas de laboratoires vivants sous 3 climats repr\u00e9sentatifs fournis par un consortium de 19 partenaires de 7 pays, en accordant une attention particuli\u00e8re \u00e0 leur rentabilit\u00e9 et leur reproductibilit\u00e9 potentielle en vue d\u2019atteindre leurs principaux objectifs.<\/span><\/p>\n<p><span style=\"color: var( --e-global-color-2880e41 ); font-size: 1rem;\">Le projet comprendra des mesures syst\u00e9matiques et scientifiques des performances, un retour d\u2019information et une exploitation efficace, le renforcement du march\u00e9 potentiel et la sensibilisation des diff\u00e9rentes parties prenantes, des utilisateurs et du grand public aux nouvelles opportunit\u00e9s commerciales dans diff\u00e9rents contextes europ\u00e9ens, ainsi que la recherche de solutions financi\u00e8res pour soutenir la p\u00e9n\u00e9tration des technologies Hypergryd.<\/span><\/p>\n\t\t\t\t\t\t\t\t<\/div>\n\t\t\t\t<\/div>\n\t\t\t\t<div class=\"elementor-element elementor-element-6d8cd10 elementor-widget elementor-widget-heading\" data-id=\"6d8cd10\" data-element_type=\"widget\" data-e-type=\"widget\" data-widget_type=\"heading.default\">\n\t\t\t\t<div class=\"elementor-widget-container\">\n\t\t\t\t\t<span class=\"elementor-heading-title elementor-size-default\"><a href=\"https:\/\/hypergryd.eu\/\" target=\"_blank\" rel=\"noopener\">www.hypergryd.eu<\/a><\/span>\t\t\t\t<\/div>\n\t\t\t\t<\/div>\n\t\t\t\t\t<\/div>\n\t\t<\/div>\n\t\t\t\t\t<\/div>\n\t\t<\/section>\n\t\t\t\t<section class=\"elementor-section elementor-top-section elementor-element elementor-element-d86ff88 animated-slow elementor-section-boxed elementor-section-height-default elementor-section-height-default elementor-invisible\" data-id=\"d86ff88\" data-element_type=\"section\" data-e-type=\"section\" data-settings=\"{&quot;animation&quot;:&quot;fadeIn&quot;}\">\n\t\t\t\t\t\t<div class=\"elementor-container elementor-column-gap-default\">\n\t\t\t\t\t<div class=\"elementor-column elementor-col-100 elementor-top-column elementor-element elementor-element-296ce98\" data-id=\"296ce98\" data-element_type=\"column\" data-e-type=\"column\" data-settings=\"{&quot;background_background&quot;:&quot;classic&quot;}\">\n\t\t\t<div class=\"elementor-widget-wrap elementor-element-populated\">\n\t\t\t\t\t<div class=\"elementor-background-overlay\"><\/div>\n\t\t\t\t\t\t<section class=\"elementor-section elementor-inner-section elementor-element elementor-element-2a6941a elementor-section-boxed elementor-section-height-default elementor-section-height-default\" data-id=\"2a6941a\" data-element_type=\"section\" data-e-type=\"section\">\n\t\t\t\t\t\t<div class=\"elementor-container elementor-column-gap-default\">\n\t\t\t\t\t<div class=\"elementor-column elementor-col-33 elementor-inner-column elementor-element elementor-element-a2e6520\" data-id=\"a2e6520\" data-element_type=\"column\" data-e-type=\"column\">\n\t\t\t<div class=\"elementor-widget-wrap elementor-element-populated\">\n\t\t\t\t\t\t<div class=\"elementor-element elementor-element-c8ca866 elementor-widget elementor-widget-image\" data-id=\"c8ca866\" data-element_type=\"widget\" data-e-type=\"widget\" data-widget_type=\"image.default\">\n\t\t\t\t<div class=\"elementor-widget-container\">\n\t\t\t\t\t\t\t\t\t\t\t\t<figure class=\"wp-caption\">\n\t\t\t\t\t\t\t\t\t\t<img decoding=\"async\" width=\"1200\" height=\"899\" src=\"https:\/\/eimtech.eu\/wp-content\/uploads\/2023\/03\/DJI_0119.jpg\" class=\"attachment-full size-full wp-image-1973\" alt=\"\" srcset=\"https:\/\/eimtech.eu\/wp-content\/uploads\/2023\/03\/DJI_0119.jpg 1200w, https:\/\/eimtech.eu\/wp-content\/uploads\/2023\/03\/DJI_0119-300x225.jpg 300w, https:\/\/eimtech.eu\/wp-content\/uploads\/2023\/03\/DJI_0119-1024x767.jpg 1024w, https:\/\/eimtech.eu\/wp-content\/uploads\/2023\/03\/DJI_0119-768x575.jpg 768w\" sizes=\"(max-width: 1200px) 100vw, 1200px\" \/>\t\t\t\t\t\t\t\t\t\t\t<figcaption class=\"widget-image-caption wp-caption-text\">Centre de recherche KEZO (Pologne)<\/figcaption>\n\t\t\t\t\t\t\t\t\t\t<\/figure>\n\t\t\t\t\t\t\t\t\t<\/div>\n\t\t\t\t<\/div>\n\t\t\t\t\t<\/div>\n\t\t<\/div>\n\t\t\t\t<div class=\"elementor-column elementor-col-33 elementor-inner-column elementor-element elementor-element-3d3819a\" data-id=\"3d3819a\" data-element_type=\"column\" data-e-type=\"column\">\n\t\t\t<div class=\"elementor-widget-wrap elementor-element-populated\">\n\t\t\t\t\t\t<div class=\"elementor-element elementor-element-5bb6935 elementor-widget elementor-widget-image\" data-id=\"5bb6935\" data-element_type=\"widget\" data-e-type=\"widget\" data-widget_type=\"image.default\">\n\t\t\t\t<div class=\"elementor-widget-container\">\n\t\t\t\t\t\t\t\t\t\t\t\t<figure class=\"wp-caption\">\n\t\t\t\t\t\t\t\t\t\t<img loading=\"lazy\" decoding=\"async\" width=\"1548\" height=\"1032\" src=\"https:\/\/eimtech.eu\/wp-content\/uploads\/2023\/03\/Grosschonau.jpg\" class=\"attachment-full size-full wp-image-1974\" alt=\"\" srcset=\"https:\/\/eimtech.eu\/wp-content\/uploads\/2023\/03\/Grosschonau.jpg 1548w, https:\/\/eimtech.eu\/wp-content\/uploads\/2023\/03\/Grosschonau-300x200.jpg 300w, https:\/\/eimtech.eu\/wp-content\/uploads\/2023\/03\/Grosschonau-1024x683.jpg 1024w, https:\/\/eimtech.eu\/wp-content\/uploads\/2023\/03\/Grosschonau-768x512.jpg 768w, https:\/\/eimtech.eu\/wp-content\/uploads\/2023\/03\/Grosschonau-1536x1024.jpg 1536w\" sizes=\"(max-width: 1548px) 100vw, 1548px\" \/>\t\t\t\t\t\t\t\t\t\t\t<figcaption class=\"widget-image-caption wp-caption-text\">SONNENPLATZ (Autriche)<\/figcaption>\n\t\t\t\t\t\t\t\t\t\t<\/figure>\n\t\t\t\t\t\t\t\t\t<\/div>\n\t\t\t\t<\/div>\n\t\t\t\t\t<\/div>\n\t\t<\/div>\n\t\t\t\t<div class=\"elementor-column elementor-col-33 elementor-inner-column elementor-element elementor-element-2c9d040\" data-id=\"2c9d040\" data-element_type=\"column\" data-e-type=\"column\">\n\t\t\t<div class=\"elementor-widget-wrap elementor-element-populated\">\n\t\t\t\t\t\t<div class=\"elementor-element elementor-element-251aba7 elementor-widget elementor-widget-image\" data-id=\"251aba7\" data-element_type=\"widget\" data-e-type=\"widget\" data-widget_type=\"image.default\">\n\t\t\t\t<div class=\"elementor-widget-container\">\n\t\t\t\t\t\t\t\t\t\t\t\t<figure class=\"wp-caption\">\n\t\t\t\t\t\t\t\t\t\t<img loading=\"lazy\" decoding=\"async\" width=\"800\" height=\"532\" src=\"https:\/\/eimtech.eu\/wp-content\/uploads\/2023\/03\/ivo-corra16A_6990_resized.jpg\" class=\"attachment-full size-full wp-image-1972\" alt=\"\" srcset=\"https:\/\/eimtech.eu\/wp-content\/uploads\/2023\/03\/ivo-corra16A_6990_resized.jpg 800w, https:\/\/eimtech.eu\/wp-content\/uploads\/2023\/03\/ivo-corra16A_6990_resized-300x200.jpg 300w, https:\/\/eimtech.eu\/wp-content\/uploads\/2023\/03\/ivo-corra16A_6990_resized-768x511.jpg 768w\" sizes=\"(max-width: 800px) 100vw, 800px\" \/>\t\t\t\t\t\t\t\t\t\t\t<figcaption class=\"widget-image-caption wp-caption-text\">EURAC (Italie)<\/figcaption>\n\t\t\t\t\t\t\t\t\t\t<\/figure>\n\t\t\t\t\t\t\t\t\t<\/div>\n\t\t\t\t<\/div>\n\t\t\t\t\t<\/div>\n\t\t<\/div>\n\t\t\t\t\t<\/div>\n\t\t<\/section>\n\t\t\t\t\t<\/div>\n\t\t<\/div>\n\t\t\t\t\t<\/div>\n\t\t<\/section>\n\t\t\t\t<section class=\"elementor-section elementor-top-section elementor-element elementor-element-c48d1d4 elementor-section-boxed elementor-section-height-default elementor-section-height-default\" data-id=\"c48d1d4\" data-element_type=\"section\" data-e-type=\"section\">\n\t\t\t\t\t\t<div class=\"elementor-container elementor-column-gap-default\">\n\t\t\t\t\t<div class=\"elementor-column elementor-col-100 elementor-top-column elementor-element elementor-element-e70863f\" data-id=\"e70863f\" data-element_type=\"column\" data-e-type=\"column\">\n\t\t\t<div class=\"elementor-widget-wrap elementor-element-populated\">\n\t\t\t\t\t\t<div class=\"elementor-element elementor-element-d7d4dde elementor-align-center animated-slow elementor-invisible elementor-widget elementor-widget-button\" data-id=\"d7d4dde\" data-element_type=\"widget\" data-e-type=\"widget\" data-settings=\"{&quot;_animation&quot;:&quot;fadeIn&quot;}\" data-widget_type=\"button.default\">\n\t\t\t\t<div class=\"elementor-widget-container\">\n\t\t\t\t\t\t\t\t\t<div class=\"elementor-button-wrapper\">\n\t\t\t\t\t<a class=\"elementor-button elementor-button-link elementor-size-md\" href=\"https:\/\/eimtech.eu\/fr\/projects\/\">\n\t\t\t\t\t\t<span class=\"elementor-button-content-wrapper\">\n\t\t\t\t\t\t<span class=\"elementor-button-icon\">\n\t\t\t\t<i aria-hidden=\"true\" class=\"far fa-arrow-alt-circle-left\"><\/i>\t\t\t<\/span>\n\t\t\t\t\t\t\t\t\t<span class=\"elementor-button-text\">Retour aux projets<\/span>\n\t\t\t\t\t<\/span>\n\t\t\t\t\t<\/a>\n\t\t\t\t<\/div>\n\t\t\t\t\t\t\t\t<\/div>\n\t\t\t\t<\/div>\n\t\t\t\t\t<\/div>\n\t\t<\/div>\n\t\t\t\t\t<\/div>\n\t\t<\/section>\n\t\t\t\t<\/div>\n\t\t","protected":false},"excerpt":{"rendered":"<p>Hypergryd, r\u00e9seaux hybrides coupl\u00e9s pour des quartiers \u00e9nerg\u00e9tiques thermiques-\u00e9lectriques int\u00e9gr\u00e9s intelligents HYPERGRYD Projet financ\u00e9 par l\u2019UE, dont le budget s\u2019\u00e9l\u00e8ve \u00e0 5,9 millions d\u2019euros, Hypergryd d\u00e9veloppe des solutions logicielles int\u00e9gr\u00e9es rentables et \u00e9conomes en \u00e9nergie destin\u00e9es aux r\u00e9seaux thermiques, fond\u00e9es sur des actions interdisciplinaires, pour promouvoir l\u2019int\u00e9gration des r\u00e9seaux intelligents, le stockage de l\u2019\u00e9nergie et [&hellip;]<\/p>\n","protected":false},"author":1,"featured_media":0,"parent":2063,"menu_order":0,"comment_status":"closed","ping_status":"closed","template":"","meta":{"footnotes":""},"class_list":["post-2071","page","type-page","status-publish","hentry"],"_links":{"self":[{"href":"https:\/\/eimtech.eu\/fr\/wp-json\/wp\/v2\/pages\/2071","targetHints":{"allow":["GET"]}}],"collection":[{"href":"https:\/\/eimtech.eu\/fr\/wp-json\/wp\/v2\/pages"}],"about":[{"href":"https:\/\/eimtech.eu\/fr\/wp-json\/wp\/v2\/types\/page"}],"author":[{"embeddable":true,"href":"https:\/\/eimtech.eu\/fr\/wp-json\/wp\/v2\/users\/1"}],"replies":[{"embeddable":true,"href":"https:\/\/eimtech.eu\/fr\/wp-json\/wp\/v2\/comments?post=2071"}],"version-history":[{"count":0,"href":"https:\/\/eimtech.eu\/fr\/wp-json\/wp\/v2\/pages\/2071\/revisions"}],"up":[{"embeddable":true,"href":"https:\/\/eimtech.eu\/fr\/wp-json\/wp\/v2\/pages\/2063"}],"wp:attachment":[{"href":"https:\/\/eimtech.eu\/fr\/wp-json\/wp\/v2\/media?parent=2071"}],"curies":[{"name":"wp","href":"https:\/\/api.w.org\/{rel}","templated":true}]}}