{"id":2075,"date":"2023-02-24T08:44:04","date_gmt":"2023-02-24T08:44:04","guid":{"rendered":"https:\/\/dev.eimassociation.org\/projects\/hystore\/"},"modified":"2023-05-30T14:43:46","modified_gmt":"2023-05-30T14:43:46","slug":"hystore","status":"publish","type":"page","link":"https:\/\/eimtech.eu\/fr\/projects\/hystore\/","title":{"rendered":"Hystore"},"content":{"rendered":"\t\t<div data-elementor-type=\"wp-page\" data-elementor-id=\"2075\" class=\"elementor elementor-2075 elementor-356\" data-elementor-post-type=\"page\">\n\t\t\t\t\t\t<section class=\"elementor-section elementor-top-section elementor-element elementor-element-1d725a5 animated-slow elementor-section-boxed elementor-section-height-default elementor-section-height-default elementor-invisible\" data-id=\"1d725a5\" data-element_type=\"section\" data-e-type=\"section\" data-settings=\"{&quot;animation&quot;:&quot;fadeIn&quot;}\">\n\t\t\t\t\t\t<div class=\"elementor-container elementor-column-gap-default\">\n\t\t\t\t\t<div class=\"elementor-column elementor-col-100 elementor-top-column elementor-element elementor-element-14a0ba8\" data-id=\"14a0ba8\" data-element_type=\"column\" data-e-type=\"column\" data-settings=\"{&quot;background_background&quot;:&quot;classic&quot;}\">\n\t\t\t<div class=\"elementor-widget-wrap elementor-element-populated\">\n\t\t\t\t\t\t<div class=\"elementor-element elementor-element-ab9b3df elementor-absolute elementor-view-default elementor-widget elementor-widget-icon\" data-id=\"ab9b3df\" data-element_type=\"widget\" data-e-type=\"widget\" data-settings=\"{&quot;_position&quot;:&quot;absolute&quot;}\" data-widget_type=\"icon.default\">\n\t\t\t\t<div class=\"elementor-widget-container\">\n\t\t\t\t\t\t\t<div class=\"elementor-icon-wrapper\">\n\t\t\t<div class=\"elementor-icon\">\n\t\t\t<i aria-hidden=\"true\" class=\"icon icon-eimtriangulo\"><\/i>\t\t\t<\/div>\n\t\t<\/div>\n\t\t\t\t\t\t<\/div>\n\t\t\t\t<\/div>\n\t\t\t\t<section class=\"elementor-section elementor-inner-section elementor-element elementor-element-8284f03 elementor-section-boxed elementor-section-height-default elementor-section-height-default\" data-id=\"8284f03\" data-element_type=\"section\" data-e-type=\"section\">\n\t\t\t\t\t\t<div class=\"elementor-container elementor-column-gap-default\">\n\t\t\t\t\t<div class=\"elementor-column elementor-col-50 elementor-inner-column elementor-element elementor-element-5aca18a\" data-id=\"5aca18a\" data-element_type=\"column\" data-e-type=\"column\">\n\t\t\t<div class=\"elementor-widget-wrap elementor-element-populated\">\n\t\t\t\t\t\t<div class=\"elementor-element elementor-element-f05f747 elementor-widget elementor-widget-heading\" data-id=\"f05f747\" data-element_type=\"widget\" data-e-type=\"widget\" data-widget_type=\"heading.default\">\n\t\t\t\t<div class=\"elementor-widget-container\">\n\t\t\t\t\t<h2 class=\"elementor-heading-title elementor-size-default\">HYSTORE<\/h2>\t\t\t\t<\/div>\n\t\t\t\t<\/div>\n\t\t\t\t<div class=\"elementor-element elementor-element-8803cba elementor-widget elementor-widget-text-editor\" data-id=\"8803cba\" data-element_type=\"widget\" data-e-type=\"widget\" data-widget_type=\"text-editor.default\">\n\t\t\t\t<div class=\"elementor-widget-container\">\n\t\t\t\t\t\t\t\t\t<p>HYSTORE \u2013 Services hybrides de syst\u00e8mes avanc\u00e9s de stockage de l\u2019\u00e9nergie thermique<\/p>\n\t\t\t\t\t\t\t\t<\/div>\n\t\t\t\t<\/div>\n\t\t\t\t\t<\/div>\n\t\t<\/div>\n\t\t\t\t<div class=\"elementor-column elementor-col-50 elementor-inner-column elementor-element elementor-element-299d449\" data-id=\"299d449\" data-element_type=\"column\" data-e-type=\"column\">\n\t\t\t<div class=\"elementor-widget-wrap elementor-element-populated\">\n\t\t\t\t\t\t<div class=\"elementor-element elementor-element-1625fe5 elementor-widget elementor-widget-image\" data-id=\"1625fe5\" data-element_type=\"widget\" data-e-type=\"widget\" data-widget_type=\"image.default\">\n\t\t\t\t<div class=\"elementor-widget-container\">\n\t\t\t\t\t\t\t\t\t\t\t\t\t\t\t<img fetchpriority=\"high\" decoding=\"async\" width=\"1881\" height=\"1411\" src=\"https:\/\/eimtech.eu\/wp-content\/uploads\/2023\/05\/project-hystore.jpg\" class=\"attachment-full size-full wp-image-2013\" alt=\"\" srcset=\"https:\/\/eimtech.eu\/wp-content\/uploads\/2023\/05\/project-hystore.jpg 1881w, https:\/\/eimtech.eu\/wp-content\/uploads\/2023\/05\/elementor\/thumbs\/project-hystore-q60awqewvgz8lv3hj2hxdeoav9l4nj2lmj76g9aq4q.jpg 300w, https:\/\/eimtech.eu\/wp-content\/uploads\/2023\/05\/project-hystore-1024x768.jpg 1024w, https:\/\/eimtech.eu\/wp-content\/uploads\/2023\/05\/project-hystore-768x576.jpg 768w, https:\/\/eimtech.eu\/wp-content\/uploads\/2023\/05\/project-hystore-1536x1152.jpg 1536w\" sizes=\"(max-width: 1881px) 100vw, 1881px\" \/>\t\t\t\t\t\t\t\t\t\t\t\t\t\t\t<\/div>\n\t\t\t\t<\/div>\n\t\t\t\t\t<\/div>\n\t\t<\/div>\n\t\t\t\t\t<\/div>\n\t\t<\/section>\n\t\t\t\t<div class=\"elementor-element elementor-element-0a7aa45 elementor-absolute e-transform elementor-view-default elementor-widget elementor-widget-icon\" data-id=\"0a7aa45\" data-element_type=\"widget\" data-e-type=\"widget\" data-settings=\"{&quot;_position&quot;:&quot;absolute&quot;,&quot;_transform_rotateZ_effect&quot;:{&quot;unit&quot;:&quot;px&quot;,&quot;size&quot;:180,&quot;sizes&quot;:[]},&quot;_transform_rotateZ_effect_tablet&quot;:{&quot;unit&quot;:&quot;deg&quot;,&quot;size&quot;:&quot;&quot;,&quot;sizes&quot;:[]},&quot;_transform_rotateZ_effect_mobile&quot;:{&quot;unit&quot;:&quot;deg&quot;,&quot;size&quot;:&quot;&quot;,&quot;sizes&quot;:[]}}\" data-widget_type=\"icon.default\">\n\t\t\t\t<div class=\"elementor-widget-container\">\n\t\t\t\t\t\t\t<div class=\"elementor-icon-wrapper\">\n\t\t\t<div class=\"elementor-icon\">\n\t\t\t<i aria-hidden=\"true\" class=\"icon icon-eimtriangulo\"><\/i>\t\t\t<\/div>\n\t\t<\/div>\n\t\t\t\t\t\t<\/div>\n\t\t\t\t<\/div>\n\t\t\t\t\t<\/div>\n\t\t<\/div>\n\t\t\t\t\t<\/div>\n\t\t<\/section>\n\t\t\t\t<section class=\"elementor-section elementor-top-section elementor-element elementor-element-de038ea animated-slow elementor-section-boxed elementor-section-height-default elementor-section-height-default elementor-invisible\" data-id=\"de038ea\" data-element_type=\"section\" data-e-type=\"section\" data-settings=\"{&quot;animation&quot;:&quot;fadeIn&quot;}\">\n\t\t\t\t\t\t<div class=\"elementor-container elementor-column-gap-default\">\n\t\t\t\t\t<div class=\"elementor-column elementor-col-100 elementor-top-column elementor-element elementor-element-73455e1\" data-id=\"73455e1\" data-element_type=\"column\" data-e-type=\"column\">\n\t\t\t<div class=\"elementor-widget-wrap elementor-element-populated\">\n\t\t\t\t\t\t<div class=\"elementor-element elementor-element-9c56466 elementor-widget elementor-widget-heading\" data-id=\"9c56466\" data-element_type=\"widget\" data-e-type=\"widget\" data-widget_type=\"heading.default\">\n\t\t\t\t<div class=\"elementor-widget-container\">\n\t\t\t\t\t<h2 class=\"elementor-heading-title elementor-size-default\">HYSTORE<\/h2>\t\t\t\t<\/div>\n\t\t\t\t<\/div>\n\t\t\t\t<div class=\"elementor-element elementor-element-8603438 elementor-widget elementor-widget-text-editor\" data-id=\"8603438\" data-element_type=\"widget\" data-e-type=\"widget\" data-widget_type=\"text-editor.default\">\n\t\t\t\t<div class=\"elementor-widget-container\">\n\t\t\t\t\t\t\t\t\t<p>Le projet HYSTORE, financ\u00e9 par l\u2019UE \u00e0 hauteur de pr\u00e8s de 9 millions d\u2019euros, a pour objet principal de d\u00e9velopper et valider un ensemble de quatre nouveaux concepts de stockage de l\u2019\u00e9nergie thermique (Thermal Energy Storage ou TES), couvrant diff\u00e9rentes applications de chauffage\/refroidissement, configurations d\u2019eau chaude sanitaire (ECS), et \u00e9tablissant des conditions optimales pour la fourniture de services hybrides (\u00e9nergie et puissance) gr\u00e2ce au d\u00e9veloppement d\u2019un agr\u00e9gateur intelligent et d\u2019une plateforme multiservice en code libre.<\/p>\n<p><span style=\"color: var( --e-global-color-2880e41 ); font-size: 1rem;\">Ces \u00e9l\u00e9ments technologiques de pointe, les solutions PCM ALL-IN-ONE, PCM LOW-TEMP HEATING&amp;COOLING, PCM HEATING et TCM HEATING&amp;COOLING, permettront, gr\u00e2ce \u00e0 leurs applications, un progr\u00e8s technologique du stockage de l\u2019\u00e9nergie thermique (TES) et une r\u00e9duction significative de l\u2019effort de conception et d\u2019installation, qui int\u00e9grera le TES aux agr\u00e9gateurs de r\u00e9seau dans les b\u00e2timents individuels comme dans les communaut\u00e9s locales d\u2019\u00e9nergie connect\u00e9es ou non au syst\u00e8me de chauffage\/refroidissement urbain, avec un impact et un potentiel de r\u00e9plication \u00e9lev\u00e9s.<\/span><\/p>\n<p><span style=\"color: var( --e-global-color-2880e41 ); font-size: 1rem;\">HYSTORE couvre l\u2019ensemble de la cha\u00eene de valeur du stockage de l\u2019\u00e9nergie thermique pour une fonction de refroidissement et de chauffage, les technologies pour son interconnexion avec le r\u00e9seau et son fonctionnement optimal, en tirant parti de la flexibilit\u00e9 des ressources, dans le but de transformer le service auxiliaire du syst\u00e8me CVC en un syst\u00e8me de stockage thermique qui assurera le confort n\u00e9cessaire, et fournira au r\u00e9seau un couplage efficace du secteur \u00e9lectrique et thermique.<\/span><\/p>\n<p><span style=\"color: var( --e-global-color-2880e41 ); font-size: 1rem;\">These thermal energy storage solutions will meet an industrial and commercial market need, as well as providing complete assessment, consultation, design, installation and maintenance services for efficient projects with high energy saving capacity.<\/span><\/p>\n<p><span style=\"color: var( --e-global-color-2880e41 ); font-size: 1rem;\">Ce projet europ\u00e9en permettra d\u2019innover dans les syst\u00e8mes de stockage de l\u2019\u00e9nergie thermique (TES), consid\u00e9r\u00e9s comme aussi importants que l\u2019\u00e9nergie propre pour la protection de l\u2019environnement.<\/span><\/p>\n\t\t\t\t\t\t\t\t<\/div>\n\t\t\t\t<\/div>\n\t\t\t\t<div class=\"elementor-element elementor-element-6d8cd10 elementor-widget elementor-widget-heading\" data-id=\"6d8cd10\" data-element_type=\"widget\" data-e-type=\"widget\" data-widget_type=\"heading.default\">\n\t\t\t\t<div class=\"elementor-widget-container\">\n\t\t\t\t\t<span class=\"elementor-heading-title elementor-size-default\"><a href=\"http:\/\/www.hystore-project.eu\" target=\"_blank\" rel=\"noopener\">www.hystore-project.eu<\/a><\/span>\t\t\t\t<\/div>\n\t\t\t\t<\/div>\n\t\t\t\t\t<\/div>\n\t\t<\/div>\n\t\t\t\t\t<\/div>\n\t\t<\/section>\n\t\t\t\t<section class=\"elementor-section elementor-top-section elementor-element elementor-element-d86ff88 animated-slow elementor-section-boxed elementor-section-height-default elementor-section-height-default elementor-invisible\" data-id=\"d86ff88\" data-element_type=\"section\" data-e-type=\"section\" data-settings=\"{&quot;animation&quot;:&quot;fadeIn&quot;}\">\n\t\t\t\t\t\t<div class=\"elementor-container elementor-column-gap-default\">\n\t\t\t\t\t<div class=\"elementor-column elementor-col-100 elementor-top-column elementor-element elementor-element-296ce98\" data-id=\"296ce98\" data-element_type=\"column\" data-e-type=\"column\" data-settings=\"{&quot;background_background&quot;:&quot;classic&quot;}\">\n\t\t\t<div class=\"elementor-widget-wrap elementor-element-populated\">\n\t\t\t\t\t<div class=\"elementor-background-overlay\"><\/div>\n\t\t\t\t\t\t<section class=\"elementor-section elementor-inner-section elementor-element elementor-element-2a6941a elementor-section-boxed elementor-section-height-default elementor-section-height-default\" data-id=\"2a6941a\" data-element_type=\"section\" data-e-type=\"section\">\n\t\t\t\t\t\t<div class=\"elementor-container elementor-column-gap-default\">\n\t\t\t\t\t<div class=\"elementor-column elementor-col-100 elementor-inner-column elementor-element elementor-element-a2e6520\" data-id=\"a2e6520\" data-element_type=\"column\" data-e-type=\"column\">\n\t\t\t<div class=\"elementor-widget-wrap elementor-element-populated\">\n\t\t\t\t\t\t<div class=\"elementor-element elementor-element-c8ca866 elementor-widget elementor-widget-image\" data-id=\"c8ca866\" data-element_type=\"widget\" data-e-type=\"widget\" data-widget_type=\"image.default\">\n\t\t\t\t<div class=\"elementor-widget-container\">\n\t\t\t\t\t\t\t\t\t\t\t\t<figure class=\"wp-caption\">\n\t\t\t\t\t\t\t\t\t\t<img decoding=\"async\" width=\"2250\" height=\"892\" src=\"https:\/\/eimtech.eu\/wp-content\/uploads\/2023\/05\/project-hystore2.jpg\" class=\"attachment-full size-full wp-image-2018\" alt=\"\" srcset=\"https:\/\/eimtech.eu\/wp-content\/uploads\/2023\/05\/project-hystore2.jpg 2250w, https:\/\/eimtech.eu\/wp-content\/uploads\/2023\/05\/project-hystore2-300x119.jpg 300w, https:\/\/eimtech.eu\/wp-content\/uploads\/2023\/05\/project-hystore2-1024x406.jpg 1024w, https:\/\/eimtech.eu\/wp-content\/uploads\/2023\/05\/project-hystore2-768x304.jpg 768w, https:\/\/eimtech.eu\/wp-content\/uploads\/2023\/05\/project-hystore2-1536x609.jpg 1536w, https:\/\/eimtech.eu\/wp-content\/uploads\/2023\/05\/project-hystore2-2048x812.jpg 2048w\" sizes=\"(max-width: 2250px) 100vw, 2250px\" \/>\t\t\t\t\t\t\t\t\t\t\t<figcaption class=\"widget-image-caption wp-caption-text\">Lorem ipsum dolor sit amet<\/figcaption>\n\t\t\t\t\t\t\t\t\t\t<\/figure>\n\t\t\t\t\t\t\t\t\t<\/div>\n\t\t\t\t<\/div>\n\t\t\t\t\t<\/div>\n\t\t<\/div>\n\t\t\t\t\t<\/div>\n\t\t<\/section>\n\t\t\t\t\t<\/div>\n\t\t<\/div>\n\t\t\t\t\t<\/div>\n\t\t<\/section>\n\t\t\t\t<section class=\"elementor-section elementor-top-section elementor-element elementor-element-6515c05 elementor-section-boxed elementor-section-height-default elementor-section-height-default\" data-id=\"6515c05\" data-element_type=\"section\" data-e-type=\"section\">\n\t\t\t\t\t\t<div class=\"elementor-container elementor-column-gap-default\">\n\t\t\t\t\t<div class=\"elementor-column elementor-col-100 elementor-top-column elementor-element elementor-element-f5e3de5\" data-id=\"f5e3de5\" data-element_type=\"column\" data-e-type=\"column\">\n\t\t\t<div class=\"elementor-widget-wrap elementor-element-populated\">\n\t\t\t\t\t\t<div class=\"elementor-element elementor-element-da23249 elementor-align-center animated-slow elementor-invisible elementor-widget elementor-widget-button\" data-id=\"da23249\" data-element_type=\"widget\" data-e-type=\"widget\" data-settings=\"{&quot;_animation&quot;:&quot;fadeIn&quot;}\" data-widget_type=\"button.default\">\n\t\t\t\t<div class=\"elementor-widget-container\">\n\t\t\t\t\t\t\t\t\t<div class=\"elementor-button-wrapper\">\n\t\t\t\t\t<a class=\"elementor-button elementor-button-link elementor-size-md\" href=\"https:\/\/eimtech.eu\/fr\/projects\/\">\n\t\t\t\t\t\t<span class=\"elementor-button-content-wrapper\">\n\t\t\t\t\t\t<span class=\"elementor-button-icon\">\n\t\t\t\t<i aria-hidden=\"true\" class=\"far fa-arrow-alt-circle-left\"><\/i>\t\t\t<\/span>\n\t\t\t\t\t\t\t\t\t<span class=\"elementor-button-text\">Retour aux projets<\/span>\n\t\t\t\t\t<\/span>\n\t\t\t\t\t<\/a>\n\t\t\t\t<\/div>\n\t\t\t\t\t\t\t\t<\/div>\n\t\t\t\t<\/div>\n\t\t\t\t\t<\/div>\n\t\t<\/div>\n\t\t\t\t\t<\/div>\n\t\t<\/section>\n\t\t\t\t<\/div>\n\t\t","protected":false},"excerpt":{"rendered":"<p>HYSTORE HYSTORE \u2013 Services hybrides de syst\u00e8mes avanc\u00e9s de stockage de l\u2019\u00e9nergie thermique HYSTORE Le projet HYSTORE, financ\u00e9 par l\u2019UE \u00e0 hauteur de pr\u00e8s de 9 millions d\u2019euros, a pour objet principal de d\u00e9velopper et valider un ensemble de quatre nouveaux concepts de stockage de l\u2019\u00e9nergie thermique (Thermal Energy Storage ou TES), couvrant diff\u00e9rentes applications [&hellip;]<\/p>\n","protected":false},"author":1,"featured_media":0,"parent":2063,"menu_order":0,"comment_status":"closed","ping_status":"closed","template":"","meta":{"footnotes":""},"class_list":["post-2075","page","type-page","status-publish","hentry"],"_links":{"self":[{"href":"https:\/\/eimtech.eu\/fr\/wp-json\/wp\/v2\/pages\/2075","targetHints":{"allow":["GET"]}}],"collection":[{"href":"https:\/\/eimtech.eu\/fr\/wp-json\/wp\/v2\/pages"}],"about":[{"href":"https:\/\/eimtech.eu\/fr\/wp-json\/wp\/v2\/types\/page"}],"author":[{"embeddable":true,"href":"https:\/\/eimtech.eu\/fr\/wp-json\/wp\/v2\/users\/1"}],"replies":[{"embeddable":true,"href":"https:\/\/eimtech.eu\/fr\/wp-json\/wp\/v2\/comments?post=2075"}],"version-history":[{"count":0,"href":"https:\/\/eimtech.eu\/fr\/wp-json\/wp\/v2\/pages\/2075\/revisions"}],"up":[{"embeddable":true,"href":"https:\/\/eimtech.eu\/fr\/wp-json\/wp\/v2\/pages\/2063"}],"wp:attachment":[{"href":"https:\/\/eimtech.eu\/fr\/wp-json\/wp\/v2\/media?parent=2075"}],"curies":[{"name":"wp","href":"https:\/\/api.w.org\/{rel}","templated":true}]}}