{"id":2082,"date":"2022-09-09T11:01:49","date_gmt":"2022-09-09T11:01:49","guid":{"rendered":"https:\/\/dev.eimassociation.org\/politique-de-protection-de-la-vie-privee\/"},"modified":"2023-05-30T11:38:30","modified_gmt":"2023-05-30T11:38:30","slug":"politique-de-protection-de-la-vie-privee","status":"publish","type":"page","link":"https:\/\/eimtech.eu\/fr\/politique-de-protection-de-la-vie-privee\/","title":{"rendered":"Politique de protection de la vie priv\u00e9e"},"content":{"rendered":"\t\t<div data-elementor-type=\"wp-page\" data-elementor-id=\"2082\" class=\"elementor elementor-2082 elementor-3\" data-elementor-post-type=\"page\">\n\t\t\t\t\t\t<section class=\"elementor-section elementor-top-section elementor-element elementor-element-3b07a89 elementor-section-boxed elementor-section-height-default elementor-section-height-default elementor-invisible\" data-id=\"3b07a89\" data-element_type=\"section\" data-e-type=\"section\" data-settings=\"{&quot;animation&quot;:&quot;fadeIn&quot;}\">\n\t\t\t\t\t\t<div class=\"elementor-container elementor-column-gap-default\">\n\t\t\t\t\t<div class=\"elementor-column elementor-col-100 elementor-top-column elementor-element elementor-element-0c6fadf\" data-id=\"0c6fadf\" data-element_type=\"column\" data-e-type=\"column\">\n\t\t\t<div class=\"elementor-widget-wrap elementor-element-populated\">\n\t\t\t\t\t\t<div class=\"elementor-element elementor-element-8c2d497 elementor-position-inline-start animated-slow elementor-mobile-position-inline-start elementor-view-default elementor-invisible elementor-widget elementor-widget-icon-box\" data-id=\"8c2d497\" data-element_type=\"widget\" data-e-type=\"widget\" data-settings=\"{&quot;_animation&quot;:&quot;fadeIn&quot;}\" data-widget_type=\"icon-box.default\">\n\t\t\t\t<div class=\"elementor-widget-container\">\n\t\t\t\t\t\t\t<div class=\"elementor-icon-box-wrapper\">\n\n\t\t\t\t\t\t<div class=\"elementor-icon-box-icon\">\n\t\t\t\t<span  class=\"elementor-icon\">\n\t\t\t\t<i aria-hidden=\"true\" class=\"icon icon-eimtriangulo\"><\/i>\t\t\t\t<\/span>\n\t\t\t<\/div>\n\t\t\t\n\t\t\t\t\t\t<div class=\"elementor-icon-box-content\">\n\n\t\t\t\t\t\t\t\t\t<h2 class=\"elementor-icon-box-title\">\n\t\t\t\t\t\t<span  >\n\t\t\t\t\t\t\tPolitique de protection de la vie priv\u00e9e\t\t\t\t\t\t<\/span>\n\t\t\t\t\t<\/h2>\n\t\t\t\t\n\t\t\t\t\n\t\t\t<\/div>\n\t\t\t\n\t\t<\/div>\n\t\t\t\t\t\t<\/div>\n\t\t\t\t<\/div>\n\t\t\t\t\t<\/div>\n\t\t<\/div>\n\t\t\t\t\t<\/div>\n\t\t<\/section>\n\t\t\t\t<section class=\"elementor-section elementor-top-section elementor-element elementor-element-5dfea049 animated-slow elementor-section-boxed elementor-section-height-default elementor-section-height-default elementor-invisible\" data-id=\"5dfea049\" data-element_type=\"section\" data-e-type=\"section\" data-settings=\"{&quot;animation&quot;:&quot;fadeIn&quot;}\">\n\t\t\t\t\t\t<div class=\"elementor-container elementor-column-gap-default\">\n\t\t\t\t\t<div class=\"elementor-column elementor-col-100 elementor-top-column elementor-element elementor-element-10258a28\" data-id=\"10258a28\" data-element_type=\"column\" data-e-type=\"column\">\n\t\t\t<div class=\"elementor-widget-wrap elementor-element-populated\">\n\t\t\t\t\t\t<div class=\"elementor-element elementor-element-2630c65 elementor-widget elementor-widget-text-editor\" data-id=\"2630c65\" data-element_type=\"widget\" data-e-type=\"widget\" data-widget_type=\"text-editor.default\">\n\t\t\t\t<div class=\"elementor-widget-container\">\n\t\t\t\t\t\t\t\t\t<h2>1. Donn\u00e9es de la personne en charge du dossier<\/h2>\n<ul>\n<li><strong>Identit\u00e9:<\/strong> EUROPEAN INNOVATION MARKETPLACE (EIM) \u2013 Num\u00e9ro de TVA : : BE-0746474089<\/li>\n<li><strong>Adresse\/C. P:<\/strong> Rue de Tr\u00e8ves, 49 Box 7, B-1040 BRUXELLES \u2013 Belgique<\/li>\n<li><strong>Courriel: <\/strong>info@eimtech.eu<\/li>\n<\/ul>\n<h2> <\/h2>\n<h2>2. Finalit\u00e9s du traitement<\/h2>\n<p>Nous vous informons que les donn\u00e9es que vous nous fournissez par quelque moyen que ce soit (page web, e-mail, formulaires papier, et\/ou tout autre document) seront incorpor\u00e9es dans un fichier appartenant \u00e0 EUROPEAN INNOVATION MARKETPLACE.<\/p>\n<p>L&rsquo;EUROPEAN INNOVATION MARKETPLACE traitera les informations fournies par les personnes int\u00e9ress\u00e9es dans les buts suivants:<\/p>\n<ul>\n<li><strong>G\u00e9rer tout type de demande, suggestion ou requ\u00eate<\/strong> concernant nos services professionnels que les personnes int\u00e9ress\u00e9es nous adressent.<\/li>\n<li><strong>Communications commerciales:<\/strong> Traitement de vos donn\u00e9es afin de vous informer par courrier \u00e9lectronique des activit\u00e9s, des articles d&rsquo;int\u00e9r\u00eat et des informations g\u00e9n\u00e9rales sur nos services.<\/li>\n<\/ul>\n<ul>\n<li><strong>Gestion des donn\u00e9es fournies par les candidats \u00e0 un emploi par le biais du Curriculum Vitae (CV)<\/strong> ou du formulaire fourni dans la section \u00ab\u00a0Travaillez avec nous\u00a0\u00bb, aux fins du processus de s\u00e9lection et de recrutement. Vous autorisez express\u00e9ment EUROPEAN INNOVATION MARKETPLACE \u00e0 proc\u00e9der au traitement de vos donn\u00e9es pour la finalit\u00e9 indiqu\u00e9e. L&rsquo;EUROP\u00c9ENNE D&rsquo;INNOVATION traitera vos donn\u00e9es et les informations fournies dans le cadre des processus de s\u00e9lection avec la plus stricte confidentialit\u00e9, en adoptant les mesures techniques et organisationnelles n\u00e9cessaires pour pr\u00e9venir la perte, l&rsquo;utilisation abusive, l&rsquo;alt\u00e9ration et\/ou l&rsquo;acc\u00e8s non autoris\u00e9. Conservation des donn\u00e9es : Nous vous informons \u00e9galement que le MARCH\u00c9 EUROP\u00c9EN DE L&rsquo;INNOVATION peut conserver votre curriculum vitae pendant une p\u00e9riode maximale de deux ans, apr\u00e8s quoi il sera automatiquement d\u00e9truit, conform\u00e9ment au principe de qualit\u00e9 des donn\u00e9es.<\/li>\n<li><strong>Remise des communications promotionnelles par voie \u00e9lectronique et des bulletins d&rsquo;information : Traitement de vos donn\u00e9es afin de vous informer de nos services, offres, promotions et articles ou contenus (newsletter, e-book), susceptibles de vous int\u00e9resser, par voie \u00e9lectronique (e- mail, SMS, WhatsApp) et\/ou t\u00e9l\u00e9phonique.<\/strong><\/li>\n<\/ul>\n<p>Les personnes int\u00e9ress\u00e9es peuvent se d\u00e9sinscrire de ces communications \u00e0 l&rsquo;adresse \u00e9lectronique suivante : info@eimtech.eu.<\/p>\n<p> <\/p>\n<h2>3. L\u00e9gitimation<\/h2>\n<p>La base juridique du traitement des donn\u00e9es est le consentement des personnes int\u00e9ress\u00e9es pour le traitement et la gestion de toute demande d&rsquo;information ou requ\u00eate concernant nos services professionnels, ainsi que pour l&rsquo;envoi de communications commerciales effectu\u00e9es par EUROPEAN INNOVATION MARKETPLACE.<\/p>\n<p> <\/p>\n<h2>4. Comment obtenons-nous vos donn\u00e9es ?<\/h2>\n<p>L&rsquo;EUROPEAN INNOVATION MARKETPLACE obtient ses donn\u00e9es des sources suivantes :<\/p>\n<ol>\n<li>Lorsque l&rsquo;utilisateur contacte EIM pour demander une information, une suggestion ou une requ\u00eate.<\/li>\n<\/ol>\n<ol start=\"2\">\n<li>Lorsque l&rsquo;utilisateur contacte EIM dans le but de transmettre son CV pour postuler \u00e0 un emploi.<\/li>\n<\/ol>\n<p>En particulier, les donn\u00e9es que nous traiterons comprennent les cat\u00e9gories suivantes : donn\u00e9es d&rsquo;identification, donn\u00e9es relatives \u00e0 vos caract\u00e9ristiques personnelles et \u00e0 votre situation sociale, donn\u00e9es acad\u00e9miques et professionnelles, informations commerciales.<\/p>\n<p> <\/p>\n<h2>5. Combien de temps conserverons-nous vos donn\u00e9es ?<\/h2>\n<p>Nous traiterons vos donn\u00e9es personnelles aussi longtemps que n\u00e9cessaire aux fins pour lesquelles elles ont \u00e9t\u00e9 collect\u00e9es. Si vous r\u00e9siliez tous les contrats, vous pourrez :<\/p>\n<ol>\n<li>Maintenir votre consentement au d\u00e9veloppement d&rsquo;actions commerciales : nous traiterons vos donn\u00e9es pour les actions commerciales auxquelles vous avez consenti. Nous consid\u00e9rerons que vous avez choisi cette option si vous ne r\u00e9voquez pas express\u00e9ment votre consentement.<\/li>\n<\/ol>\n<ol start=\"2\">\n<li>R\u00e9voquer le consentement au d\u00e9veloppement d&rsquo;actions commerciales : nous annulerons vos donn\u00e9es en les bloquant.<\/li>\n<\/ol>\n<p>Avec ce blocage, le MARCH\u00c9 EUROP\u00c9EN DE L&rsquo;INNOVATION n&rsquo;aura pas acc\u00e8s \u00e0 vos donn\u00e9es et ne les traitera que pour les mettre \u00e0 la disposition des administrations publiques, des juges et des tribunaux comp\u00e9tents ou du minist\u00e8re public, pour l&rsquo;attention des \u00e9ventuelles responsabilit\u00e9s li\u00e9es au traitement des donn\u00e9es, en particulier pour l&rsquo;exercice et la d\u00e9fense de r\u00e9clamations aupr\u00e8s de l&rsquo;Agence belge de protection des donn\u00e9es (APD). Nous conserverons vos donn\u00e9es bloqu\u00e9es pendant les p\u00e9riodes \u00e9tablies dans les dispositions applicables ou, le cas \u00e9ch\u00e9ant, dans les relations contractuelles entretenues avec le MARCH\u00c9 EUROP\u00c9EN DE L&rsquo;INNOVATION, en proc\u00e9dant \u00e0 la suppression physique de vos donn\u00e9es une fois lesdites p\u00e9riodes \u00e9coul\u00e9es.<\/p>\n<p> <\/p>\n<h2>6. Destinataires<\/h2>\n<p>Aucune donn\u00e9e personnelle n&rsquo;est transf\u00e9r\u00e9e \u00e0 des tiers, sauf disposition l\u00e9gale. Il n&rsquo;y a pas non plus de transferts internationaux de donn\u00e9es vers des pays tiers.<\/p>\n<p>En tant que responsables du traitement, nous avons fait appel aux prestataires de services suivants, qui se sont engag\u00e9s \u00e0 respecter les dispositions r\u00e9glementaires applicables en mati\u00e8re de protection des donn\u00e9es, au moment de la conclusion du contrat :<\/p>\n<ul>\n<li>Organismes publics, Agence fiscale, Juges et Tribunaux et, en g\u00e9n\u00e9ral, Autorit\u00e9s comp\u00e9tentes, lorsque le MARCH\u00c9 EUROP\u00c9EN DE L&rsquo;INNOVATION a l&rsquo;obligation l\u00e9gale de les fournir.<\/li>\n<li>Google LLC, dont l&rsquo;adresse est 1600 Amphitheater Parkway, 94043, Mountain View (Californie), \u00c9tats-Unis, qui fournit des services de gestion analytique.<br>Vous pouvez consulter la politique de confidentialit\u00e9 et les autres aspects juridiques de ladite soci\u00e9t\u00e9 sur le lien suivant : <a href=\"https:\/\/www.google.com\/intl\/es\/policies\/privacy\/\" target=\"_blank\" rel=\"noopener\">https:\/\/www.google.com\/intl\/es\/policies\/privacy\/<br><\/a>Google participe et a certifi\u00e9 sa conformit\u00e9 au cadre de l&rsquo;accord entre les \u00c9tats-Unis et l&rsquo;Union europ\u00e9enne appel\u00e9 Privacy Shield, en s&rsquo;engageant \u00e0 soumettre toutes les informations personnelles re\u00e7ues des pays membres de l&rsquo;Union europ\u00e9enne aux principes d\u00e9riv\u00e9s du Privacy Shield.<br>Vous pouvez obtenir plus d&rsquo;informations sur le bouclier de protection de la vie priv\u00e9e sur le site du minist\u00e8re am\u00e9ricain du commerce : <a href=\"https:\/\/www.privacyshield.gov\/welcome\" target=\"_blank\" rel=\"noopener\">https:\/\/www.privacyshield.gov\/welcome<br><\/a> Vous pouvez \u00e9galement v\u00e9rifier l&rsquo;adh\u00e9sion de Google au Privacy Shield en cliquant sur le lien suivant : <a href=\"https:\/\/www.privacyshield.gov\/participant?id=a2zt000000001L5AAI&amp;status=Active\" target=\"_blank\" rel=\"noopener\">https:\/\/www.privacyshield.gov\/participant?id=a2zt000000001L5AAI&amp;status=Active<\/a><\/li>\n<\/ul>\n<ul>\n<li>Twitter, dont l&rsquo;adresse est 1355 Market Street, Suite 900 San Francisco, CA 94103. Vous pouvez consulter la politique de confidentialit\u00e9 et d&rsquo;autres aspects juridiques de ladite soci\u00e9t\u00e9 sur le lien suivant : https:\/\/twitter.com\/es\/privacy <a href=\"https:\/\/twitter.com\/es\/privacy\" target=\"_blank\" rel=\"noopener\">https:\/\/twitter.com\/es\/privacy<br><\/a>Twitter participe et a certifi\u00e9 sa conformit\u00e9 au cadre de l&rsquo;accord entre les \u00c9tats-Unis et l&rsquo;Union europ\u00e9enne appel\u00e9 Privacy Shield, en s&rsquo;engageant \u00e0 soumettre toutes les informations personnelles re\u00e7ues des pays membres de l&rsquo;Union europ\u00e9enne aux principes d\u00e9riv\u00e9s du Privacy Shield.<br>Vous pouvez obtenir plus d&rsquo;informations sur le Privacy Shield sur le site du minist\u00e8re am\u00e9ricain du commerce : <a href=\"https:\/\/www.privacyshield.gov\/welcome\" target=\"_blank\" rel=\"noopener\">https:\/\/www.privacyshield.gov\/welcome<\/a><\/li>\n<li>CloudFlare, domicili\u00e9 \u00e0. The Riverside Building, County Hall,<br>Belvedere Road<br>London, SE1 7PB La politique de confidentialit\u00e9 peut \u00eatre consult\u00e9e \u00e0 l&rsquo;adresse suivante : <a href=\"https:\/\/www.cloudflare.com\/es-es\/privacypolicy\/\" target=\"_blank\" rel=\"noopener\">https:\/\/www.cloudflare.com\/es-es\/privacypolicy\/<\/a> Cloudflare participe et a certifi\u00e9 sa conformit\u00e9 au cadre de l&rsquo;accord entre les \u00c9tats-Unis et l&rsquo;Union europ\u00e9enne appel\u00e9 Privacy Shield, s&rsquo;\u00e9tant engag\u00e9 \u00e0 soumettre toutes les informations personnelles re\u00e7ues des pays membres de l&rsquo;Union europ\u00e9enne aux principes d\u00e9riv\u00e9s du Privacy Shield.<br>Vous pouvez obtenir plus d&rsquo;informations sur le Privacy Shield sur le site web<\/li>\n<li>Microsoft, dont l&rsquo;adresse est 1065 La Avenida St, Mountain View, CA 94043, \u00c9tats-Unis. La politique de confidentialit\u00e9 peut \u00eatre consult\u00e9e \u00e0 l&rsquo;adresse suivante : <a href=\"https:\/\/privacy.microsoft.com\/es-es\/privacystatement\" target=\"_blank\" rel=\"noopener\">https:\/\/privacy.microsoft.com\/es-es\/privacystatement<\/a>. Microsoft participe et a certifi\u00e9 sa conformit\u00e9 au cadre de l&rsquo;accord entre les \u00c9tats-Unis et l&rsquo;Union europ\u00e9enne appel\u00e9 Privacy Shield, en s&rsquo;engageant \u00e0 soumettre toutes les informations personnelles re\u00e7ues des pays membres de l&rsquo;Union europ\u00e9enne aux principes d\u00e9riv\u00e9s du Privacy Shield.<br>Vous pouvez obtenir plus d&rsquo;informations sur le bouclier de protection de la vie priv\u00e9e sur le site web<\/li>\n<li>COMET GLOBAL INNOVATION, SL, avec C.I.F. : B66340514 et adresse \u00e0 Gran de Gracia, 1, 4 3, C.P. 08012 Barcelona. Fournit des services d&rsquo;h\u00e9bergement de serveurs web et de courrier \u00e9lectronique. Vous pouvez consulter la politique de confidentialit\u00e9 et d&rsquo;autres aspects juridiques de cette soci\u00e9t\u00e9 sur le lien suivant : <a href=\"https:\/\/comet.technology\/privacy-policy\/\" target=\"_blank\" rel=\"noopener\">https:\/\/comet.technology\/privacy-policy\/<\/a><\/li>\n<\/ul>\n<p>Le MARCH\u00c9 DE L&rsquo;INNOVATION EUROP\u00c9EN applique des crit\u00e8res stricts pour la s\u00e9lection des prestataires de services afin de respecter ses obligations en mati\u00e8re de protection des donn\u00e9es et s&rsquo;engage \u00e0 signer avec eux le contrat de traitement des donn\u00e9es correspondant par lequel il leur imposera, entre autres, les obligations suivantes : appliquer les mesures techniques et organisationnelles appropri\u00e9es ; traiter les donn\u00e9es personnelles aux fins convenues et conform\u00e9ment aux seules instructions document\u00e9es du MARCH\u00c9 DE L&rsquo;INNOVATION EUROP\u00c9EN, et supprimer ou renvoyer les donn\u00e9es au MARCH\u00c9 DE L&rsquo;INNOVATION EUROP\u00c9EN une fois que la prestation de services est termin\u00e9e.<\/p>\n<p> <\/p>\n<h2>7. Origine des donn\u00e9es<\/h2>\n<p>Les donn\u00e9es personnelles sont obtenues directement aupr\u00e8s des personnes int\u00e9ress\u00e9es et de nos collaborateurs. Les cat\u00e9gories de donn\u00e9es personnelles fournies par nos collaborateurs sont les suivantes :<\/p>\n<ul>\n<li>Donn\u00e9es d&rsquo;identification.<\/li>\n<li>Adresses postales ou \u00e9lectroniques.<\/li>\n<li>Donn\u00e9es bancaires.<\/li>\n<\/ul>\n<p>Les donn\u00e9es sp\u00e9cialement prot\u00e9g\u00e9es ne sont pas trait\u00e9es.<\/p>\n<p> <\/p>\n<h2>8. Droit d&rsquo;acc\u00e8s, de rectification et de suppression<\/h2>\n<p><strong>Droit d&rsquo;acc\u00e8s, de rectification et de suppression:<\/strong> Les personnes int\u00e9ress\u00e9es ont le droit d&rsquo;obtenir la confirmation que nous traitons des donn\u00e9es \u00e0 caract\u00e8re personnel . Les personnes int\u00e9ress\u00e9es ont le droit d&rsquo;obtenir la confirmation que nous traitons des donn\u00e9es \u00e0 caract\u00e8re personnel, ainsi que de demander la rectification des donn\u00e9es inexactes ou, le cas \u00e9ch\u00e9ant, de demander leur suppression lorsque, entre autres raisons, les donn\u00e9es ne sont plus n\u00e9cessaires aux fins pour lesquelles elles ont \u00e9t\u00e9 collect\u00e9es.<\/p>\n<p><strong>Droit de limitation et d&rsquo;opposition :<\/strong> Dans certaines circonstances, les int\u00e9ress\u00e9s peuvent demander la limitation du traitement de leurs donn\u00e9es, auquel cas nous ne les conserverons que pour l&rsquo;exercice ou la d\u00e9fense de r\u00e9clamations. Dans certaines circonstances et pour des raisons li\u00e9es \u00e0 leur situation particuli\u00e8re, les int\u00e9ress\u00e9s peuvent s&rsquo;opposer au traitement de leurs donn\u00e9es. Le MARCH\u00c9 EUROP\u00c9EN DE L&rsquo;INNOVATION cessera de traiter les donn\u00e9es, sauf pour des raisons l\u00e9gitimes imp\u00e9rieuses, ou pour l&rsquo;exercice ou la d\u00e9fense d&rsquo;\u00e9ventuelles r\u00e9clamations. Ces droits peuvent \u00eatre exerc\u00e9s par tout moyen de communication \u00e0 l&rsquo;encontre de l&rsquo;EUROPEAN INNOVATION MARKETPLACE, \u00e0 l&rsquo;adresse indiqu\u00e9e ci-dessus, en joignant une photocopie de la carte d&rsquo;identit\u00e9 du titulaire des donn\u00e9es ou \u00e0 l&rsquo;adresse \u00e9lectronique info@eimtech.eu.<\/p>\n<p><strong>Mises \u00e0 jour et modifications<\/strong><\/p>\n<p>Le MARCH\u00c9 EUROP\u00c9EN DE L&rsquo;INNOVATION se r\u00e9serve le droit de modifier et\/ou de mettre \u00e0 jour les informations relatives \u00e0 la protection des donn\u00e9es lorsque cela s&rsquo;av\u00e8re n\u00e9cessaire pour se conformer au r\u00e8glement sur la protection des donn\u00e9es. En cas de modification, le nouveau texte sera publi\u00e9 sur cette page, o\u00f9 vous pourrez acc\u00e9der \u00e0 la politique actuelle. Dans tous les cas, les relations avec les utilisateurs seront r\u00e9gies par les r\u00e8gles \u00e9tablies au moment pr\u00e9cis de l&rsquo;acc\u00e8s au site web.<\/p>\n<p><strong>Canal de communication et assistance<\/strong><\/p>\n<p>Les personnes int\u00e9ress\u00e9es peuvent communiquer toute question relative au traitement de leurs donn\u00e9es personnelles ou \u00e0 l&rsquo;interpr\u00e9tation de notre politique \u00e0 l&rsquo;adresse suivante : info@eimtech.eu<\/p>\n<p> <\/p>\n<h2>9. Responsabilit\u00e9 et obligations du fournisseur<\/h2>\n<p><strong>Responsabilit\u00e9s concernant le contenu<\/strong><\/p>\n<p>Le contenu de ce site web est de nature g\u00e9n\u00e9rale et a un but exclusivement informatif et des effets de nos services et de notre activit\u00e9 commerciale.<\/p>\n<p>EUROPEAN INNOVATION MARKETPLACE d\u00e9cline toute responsabilit\u00e9 quant \u00e0 toute d\u00e9cision prise par l&rsquo;utilisateur du site \u00e0 la suite des informations qu&rsquo;il contient.<\/p>\n<p>EUROPEAN INNOVATION MARKETPLACE d\u00e9cline toute responsabilit\u00e9 pour toute information non pr\u00e9par\u00e9e par EUROPEAN INNOVATION MARKETPLACE ou non publi\u00e9e de mani\u00e8re autoris\u00e9e par elle sous son nom, ainsi que la responsabilit\u00e9 d\u00e9coulant de l&rsquo;utilisation abusive du contenu, de m\u00eame que le droit de mettre \u00e0 jour, de supprimer, de limiter ou d&#8217;emp\u00eacher l&rsquo;acc\u00e8s \u00e0 ces informations, de mani\u00e8re temporaire ou d\u00e9finitive.<\/p>\n<p><strong>Responsabilit\u00e9 concernant les liens vers d&rsquo;autres pages web (liens)<\/strong><\/p>\n<p>Les liens introduits dans www.eimtech.eu ont un caract\u00e8re purement informatif et, par cons\u00e9quent, EUROPEAN INNOVATION MARKETPLACE ne contr\u00f4le ni ne v\u00e9rifie les informations, le contenu, les produits ou les services fournis par le biais de ces sites web. Par cons\u00e9quent, le MARCH\u00c9 EUROP\u00c9EN DE L&rsquo;INNOVATION d\u00e9cline toute responsabilit\u00e9 pour tout aspect, en particulier le contenu, li\u00e9 \u00e0 cette page.<\/p>\n<p><strong>Responsabilit\u00e9 dans le cas o\u00f9 cette page est la destination du lien ins\u00e9r\u00e9 dans une autre page<\/strong><\/p>\n<p>En ce qui concerne les liens \u00e9tablis par d&rsquo;autres pages vers ce site, et si un utilisateur, une entit\u00e9 ou une page web souhaite \u00e9tablir un lien quelconque vers le MARCH\u00c9 EUROP\u00c9EN DE L&rsquo;INNOVATION, il doit respecter les dispositions suivantes :<\/p>\n<p>L&rsquo;autorisation doit \u00eatre demand\u00e9e avant l&rsquo;\u00e9tablissement du lien et son octroi doit \u00eatre express\u00e9ment mentionn\u00e9. On ne peut aller que sur la page d&rsquo;accueil.<\/p>\n<p>Le lien doit \u00eatre absolu et complet, c&rsquo;est-\u00e0-dire qu&rsquo;il doit amener l&rsquo;utilisateur \u00e0 l&rsquo;adresse du MARCH\u00c9 EUROP\u00c9EN DE L&rsquo;INNOVATION et couvrir enti\u00e8rement l&rsquo;\u00e9cran de la page d&rsquo;accueil. En aucun cas, sauf autorisation expresse et \u00e9crite de l&rsquo;EUROP\u00c9ENNE D&rsquo;INNOVATION, la page qui \u00e9tablit le lien ne peut reproduire le site de l&rsquo;EUROP\u00c9ENNE D&rsquo;INNOVATION de quelque mani\u00e8re que ce soit, l&rsquo;inclure comme partie de son site ou dans l&rsquo;un de ses cadres ou cr\u00e9er un navigateur sur l&rsquo;une quelconque des pages web.<\/p>\n<p>Aucun type d&rsquo;indication erron\u00e9e ou incorrecte ne sera donn\u00e9 sur la page du site du EUROPEAN INNOVATION MARKETPLACE.<\/p>\n<p>L&rsquo;inclusion de tout signe distinctif du site du MARCH\u00c9 DE L&rsquo;INNOVATION EUROP\u00c9ENNE, tel que marque, logo, d\u00e9nomination, doit faire l&rsquo;objet d&rsquo;une autorisation \u00e9crite.<\/p>\n<p>Le propri\u00e9taire de la page qui propose le lien doit agir de bonne foi et ne pas avoir l&rsquo;intention d&rsquo;affecter n\u00e9gativement la r\u00e9putation ou la bonne renomm\u00e9e du PACIFIQUE EUROP\u00c9EN DE L&rsquo;INNOVATION.<\/p>\n<p>Sauf autorisation expresse d&rsquo;EUROPEAN INNOVATION MARKETPLACE, il est interdit d&rsquo;enregistrer les \u00e9l\u00e9ments textuels de la marque ou du logo, du nom de domaine ou de la raison sociale d&rsquo;EUROPEAN INNOVATION MARKETPLACE comme mot-cl\u00e9 (metatags ou metanames) pour la recherche de sites web effectu\u00e9e par le biais de moteurs de recherche.<\/p>\n<p>Le MARCH\u00c9 EUROP\u00c9EN DE L&rsquo;INNOVATION n&rsquo;assume aucune responsabilit\u00e9 pour tout aspect li\u00e9 \u00e0 la page web qui offre le lien. L&rsquo;\u00e9tablissement du lien n&rsquo;implique l&rsquo;existence d&rsquo;aucun type de relation, de collaboration ou de d\u00e9pendance de la part du MARCH\u00c9 DE L&rsquo;INNOVATION EUROP\u00c9EN avec le propri\u00e9taire de la page web en question.<\/p>\n<p><strong>Responsabilit\u00e9 des aspects techniques<\/strong><\/p>\n<p>L&rsquo;EUROPEAN INNOVATION MARKETPLACE ne garantit pas la continuit\u00e9 du fonctionnement du site web, ni qu&rsquo;il soit op\u00e9rationnel et disponible \u00e0 tout moment.<\/p>\n<p>Le MARCH\u00c9 EUROP\u00c9EN DE L&rsquo;INNOVATION n&rsquo;est pas responsable des dommages directs ou indirects, y compris les dommages caus\u00e9s aux syst\u00e8mes informatiques et l&rsquo;introduction de virus existants dans le r\u00e9seau, d\u00e9coulant de la navigation sur Internet n\u00e9cessaire \u00e0 l&rsquo;utilisation de ce site web.<\/p>\n<p><strong>Obligation des utilisateurs<\/strong><\/p>\n<p>L&rsquo;utilisateur sera responsable des dommages que l&rsquo;EUROPEAN INNOVATION MARKETPLACE pourrait subir du fait de la violation de l&rsquo;une quelconque des obligations d\u00e9termin\u00e9es dans le pr\u00e9sent avis juridique.<\/p>\n<p>En ce qui concerne la navigation, l&rsquo;utilisateur s&rsquo;engage \u00e0 observer avec diligence et fid\u00e9lit\u00e9 les recommandations \u00e9tablies par EUROPEAN INNOVATION MARKETPLACE concernant l&rsquo;utilisation du site. A cet effet, les utilisateurs du site EUROPEAN INNOVATION MARKETPLACE seront adress\u00e9s par tout moyen de communication \u00e0 travers le site.<\/p>\n<p> <\/p>\n<h2>10. Dur\u00e9e et modification<\/h2>\n<p>EUROPEAN INNOVATION MARKETPLACE Vous aurez le droit de modifier unilat\u00e9ralement, totalement ou partiellement, les termes et conditions stipul\u00e9s ici. Toute modification appara\u00eetra sous la m\u00eame forme que dans le pr\u00e9sent avis juridique.<\/p>\n<p>La validit\u00e9 temporaire de cet avis l\u00e9gal co\u00efncide donc avec le moment de son exposition, jusqu&rsquo;\u00e0 ce qu&rsquo;il soit totalement ou partiellement modifi\u00e9 par EUROPEAN INNOVATION MARKETPLACE.<\/p>\n<p>L&rsquo;EUROPEAN INNOVATION MARKETPLACE peut unilat\u00e9ralement r\u00e9silier, suspendre ou interrompre le fonctionnement de ce site web, sans qu&rsquo;il soit possible de demander une quelconque compensation \u00e0 l&rsquo;utilisateur. Apr\u00e8s une telle r\u00e9siliation, l&rsquo;utilisateur doit d\u00e9truire toute information sur la soci\u00e9t\u00e9 EUROPEAN INNOVATION MARKETPLACE qu&rsquo;il d\u00e9tient sous quelque format que ce soit et qu&rsquo;il a obtenue par le biais du site ou par des communications individuelles faites \u00e0 l&rsquo;utilisateur par cette soci\u00e9t\u00e9.<\/p>\n<p> <\/p>\n<h2>11. L\u00e9gislation et juridiction<\/h2>\n<p>Les pr\u00e9sentes conditions d&rsquo;utilisation sont r\u00e9gies par le droit belge.<\/p>\n<p>Les utilisateurs et la soci\u00e9t\u00e9 EUROPEAN INNOVATION MARKETPLACE soumettent toute interpr\u00e9tation ou tout conflit pouvant d\u00e9couler des pr\u00e9sentes mentions l\u00e9gales aux Cours et Tribunaux de BRUXELLES.<\/p>\n<p> <\/p>\t\t\t\t\t\t\t\t<\/div>\n\t\t\t\t<\/div>\n\t\t\t\t\t<\/div>\n\t\t<\/div>\n\t\t\t\t\t<\/div>\n\t\t<\/section>\n\t\t\t\t<\/div>\n\t\t","protected":false},"excerpt":{"rendered":"<p>1. Donn\u00e9es de la personne en charge du dossier Identit\u00e9: EUROPEAN INNOVATION MARKETPLACE (EIM) \u2013 Num\u00e9ro de TVA : : BE-0746474089 Adresse\/C. P: Rue de Tr\u00e8ves, 49 Box 7, B-1040 BRUXELLES \u2013 Belgique Courriel: info@eimtech.eu 2. Finalit\u00e9s du traitement Nous vous informons que les donn\u00e9es que vous nous fournissez par quelque moyen que ce soit [&hellip;]<\/p>\n","protected":false},"author":1,"featured_media":0,"parent":0,"menu_order":0,"comment_status":"closed","ping_status":"closed","template":"","meta":{"footnotes":""},"class_list":["post-2082","page","type-page","status-publish","hentry"],"_links":{"self":[{"href":"https:\/\/eimtech.eu\/fr\/wp-json\/wp\/v2\/pages\/2082","targetHints":{"allow":["GET"]}}],"collection":[{"href":"https:\/\/eimtech.eu\/fr\/wp-json\/wp\/v2\/pages"}],"about":[{"href":"https:\/\/eimtech.eu\/fr\/wp-json\/wp\/v2\/types\/page"}],"author":[{"embeddable":true,"href":"https:\/\/eimtech.eu\/fr\/wp-json\/wp\/v2\/users\/1"}],"replies":[{"embeddable":true,"href":"https:\/\/eimtech.eu\/fr\/wp-json\/wp\/v2\/comments?post=2082"}],"version-history":[{"count":0,"href":"https:\/\/eimtech.eu\/fr\/wp-json\/wp\/v2\/pages\/2082\/revisions"}],"wp:attachment":[{"href":"https:\/\/eimtech.eu\/fr\/wp-json\/wp\/v2\/media?parent=2082"}],"curies":[{"name":"wp","href":"https:\/\/api.w.org\/{rel}","templated":true}]}}