{"id":2086,"date":"2022-09-09T11:17:51","date_gmt":"2022-09-09T11:17:51","guid":{"rendered":"https:\/\/dev.eimassociation.org\/politique-en-matiere-de-cookies\/"},"modified":"2023-05-30T12:45:58","modified_gmt":"2023-05-30T12:45:58","slug":"politique-en-matiere-de-cookies","status":"publish","type":"page","link":"https:\/\/eimtech.eu\/fr\/politique-en-matiere-de-cookies\/","title":{"rendered":"Politique en mati\u00e8re de cookies"},"content":{"rendered":"\t\t<div data-elementor-type=\"wp-page\" data-elementor-id=\"2086\" class=\"elementor elementor-2086 elementor-35\" data-elementor-post-type=\"page\">\n\t\t\t\t\t\t<section class=\"elementor-section elementor-top-section elementor-element elementor-element-b6e45fa elementor-section-boxed elementor-section-height-default elementor-section-height-default elementor-invisible\" data-id=\"b6e45fa\" data-element_type=\"section\" data-e-type=\"section\" data-settings=\"{&quot;animation&quot;:&quot;fadeIn&quot;}\">\n\t\t\t\t\t\t<div class=\"elementor-container elementor-column-gap-default\">\n\t\t\t\t\t<div class=\"elementor-column elementor-col-100 elementor-top-column elementor-element elementor-element-7002877\" data-id=\"7002877\" data-element_type=\"column\" data-e-type=\"column\">\n\t\t\t<div class=\"elementor-widget-wrap elementor-element-populated\">\n\t\t\t\t\t\t<div class=\"elementor-element elementor-element-bb5078f elementor-position-inline-start animated-slow elementor-mobile-position-inline-start elementor-view-default elementor-invisible elementor-widget elementor-widget-icon-box\" data-id=\"bb5078f\" data-element_type=\"widget\" data-e-type=\"widget\" data-settings=\"{&quot;_animation&quot;:&quot;fadeIn&quot;}\" data-widget_type=\"icon-box.default\">\n\t\t\t\t<div class=\"elementor-widget-container\">\n\t\t\t\t\t\t\t<div class=\"elementor-icon-box-wrapper\">\n\n\t\t\t\t\t\t<div class=\"elementor-icon-box-icon\">\n\t\t\t\t<span  class=\"elementor-icon\">\n\t\t\t\t<i aria-hidden=\"true\" class=\"icon icon-eimtriangulo\"><\/i>\t\t\t\t<\/span>\n\t\t\t<\/div>\n\t\t\t\n\t\t\t\t\t\t<div class=\"elementor-icon-box-content\">\n\n\t\t\t\t\t\t\t\t\t<h2 class=\"elementor-icon-box-title\">\n\t\t\t\t\t\t<span  >\n\t\t\t\t\t\t\tPolitique en mati\u00e8re de cookies\t\t\t\t\t\t<\/span>\n\t\t\t\t\t<\/h2>\n\t\t\t\t\n\t\t\t\t\n\t\t\t<\/div>\n\t\t\t\n\t\t<\/div>\n\t\t\t\t\t\t<\/div>\n\t\t\t\t<\/div>\n\t\t\t\t\t<\/div>\n\t\t<\/div>\n\t\t\t\t\t<\/div>\n\t\t<\/section>\n\t\t\t\t<section class=\"elementor-section elementor-top-section elementor-element elementor-element-c4b5f16 animated-slow elementor-section-boxed elementor-section-height-default elementor-section-height-default elementor-invisible\" data-id=\"c4b5f16\" data-element_type=\"section\" data-e-type=\"section\" data-settings=\"{&quot;animation&quot;:&quot;fadeIn&quot;}\">\n\t\t\t\t\t\t<div class=\"elementor-container elementor-column-gap-default\">\n\t\t\t\t\t<div class=\"elementor-column elementor-col-100 elementor-top-column elementor-element elementor-element-e9160aa\" data-id=\"e9160aa\" data-element_type=\"column\" data-e-type=\"column\">\n\t\t\t<div class=\"elementor-widget-wrap elementor-element-populated\">\n\t\t\t\t\t\t<div class=\"elementor-element elementor-element-713ba2b elementor-widget elementor-widget-text-editor\" data-id=\"713ba2b\" data-element_type=\"widget\" data-e-type=\"widget\" data-widget_type=\"text-editor.default\">\n\t\t\t\t<div class=\"elementor-widget-container\">\n\t\t\t\t\t\t\t\t\t<h2>INTRODUCTION<\/h2>\n<p>Le <strong>site web<\/strong> de l&rsquo;EIM utilise ses propres cookies et ceux de tiers. Un cookie est un fichier qui est t\u00e9l\u00e9charg\u00e9 sur votre ordinateur lorsque vous acc\u00e9dez \u00e0 certaines pages web. Les cookies permettent \u00e0 une page web, entre autres, d&rsquo;assurer le bon fonctionnement de la page, de permettre \u00e0 l&rsquo;utilisateur d&rsquo;acc\u00e9der plus rapidement aux services s\u00e9lectionn\u00e9s, de stocker et de r\u00e9cup\u00e9rer des informations sur les habitudes de navigation d&rsquo;un utilisateur ou de son \u00e9quipement et m\u00eame, en fonction des informations qu&rsquo;ils contiennent et de la fa\u00e7on dont vous utilisez votre ordinateur, peuvent \u00eatre utilis\u00e9s pour reconna\u00eetre l&rsquo;utilisateur. Les cookies sont uniquement associ\u00e9s \u00e0 un utilisateur anonyme et \u00e0 son ordinateur ou appareil et ne fournissent pas de r\u00e9f\u00e9rences permettant de conna\u00eetre ses donn\u00e9es personnelles, sauf autorisation expresse de l&rsquo;utilisateur.<\/p>\n<p>L&rsquo;utilisateur peut, \u00e0 tout moment, accepter ou refuser les cookies install\u00e9s qui ne sont pas strictement n\u00e9cessaires au bon fonctionnement du site web et \u00e0 l&rsquo;acc\u00e8s de l&rsquo;utilisateur \u00e0 ses services, par le biais du panneau de r\u00e9glage des cookies fourni sur notre site web. De m\u00eame, vous pouvez configurer votre navigateur \u00e0 tout moment sans que cela n&rsquo;affecte la capacit\u00e9 de l&rsquo;utilisateur \u00e0 acc\u00e9der aux contenus. Cependant, nous vous informons que le refus des cookies peut r\u00e9duire le bon fonctionnement du site web.<\/p>\n<h2> <\/h2>\n<h2>COOKIES CONCERN\u00c9S PAR LE R\u00c8GLEMENT ET COOKIES EXEMPT\u00c9S<\/h2>\n<p>Conform\u00e9ment \u00e0 la directive europ\u00e9enne, les cookies qui requi\u00e8rent le consentement \u00e9clair\u00e9 de l&rsquo;utilisateur sont les cookies analytiques, publicitaires et d&rsquo;affiliation, \u00e0 l&rsquo;exception de ceux de nature technique et de ceux qui sont n\u00e9cessaires au fonctionnement du site ou \u00e0 la prestation de services. expressly requested by the user.<\/p>\n<h2> <\/h2>\n<h2>TYPE DE COOKIES<\/h2>\n<ol>\n<li>a) En fonction de<strong>l&rsquo;entit\u00e9 qui les g\u00e8re <\/strong>, il existe des <strong>cookies<\/strong>propres (ceux qui sont envoy\u00e9s \u00e0 l&rsquo;\u00e9quipement terminal de l&rsquo;utilisateur \u00e0 partir d&rsquo;un ordinateur ou d&rsquo;un domaine g\u00e9r\u00e9 par l&rsquo;\u00e9diteur lui-m\u00eame et \u00e0 partir duquel est fourni le service Sun demand\u00e9 par l&rsquo;utilisateur) et <strong>des cookies de tiers <\/strong>(ceux qui sont envoy\u00e9s \u00e0 l&rsquo;\u00e9quipement terminal de l&rsquo;utilisateur \u00e0 partir d&rsquo;un ordinateur ou d&rsquo;un domaine qui n&rsquo;est pas g\u00e9r\u00e9 par l&rsquo;\u00e9diteur, mais par une autre entit\u00e9 qui traite les donn\u00e9es obtenues par le biais des cookies).<\/li>\n<\/ol>\n<ol>\n<li>b) En fonction de <strong>leur dur\u00e9e d&rsquo;activit\u00e9<\/strong>, on distingue les <strong>cookies de session<\/strong> (con\u00e7us pour demander et stocker des donn\u00e9es pendant que l&rsquo;utilisateur acc\u00e8de \u00e0 une page web) et les <strong>cookies persistants<\/strong> (dans lesquels les donn\u00e9es sont stock\u00e9es dans le terminal et peuvent \u00eatre consult\u00e9es et trait\u00e9es pendant un certain temps). period defined by the person responsible for the cookie, it can range from a few minutes to several years).<\/li>\n<\/ol>\n<ol>\n<li>c) En fonction de la <strong>finalit\u00e9<\/strong> du traitement des informations qu&rsquo;ils collectent, ils peuvent \u00eatre :<\/li>\n<\/ol>\n<p>&#8211;<strong>Cookies techniques<\/strong> (n\u00e9cessaires \u00e0 l&rsquo;utilisation du site web et \u00e0 la fourniture du service contract\u00e9),<\/p>\n<p><strong>&#8211; Des cookies de personnalisation<\/strong> (qui permettent \u00e0 l&rsquo;utilisateur d&rsquo;acc\u00e9der au service avec des caract\u00e9ristiques pr\u00e9d\u00e9finies, telles que la langue, le type de navigateur, les param\u00e8tres r\u00e9gionaux, etc.)<\/p>\n<p><strong>&#8211; Les cookies d&rsquo;analyse<\/strong> (qui collectent des informations sur l&rsquo;utilisation du site web),<\/p>\n<p><strong>&#8211; Les cookies publicitaires<\/strong> (qui collectent des informations sur les pr\u00e9f\u00e9rences et les choix personnels des utilisateurs),<\/p>\n<p>&#8211; <strong>Cookies d&rsquo;affiliation<\/strong> (permettent de suivre les visites d&rsquo;autres sites web, avec lesquels le site web \u00e9tablit un contrat d&rsquo;affiliation).<\/p>\n<h2> <\/h2>\n<h2>TYPE DE COOKIES UTILIS\u00c9S POUR CE SITE WEB<\/h2>\n<table width=\"1180\">\n<tbody>\n<tr>\n<td>Do not:<\/td>\n<td>Cookie Name<\/td>\n<td>Duration<\/td>\n<td>Category<\/td>\n<td>Description<\/td>\n<\/tr>\n<tr>\n<td>1<\/td>\n<td>cookielawinfo-checkbox-necessary<\/td>\n<td>1 year<\/td>\n<td>Necessary<\/td>\n<td>This cookie is set by GDPR Cookie Consent plugin. The cookies is used to store the user consent for the cookies in the category \u00abNecessary\u00bb.<\/td>\n<\/tr>\n<tr>\n<td>2<\/td>\n<td>cookielawinfo-checkbox-analytics<\/td>\n<td>1 year<\/td>\n<td>Necessary<\/td>\n<td>This cookies is set by GDPR Cookie Consent WordPress Plugin. The cookie is used to remember the user consent for the cookies under the category \u00abAnalytics\u00bb.<\/td>\n<\/tr>\n<tr>\n<td>3<\/td>\n<td>_ga<\/td>\n<td>2 years<\/td>\n<td>Analytics<\/td>\n<td>This cookie is installed by Google Analytics. The cookie is used to calculate visitor, session, campaign data and keep track of site usage for the site\u2019s analytics report. The cookies store information anonymously and assign a randomly generated number to identify unique visitors.<\/td>\n<\/tr>\n<tr>\n<td>4<\/td>\n<td>_gid<\/td>\n<td>1 day<\/td>\n<td>Analytics<\/td>\n<td>This cookie is installed by Google Analytics. The cookie is used to store information of how visitors use a website and helps in creating an analytics report of how the website is doing. The data collected including the number visitors, the source where they have come from, and the pages visted in an anonymous form.<\/td>\n<\/tr>\n<\/tbody>\n<\/table>\n<h2> <\/h2>\n<h2>R\u00c9VOCATION<\/h2>\n<p>\u00c0 tout moment, vous pouvez acc\u00e9der aux param\u00e8tres de votre navigateur en acceptant ou en refusant tous les cookies, ou en s\u00e9lectionnant ceux que l&rsquo;installation prend en charge et ceux qu&rsquo;elle ne prend pas en charge, en suivant l&rsquo;une des proc\u00e9dures suivantes, qui d\u00e9pend du navigateur que vous utilisez :<\/p>\n<ul>\n<li><strong>Google Chrome<\/strong> (in Tools Menu)<\/li>\n<\/ul>\n<ul>\n<li>Settings&gt; Show advanced options&gt; Privacy (Content settings)&gt; Cookies:<\/li>\n<\/ul>\n<ul>\n<li><a href=\"https:\/\/support.google.com\/chrome\/answer\/95647?co=GENIE.Platform%3DDesktop&amp;hl=en\" target=\"_blank\" rel=\"noopener\">https:\/\/support.google.com\/chrome\/answer\/95647?co=GENIE.Platform%3DDesktop&amp;hl=en<\/a><\/li>\n<li><strong>Microsoft Internet Explorer<\/strong> (in the Tools Menu):<\/li>\n<\/ul>\n<ul>\n<li>Internet options&gt; Privacy&gt; Advanced:<\/li>\n<\/ul>\n<ul>\n<li><a href=\"https:\/\/support.microsoft.com\/en-us\/windows\/delete-and-manage-cookies-168dab11-0753-043d-7c16-ede5947fc64d\" target=\"_blank\" rel=\"noopener\">https:\/\/support.microsoft.com\/en-us\/windows\/delete-and-manage-cookies-168dab11-0753-043d-7c16-ede5947fc64d<\/a><\/li>\n<li><strong>Firefox:<\/strong><\/li>\n<\/ul>\n<ul>\n<li>Options&gt; Privacy&gt; Cookies:<\/li>\n<\/ul>\n<ul>\n<li><a href=\"https:\/\/support.mozilla.org\/en-US\/kb\/cookies-information-websites-store-on-your-computer\" target=\"_blank\" rel=\"noopener\">https:\/\/support.mozilla.org\/en-US\/kb\/cookies-information-websites-store-on-your-computer<\/a><\/li>\n<li><strong>Safari, iPad and iPhone:<\/strong><\/li>\n<\/ul>\n<ul>\n<li>Preferences&gt; Privacy<\/li>\n<\/ul>\n<ul>\n<li><a href=\"https:\/\/support.apple.com\/guide\/safari\/manage-cookies-sfri11471\/mac\" target=\"_blank\" rel=\"noopener\"><strong>https:\/\/support.apple.com\/guide\/safari\/manage-cookies-sfri11471\/mac<\/strong><\/a><\/li>\n<li><strong>Opera:<\/strong><\/li>\n<\/ul>\n<ul>\n<li>Settings&gt; Options&gt; Advanced&gt; Cookies<\/li>\n<li><a href=\"https:\/\/help.opera.com\/en\/latest\/web-preferences\/#cookies\" target=\"_blank\" rel=\"noopener\">https:\/\/help.opera.com\/en\/latest\/web-preferences\/#cookies<\/a><\/li>\n<\/ul>\n<p>These browsers are subject to changes or modifications, so we cannot guarantee that they will fully conform to your browser version. It may also be that you use another browser not covered by these links such as Konqueror, Arora, Flock, etc. To avoid these mismatches, you can access them directly from your browser options, usually in the \u201cOptions\u201d menu in the \u201cPrivacy\u201d section. (Please consult your browser\u2019s help for more information).<\/p>\n<h2> <\/h2>\n<h2>D\u00c9SACTIVATION \/ ACTIVATION ET SUPPRESSION DES COOKIES<\/h2>\n<p>Pour restreindre ou bloquer les cookies, il faut utiliser les param\u00e8tres du navigateur.<\/p>\n<p>Si vous ne souhaitez pas que des sites web placent des cookies sur votre ordinateur, vous pouvez ajuster les param\u00e8tres de votre navigateur de mani\u00e8re \u00e0 \u00eatre averti avant que des cookies ne soient plac\u00e9s. De m\u00eame, vous pouvez r\u00e9gler les param\u00e8tres de votre navigateur de mani\u00e8re \u00e0 ce qu&rsquo;il rejette tous les cookies ou uniquement les cookies de tiers. Vous pouvez \u00e9galement supprimer tous les cookies qui se trouvent d\u00e9j\u00e0 sur votre ordinateur. N&rsquo;oubliez pas que la configuration de chaque navigateur et de chaque \u00e9quipement que vous utilisez doit \u00eatre adapt\u00e9e s\u00e9par\u00e9ment.<\/p>\n<p>N&rsquo;oubliez pas que si vous ne souhaitez pas recevoir de cookies, nous ne pouvons plus garantir le bon fonctionnement de notre site web. Certaines fonctionnalit\u00e9s du site peuvent \u00eatre perdues, et il se peut que vous ne puissiez plus consulter certains sites web.<\/p>\n<p>Chaque navigateur dispose d&rsquo;une m\u00e9thode diff\u00e9rente pour adapter les param\u00e8tres. Si n\u00e9cessaire, consultez la fonction d&rsquo;aide du navigateur pour \u00e9tablir les param\u00e8tres corrects.<\/p>\n<p>Pour d\u00e9sactiver les cookies sur votre t\u00e9l\u00e9phone portable, consultez le manuel de l&rsquo;appareil pour plus d&rsquo;informations.<\/p>\n<p>Vous pouvez obtenir plus d&rsquo;informations sur les cookies sur Internet, \u00e0 l&rsquo;adresse <a href=\"http:\/\/www.aboutcookies.org\/\" target=\"_blank\" rel=\"noopener\">http:\/\/www.aboutcookies.org\/.<\/a><\/p>\n<p>Compte tenu du mode de fonctionnement de l&rsquo;internet et des sites web, nous ne disposons pas toujours d&rsquo;informations sur les cookies plac\u00e9s par des tiers via notre site web. C&rsquo;est notamment le cas lorsque la page web contient ce que l&rsquo;on appelle des \u00e9l\u00e9ments int\u00e9gr\u00e9s : des textes, des documents, des images ou des courts m\u00e9trages qui sont stock\u00e9s ailleurs, mais qui sont affich\u00e9s sur notre site web ou par son interm\u00e9diaire.<\/p>\n<p>Par cons\u00e9quent, si vous rencontrez ce type de cookies sur notre site web et qu&rsquo;ils ne figurent pas dans la liste ci-dessus, veuillez nous en informer. Vous pouvez \u00e9galement contacter directement le tiers concern\u00e9 pour lui demander des informations sur les cookies qu&rsquo;il place, leur finalit\u00e9 et leur dur\u00e9e, ainsi que sur la mani\u00e8re dont il a garanti le respect de votre vie priv\u00e9e.<\/p>\n<h2> <\/h2>\n<h2>INFORMATIONS RELATIVES AU TRAITEMENT DES DONN\u00c9ES PERSONNELLES (ART.13 RGPD)<\/h2>\n<p><strong>Qui est responsable du traitement de vos donn\u00e9es personnelles ?<\/strong><\/p>\n<p>Le <strong>EUROPEAN INNOVATION MARKETPLACE<\/strong> est responsable du traitement des donn\u00e9es \u00e0 caract\u00e8re personnel que vous nous fournissez. Adress\u00e9 Rue de Tr\u00e8ves, 49 Box 7, B-1040 BRUXELLES &#8211; Belgique et avec le num\u00e9ro de TVA BE-0746474089. et contact email: info@eimtech.eu<\/p>\n<p><strong>\u00c0 quelles fins utilisons-nous vos donn\u00e9es personnelles ?<\/strong><\/p>\n<p>Les informations collect\u00e9es par le biais de cookies de premi\u00e8re partie (cookies de session et d&rsquo;entr\u00e9e utilisateur) sont g\u00e9n\u00e9ralement utilis\u00e9es pour suivre les actions de l&rsquo;utilisateur lorsqu&rsquo;il remplit des formulaires en ligne sur plusieurs pages ou pour personnaliser l&rsquo;interface utilisateur lorsqu&rsquo;il visite le site web.<\/p>\n<p>Les informations collect\u00e9es par les cookies de tiers sont les suivantes:<\/p>\n<ul>\n<li>Gr\u00e2ce aux cookies analytiques, vos habitudes de navigation sont analys\u00e9es afin d&rsquo;am\u00e9liorer les services fournis;<\/li>\n<\/ul>\n<p>Pour conna\u00eetre pr\u00e9cis\u00e9ment l&rsquo;utilisation des cookies, consultez le tableau sur l&rsquo;utilisation des cookies sur ce site web.<\/p>\n<p><strong>Quelle est la base juridique du traitement de vos donn\u00e9es personnelles?<\/strong><\/p>\n<p>La l\u00e9gitimit\u00e9 du traitement de vos donn\u00e9es personnelles est donn\u00e9e par votre consentement, accord\u00e9 au moment de nous contacter, pour l&rsquo;utilisation de cookies analytiques et comportementaux et pour les cookies de session ou de personnalisation, la l\u00e9gitimit\u00e9 du traitement est donn\u00e9e pour l&rsquo;int\u00e9r\u00eat l\u00e9gitime du fournisseur (responsable du traitement).<\/p>\n<p><strong>\u00c0 qui communiquons-nous vos donn\u00e9es ?<\/strong><\/p>\n<p>Les donn\u00e9es ne seront pas transf\u00e9r\u00e9es ou communiqu\u00e9es \u00e0 des tiers, sauf en cas d&rsquo;obligation l\u00e9gale ou aux tiers indiqu\u00e9s dans le cas de l&rsquo;utilisation de cookies g\u00e9r\u00e9s par eux.<\/p>\n<p><strong>Quelle est la dur\u00e9e de conservation de vos donn\u00e9es?<\/strong><\/p>\n<p>La dur\u00e9e de conservation des donn\u00e9es collect\u00e9es est indiqu\u00e9e dans le tableau sur l&rsquo;utilisation des cookies sur ce site web.<\/p>\n<p><strong>Quels sont vos droits?<\/strong><\/p>\n<p>Les droits qui prot\u00e8gent l&rsquo;utilisateur sont ceux d&rsquo;acc\u00e8s, de rectification, d&rsquo;effacement, de portabilit\u00e9 de celles-ci, de retrait du consentement (si cela affecte la l\u00e9galit\u00e9 du traitement accord\u00e9 avant son retrait), d&rsquo;opposition au traitement, de limitation (dans certaines circonstances) et de pr\u00e9senter une r\u00e9clamation devant l&rsquo;autorit\u00e9 de contr\u00f4le l&rsquo;Agence belge de protection des donn\u00e9es (APD).<\/p><\/p>\n\t\t\t\t\t\t\t\t<\/div>\n\t\t\t\t<\/div>\n\t\t\t\t\t<\/div>\n\t\t<\/div>\n\t\t\t\t\t<\/div>\n\t\t<\/section>\n\t\t\t\t<\/div>\n\t\t","protected":false},"excerpt":{"rendered":"<p>INTRODUCTION Le site web de l&rsquo;EIM utilise ses propres cookies et ceux de tiers. Un cookie est un fichier qui est t\u00e9l\u00e9charg\u00e9 sur votre ordinateur lorsque vous acc\u00e9dez \u00e0 certaines pages web. Les cookies permettent \u00e0 une page web, entre autres, d&rsquo;assurer le bon fonctionnement de la page, de permettre \u00e0 l&rsquo;utilisateur d&rsquo;acc\u00e9der plus rapidement [&hellip;]<\/p>\n","protected":false},"author":1,"featured_media":0,"parent":0,"menu_order":0,"comment_status":"closed","ping_status":"closed","template":"","meta":{"footnotes":""},"class_list":["post-2086","page","type-page","status-publish","hentry"],"_links":{"self":[{"href":"https:\/\/eimtech.eu\/fr\/wp-json\/wp\/v2\/pages\/2086","targetHints":{"allow":["GET"]}}],"collection":[{"href":"https:\/\/eimtech.eu\/fr\/wp-json\/wp\/v2\/pages"}],"about":[{"href":"https:\/\/eimtech.eu\/fr\/wp-json\/wp\/v2\/types\/page"}],"author":[{"embeddable":true,"href":"https:\/\/eimtech.eu\/fr\/wp-json\/wp\/v2\/users\/1"}],"replies":[{"embeddable":true,"href":"https:\/\/eimtech.eu\/fr\/wp-json\/wp\/v2\/comments?post=2086"}],"version-history":[{"count":0,"href":"https:\/\/eimtech.eu\/fr\/wp-json\/wp\/v2\/pages\/2086\/revisions"}],"wp:attachment":[{"href":"https:\/\/eimtech.eu\/fr\/wp-json\/wp\/v2\/media?parent=2086"}],"curies":[{"name":"wp","href":"https:\/\/api.w.org\/{rel}","templated":true}]}}