{"id":2523,"date":"2024-03-18T11:06:43","date_gmt":"2024-03-18T11:06:43","guid":{"rendered":"https:\/\/eimtech.eu\/projects\/hycool-it\/"},"modified":"2024-03-27T11:50:36","modified_gmt":"2024-03-27T11:50:36","slug":"hycool-it","status":"publish","type":"page","link":"https:\/\/eimtech.eu\/fr\/projects\/hycool-it\/","title":{"rendered":"Hycool IT"},"content":{"rendered":"\t\t<div data-elementor-type=\"wp-page\" data-elementor-id=\"2523\" class=\"elementor elementor-2523 elementor-2467\" data-elementor-post-type=\"page\">\n\t\t\t\t\t\t<section class=\"elementor-section elementor-top-section elementor-element elementor-element-38c015f animated-slow elementor-section-boxed elementor-section-height-default elementor-section-height-default elementor-invisible\" data-id=\"38c015f\" data-element_type=\"section\" data-e-type=\"section\" data-settings=\"{&quot;animation&quot;:&quot;fadeIn&quot;}\">\n\t\t\t\t\t\t<div class=\"elementor-container elementor-column-gap-default\">\n\t\t\t\t\t<div class=\"elementor-column elementor-col-100 elementor-top-column elementor-element elementor-element-04b346b\" data-id=\"04b346b\" data-element_type=\"column\" data-e-type=\"column\" data-settings=\"{&quot;background_background&quot;:&quot;classic&quot;}\">\n\t\t\t<div class=\"elementor-widget-wrap elementor-element-populated\">\n\t\t\t\t\t\t<div class=\"elementor-element elementor-element-c7050df elementor-absolute elementor-view-default elementor-widget elementor-widget-icon\" data-id=\"c7050df\" data-element_type=\"widget\" data-e-type=\"widget\" data-settings=\"{&quot;_position&quot;:&quot;absolute&quot;}\" data-widget_type=\"icon.default\">\n\t\t\t\t<div class=\"elementor-widget-container\">\n\t\t\t\t\t\t\t<div class=\"elementor-icon-wrapper\">\n\t\t\t<div class=\"elementor-icon\">\n\t\t\t<i aria-hidden=\"true\" class=\"icon icon-eimtriangulo\"><\/i>\t\t\t<\/div>\n\t\t<\/div>\n\t\t\t\t\t\t<\/div>\n\t\t\t\t<\/div>\n\t\t\t\t<section class=\"elementor-section elementor-inner-section elementor-element elementor-element-9510e2a elementor-section-boxed elementor-section-height-default elementor-section-height-default\" data-id=\"9510e2a\" data-element_type=\"section\" data-e-type=\"section\">\n\t\t\t\t\t\t<div class=\"elementor-container elementor-column-gap-default\">\n\t\t\t\t\t<div class=\"elementor-column elementor-col-50 elementor-inner-column elementor-element elementor-element-840a4fa\" data-id=\"840a4fa\" data-element_type=\"column\" data-e-type=\"column\">\n\t\t\t<div class=\"elementor-widget-wrap elementor-element-populated\">\n\t\t\t\t\t\t<div class=\"elementor-element elementor-element-700446c elementor-widget elementor-widget-image\" data-id=\"700446c\" data-element_type=\"widget\" data-e-type=\"widget\" data-widget_type=\"image.default\">\n\t\t\t\t<div class=\"elementor-widget-container\">\n\t\t\t\t\t\t\t\t\t\t\t\t\t\t\t<img fetchpriority=\"high\" decoding=\"async\" width=\"927\" height=\"189\" src=\"https:\/\/eimtech.eu\/wp-content\/uploads\/2024\/03\/HYCOOL-IT_Logo_COLOR.png\" class=\"attachment-full size-full wp-image-2471\" alt=\"\" srcset=\"https:\/\/eimtech.eu\/wp-content\/uploads\/2024\/03\/HYCOOL-IT_Logo_COLOR.png 927w, https:\/\/eimtech.eu\/wp-content\/uploads\/2024\/03\/HYCOOL-IT_Logo_COLOR-300x61.png 300w, https:\/\/eimtech.eu\/wp-content\/uploads\/2024\/03\/HYCOOL-IT_Logo_COLOR-768x157.png 768w\" sizes=\"(max-width: 927px) 100vw, 927px\" \/>\t\t\t\t\t\t\t\t\t\t\t\t\t\t\t<\/div>\n\t\t\t\t<\/div>\n\t\t\t\t<div class=\"elementor-element elementor-element-de6c4c5 elementor-widget elementor-widget-text-editor\" data-id=\"de6c4c5\" data-element_type=\"widget\" data-e-type=\"widget\" data-widget_type=\"text-editor.default\">\n\t\t\t\t<div class=\"elementor-widget-container\">\n\t\t\t\t\t\t\t\t\t<p>HYCOOL-IT, des solutions innovantes pour un d\u00e9veloppement efficace dans les b\u00e2timents tertiaires avanc\u00e9s.<\/p>\n\t\t\t\t\t\t\t\t<\/div>\n\t\t\t\t<\/div>\n\t\t\t\t\t<\/div>\n\t\t<\/div>\n\t\t\t\t<div class=\"elementor-column elementor-col-50 elementor-inner-column elementor-element elementor-element-2f7ead0\" data-id=\"2f7ead0\" data-element_type=\"column\" data-e-type=\"column\">\n\t\t\t<div class=\"elementor-widget-wrap elementor-element-populated\">\n\t\t\t\t\t\t<div class=\"elementor-element elementor-element-9f1936d elementor-widget elementor-widget-image\" data-id=\"9f1936d\" data-element_type=\"widget\" data-e-type=\"widget\" data-widget_type=\"image.default\">\n\t\t\t\t<div class=\"elementor-widget-container\">\n\t\t\t\t\t\t\t\t\t\t\t\t\t\t\t<img decoding=\"async\" width=\"2560\" height=\"1707\" src=\"https:\/\/eimtech.eu\/wp-content\/uploads\/2024\/03\/toma-centro-datos-varias-filas-racks-servidores-totalmente-operativos-scaled.webp\" class=\"attachment-full size-full wp-image-2475\" alt=\"\" srcset=\"https:\/\/eimtech.eu\/wp-content\/uploads\/2024\/03\/toma-centro-datos-varias-filas-racks-servidores-totalmente-operativos-scaled.webp 2560w, https:\/\/eimtech.eu\/wp-content\/uploads\/2024\/03\/toma-centro-datos-varias-filas-racks-servidores-totalmente-operativos-300x200.webp 300w, https:\/\/eimtech.eu\/wp-content\/uploads\/2024\/03\/toma-centro-datos-varias-filas-racks-servidores-totalmente-operativos-1024x683.webp 1024w, https:\/\/eimtech.eu\/wp-content\/uploads\/2024\/03\/toma-centro-datos-varias-filas-racks-servidores-totalmente-operativos-768x512.webp 768w, https:\/\/eimtech.eu\/wp-content\/uploads\/2024\/03\/toma-centro-datos-varias-filas-racks-servidores-totalmente-operativos-1536x1024.webp 1536w, https:\/\/eimtech.eu\/wp-content\/uploads\/2024\/03\/toma-centro-datos-varias-filas-racks-servidores-totalmente-operativos-2048x1365.webp 2048w\" sizes=\"(max-width: 2560px) 100vw, 2560px\" \/>\t\t\t\t\t\t\t\t\t\t\t\t\t\t\t<\/div>\n\t\t\t\t<\/div>\n\t\t\t\t\t<\/div>\n\t\t<\/div>\n\t\t\t\t\t<\/div>\n\t\t<\/section>\n\t\t\t\t<div class=\"elementor-element elementor-element-b48cc80 elementor-absolute e-transform elementor-view-default elementor-widget elementor-widget-icon\" data-id=\"b48cc80\" data-element_type=\"widget\" data-e-type=\"widget\" data-settings=\"{&quot;_position&quot;:&quot;absolute&quot;,&quot;_transform_rotateZ_effect&quot;:{&quot;unit&quot;:&quot;px&quot;,&quot;size&quot;:180,&quot;sizes&quot;:[]},&quot;_transform_rotateZ_effect_tablet&quot;:{&quot;unit&quot;:&quot;deg&quot;,&quot;size&quot;:&quot;&quot;,&quot;sizes&quot;:[]},&quot;_transform_rotateZ_effect_mobile&quot;:{&quot;unit&quot;:&quot;deg&quot;,&quot;size&quot;:&quot;&quot;,&quot;sizes&quot;:[]}}\" data-widget_type=\"icon.default\">\n\t\t\t\t<div class=\"elementor-widget-container\">\n\t\t\t\t\t\t\t<div class=\"elementor-icon-wrapper\">\n\t\t\t<div class=\"elementor-icon\">\n\t\t\t<i aria-hidden=\"true\" class=\"icon icon-eimtriangulo\"><\/i>\t\t\t<\/div>\n\t\t<\/div>\n\t\t\t\t\t\t<\/div>\n\t\t\t\t<\/div>\n\t\t\t\t\t<\/div>\n\t\t<\/div>\n\t\t\t\t\t<\/div>\n\t\t<\/section>\n\t\t\t\t<section class=\"elementor-section elementor-top-section elementor-element elementor-element-1214d55 animated-slow elementor-section-boxed elementor-section-height-default elementor-section-height-default elementor-invisible\" data-id=\"1214d55\" data-element_type=\"section\" data-e-type=\"section\" data-settings=\"{&quot;animation&quot;:&quot;fadeIn&quot;}\">\n\t\t\t\t\t\t<div class=\"elementor-container elementor-column-gap-default\">\n\t\t\t\t\t<div class=\"elementor-column elementor-col-100 elementor-top-column elementor-element elementor-element-1af7bcf\" data-id=\"1af7bcf\" data-element_type=\"column\" data-e-type=\"column\">\n\t\t\t<div class=\"elementor-widget-wrap elementor-element-populated\">\n\t\t\t\t\t\t<div class=\"elementor-element elementor-element-bd52fd6 elementor-widget elementor-widget-heading\" data-id=\"bd52fd6\" data-element_type=\"widget\" data-e-type=\"widget\" data-widget_type=\"heading.default\">\n\t\t\t\t<div class=\"elementor-widget-container\">\n\t\t\t\t\t<h2 class=\"elementor-heading-title elementor-size-default\">HYCOOL IT<\/h2>\t\t\t\t<\/div>\n\t\t\t\t<\/div>\n\t\t\t\t<div class=\"elementor-element elementor-element-69f7359 elementor-widget elementor-widget-text-editor\" data-id=\"69f7359\" data-element_type=\"widget\" data-e-type=\"widget\" data-widget_type=\"text-editor.default\">\n\t\t\t\t<div class=\"elementor-widget-container\">\n\t\t\t\t\t\t\t\t\t<p>HYCOOL-IT est un projet de trois ans financ\u00e9 par l&rsquo;UE dont l&rsquo;objectif principal est de d\u00e9velopper des solutions innovantes, \u00e0 la fois num\u00e9riques et techniques, pour permettre une int\u00e9gration et un fonctionnement plus efficaces des salles de serveurs informatiques dans les b\u00e2timents tertiaires avanc\u00e9s, en mettant l&rsquo;accent sur leur reproductibilit\u00e9 par le biais de la normalisation.<\/p>\n<p><span style=\"color: var( --e-global-color-2880e41 );\">Ce projet pr\u00e9voit de d\u00e9velopper des solutions avanc\u00e9es d&rsquo;\u00e9quipement technique num\u00e9ris\u00e9 par le biais des SimBOTs (simulateurs interactifs) du BDT dans l&rsquo;\u00e9cosyst\u00e8me des TIC, ce qui optimisera le fonctionnement des salles de serveurs intelligents dans les b\u00e2timents o\u00f9 ces d\u00e9veloppements seront effectu\u00e9s. Dans le m\u00eame temps, un refroidisseur \u00e0 absorption tr\u00e8s innovant, int\u00e9gr\u00e9 dans un rack, pour le refroidissement des serveurs aliment\u00e9 par la chaleur r\u00e9siduelle sera d\u00e9velopp\u00e9 et mis en \u0153uvre pour assurer un refroidissement liquide efficace des serveurs informatiques et pour assurer le refroidissement de la salle des serveurs elle-m\u00eame d&rsquo;une mani\u00e8re compacte, autonome et rentable.<\/span><\/p>\n<p><span style=\"color: var( --e-global-color-2880e41 );\">Le projet global pr\u00e9voit de mettre en \u0153uvre des syst\u00e8mes de refroidissement hybrides en r\u00e9cup\u00e9rant la chaleur r\u00e9siduelle produite par les salles informatiques dans les b\u00e2timents tertiaires. Le BDTE (Building Digital Twin Environment) sera d\u00e9velopp\u00e9 en tant que PaaS avec ses microservices de communication sp\u00e9cifiques pour connecter la chaleur r\u00e9siduelle qui produira du refroidissement et servira \u00e9galement \u00e0 s&rsquo;int\u00e9grer dans les r\u00e9seaux de chauffage.<\/span><\/p>\n<p><span style=\"color: var( --e-global-color-2880e41 );\">La tendance croissante de la consommation d&rsquo;\u00e9lectricit\u00e9 dans les centres de donn\u00e9es refl\u00e9tant le secteur tertiaire de l&rsquo;UE pr\u00e9sente une croissance exponentielle de la demande de salles de serveurs intelligentes pour servir et soutenir leurs applications critiques de technologie de l&rsquo;information (TI), et leur gestion intelligente. . Le principal d\u00e9fi de ce projet sera de d\u00e9montrer la faisabilit\u00e9 de la g\u00e9n\u00e9ration et de la maintenance d&rsquo;un jumeau num\u00e9rique de la salle des serveurs informatiques et de l&rsquo;ensemble du b\u00e2timent.<\/span><\/p>\n<p><span style=\"color: var( --e-global-color-2880e41 );\">Tous les d\u00e9veloppements de ce projet aborderont le principal probl\u00e8me auquel sont actuellement confront\u00e9s les centres de donn\u00e9es des grandes entreprises, des districts scolaires, des h\u00f4pitaux et des universit\u00e9s ou d&rsquo;autres b\u00e2timents qui ont besoin d&rsquo;agrandir leurs salles de serveurs. L&rsquo;objectif \u00ab\u00a0cl\u00e9\u00a0\u00bb de ce projet est l&rsquo;int\u00e9gration d&rsquo;une conception qui am\u00e9liorera et optimisera la gestion thermique de l&rsquo;\u00e9norme consommation d&rsquo;\u00e9nergie de ces b\u00e2timents tout en maintenant la pr\u00e9cision du refroidissement des \u00e9quipements ou des unit\u00e9s CRAC (climatisation des salles informatiques) pour fonctionner 24 heures sur 24, tout au long de leur dur\u00e9e de vie.<\/span><\/p>\n\t\t\t\t\t\t\t\t<\/div>\n\t\t\t\t<\/div>\n\t\t\t\t<div class=\"elementor-element elementor-element-9daf9c9 elementor-widget elementor-widget-heading\" data-id=\"9daf9c9\" data-element_type=\"widget\" data-e-type=\"widget\" data-widget_type=\"heading.default\">\n\t\t\t\t<div class=\"elementor-widget-container\">\n\t\t\t\t\t<span class=\"elementor-heading-title elementor-size-default\"><a href=\"https:\/\/hycoolit-project.eu\/\" target=\"_blank\" rel=\"noopener\">www.hycoolit-project.eu<\/a><\/span>\t\t\t\t<\/div>\n\t\t\t\t<\/div>\n\t\t\t\t\t<\/div>\n\t\t<\/div>\n\t\t\t\t\t<\/div>\n\t\t<\/section>\n\t\t\t\t<section class=\"elementor-section elementor-top-section elementor-element elementor-element-682365c animated-slow elementor-section-boxed elementor-section-height-default elementor-section-height-default elementor-invisible\" data-id=\"682365c\" data-element_type=\"section\" data-e-type=\"section\" data-settings=\"{&quot;animation&quot;:&quot;fadeIn&quot;}\">\n\t\t\t\t\t\t<div class=\"elementor-container elementor-column-gap-default\">\n\t\t\t\t\t<div class=\"elementor-column elementor-col-100 elementor-top-column elementor-element elementor-element-d7239b8\" data-id=\"d7239b8\" data-element_type=\"column\" data-e-type=\"column\" data-settings=\"{&quot;background_background&quot;:&quot;classic&quot;}\">\n\t\t\t<div class=\"elementor-widget-wrap elementor-element-populated\">\n\t\t\t\t\t<div class=\"elementor-background-overlay\"><\/div>\n\t\t\t\t\t\t<section class=\"elementor-section elementor-inner-section elementor-element elementor-element-bff2ee0 elementor-section-boxed elementor-section-height-default elementor-section-height-default\" data-id=\"bff2ee0\" data-element_type=\"section\" data-e-type=\"section\">\n\t\t\t\t\t\t<div class=\"elementor-container elementor-column-gap-default\">\n\t\t\t\t\t<div class=\"elementor-column elementor-col-50 elementor-inner-column elementor-element elementor-element-827e01d\" data-id=\"827e01d\" data-element_type=\"column\" data-e-type=\"column\">\n\t\t\t<div class=\"elementor-widget-wrap elementor-element-populated\">\n\t\t\t\t\t\t<div class=\"elementor-element elementor-element-0383727 elementor-widget elementor-widget-image\" data-id=\"0383727\" data-element_type=\"widget\" data-e-type=\"widget\" data-widget_type=\"image.default\">\n\t\t\t\t<div class=\"elementor-widget-container\">\n\t\t\t\t\t\t\t\t\t\t\t\t<figure class=\"wp-caption\">\n\t\t\t\t\t\t\t\t\t\t<img decoding=\"async\" width=\"2560\" height=\"1707\" src=\"https:\/\/eimtech.eu\/wp-content\/uploads\/2024\/03\/toma-centro-datos-varias-filas-racks-servidores-totalmente-operativos-scaled.webp\" class=\"attachment-full size-full wp-image-2475\" alt=\"\" srcset=\"https:\/\/eimtech.eu\/wp-content\/uploads\/2024\/03\/toma-centro-datos-varias-filas-racks-servidores-totalmente-operativos-scaled.webp 2560w, https:\/\/eimtech.eu\/wp-content\/uploads\/2024\/03\/toma-centro-datos-varias-filas-racks-servidores-totalmente-operativos-300x200.webp 300w, https:\/\/eimtech.eu\/wp-content\/uploads\/2024\/03\/toma-centro-datos-varias-filas-racks-servidores-totalmente-operativos-1024x683.webp 1024w, https:\/\/eimtech.eu\/wp-content\/uploads\/2024\/03\/toma-centro-datos-varias-filas-racks-servidores-totalmente-operativos-768x512.webp 768w, https:\/\/eimtech.eu\/wp-content\/uploads\/2024\/03\/toma-centro-datos-varias-filas-racks-servidores-totalmente-operativos-1536x1024.webp 1536w, https:\/\/eimtech.eu\/wp-content\/uploads\/2024\/03\/toma-centro-datos-varias-filas-racks-servidores-totalmente-operativos-2048x1365.webp 2048w\" sizes=\"(max-width: 2560px) 100vw, 2560px\" \/>\t\t\t\t\t\t\t\t\t\t\t<figcaption class=\"widget-image-caption wp-caption-text\">CPD<\/figcaption>\n\t\t\t\t\t\t\t\t\t\t<\/figure>\n\t\t\t\t\t\t\t\t\t<\/div>\n\t\t\t\t<\/div>\n\t\t\t\t\t<\/div>\n\t\t<\/div>\n\t\t\t\t<div class=\"elementor-column elementor-col-50 elementor-inner-column elementor-element elementor-element-43734b8\" data-id=\"43734b8\" data-element_type=\"column\" data-e-type=\"column\">\n\t\t\t<div class=\"elementor-widget-wrap elementor-element-populated\">\n\t\t\t\t\t\t<div class=\"elementor-element elementor-element-c406af0 elementor-widget elementor-widget-image\" data-id=\"c406af0\" data-element_type=\"widget\" data-e-type=\"widget\" data-widget_type=\"image.default\">\n\t\t\t\t<div class=\"elementor-widget-container\">\n\t\t\t\t\t\t\t\t\t\t\t\t<figure class=\"wp-caption\">\n\t\t\t\t\t\t\t\t\t\t<img decoding=\"async\" width=\"1200\" height=\"801\" src=\"https:\/\/eimtech.eu\/wp-content\/uploads\/2024\/03\/polimi.webp\" class=\"attachment-full size-full wp-image-2477\" alt=\"\" srcset=\"https:\/\/eimtech.eu\/wp-content\/uploads\/2024\/03\/polimi.webp 1200w, https:\/\/eimtech.eu\/wp-content\/uploads\/2024\/03\/polimi-300x200.webp 300w, https:\/\/eimtech.eu\/wp-content\/uploads\/2024\/03\/polimi-1024x684.webp 1024w, https:\/\/eimtech.eu\/wp-content\/uploads\/2024\/03\/polimi-768x513.webp 768w\" sizes=\"(max-width: 1200px) 100vw, 1200px\" \/>\t\t\t\t\t\t\t\t\t\t\t<figcaption class=\"widget-image-caption wp-caption-text\">Pilote POLIMI<\/figcaption>\n\t\t\t\t\t\t\t\t\t\t<\/figure>\n\t\t\t\t\t\t\t\t\t<\/div>\n\t\t\t\t<\/div>\n\t\t\t\t\t<\/div>\n\t\t<\/div>\n\t\t\t\t\t<\/div>\n\t\t<\/section>\n\t\t\t\t\t<\/div>\n\t\t<\/div>\n\t\t\t\t\t<\/div>\n\t\t<\/section>\n\t\t\t\t<\/div>\n\t\t","protected":false},"excerpt":{"rendered":"<p>HYCOOL-IT, des solutions innovantes pour un d\u00e9veloppement efficace dans les b\u00e2timents tertiaires avanc\u00e9s. HYCOOL IT HYCOOL-IT est un projet de trois ans financ\u00e9 par l&rsquo;UE dont l&rsquo;objectif principal est de d\u00e9velopper des solutions innovantes, \u00e0 la fois num\u00e9riques et techniques, pour permettre une int\u00e9gration et un fonctionnement plus efficaces des salles de serveurs informatiques dans [&hellip;]<\/p>\n","protected":false},"author":1,"featured_media":0,"parent":2063,"menu_order":0,"comment_status":"closed","ping_status":"closed","template":"","meta":{"footnotes":""},"class_list":["post-2523","page","type-page","status-publish","hentry"],"_links":{"self":[{"href":"https:\/\/eimtech.eu\/fr\/wp-json\/wp\/v2\/pages\/2523","targetHints":{"allow":["GET"]}}],"collection":[{"href":"https:\/\/eimtech.eu\/fr\/wp-json\/wp\/v2\/pages"}],"about":[{"href":"https:\/\/eimtech.eu\/fr\/wp-json\/wp\/v2\/types\/page"}],"author":[{"embeddable":true,"href":"https:\/\/eimtech.eu\/fr\/wp-json\/wp\/v2\/users\/1"}],"replies":[{"embeddable":true,"href":"https:\/\/eimtech.eu\/fr\/wp-json\/wp\/v2\/comments?post=2523"}],"version-history":[{"count":5,"href":"https:\/\/eimtech.eu\/fr\/wp-json\/wp\/v2\/pages\/2523\/revisions"}],"predecessor-version":[{"id":2536,"href":"https:\/\/eimtech.eu\/fr\/wp-json\/wp\/v2\/pages\/2523\/revisions\/2536"}],"up":[{"embeddable":true,"href":"https:\/\/eimtech.eu\/fr\/wp-json\/wp\/v2\/pages\/2063"}],"wp:attachment":[{"href":"https:\/\/eimtech.eu\/fr\/wp-json\/wp\/v2\/media?parent=2523"}],"curies":[{"name":"wp","href":"https:\/\/api.w.org\/{rel}","templated":true}]}}