{"id":2696,"date":"2025-09-10T10:38:04","date_gmt":"2025-09-10T10:38:04","guid":{"rendered":"https:\/\/eimtech.eu\/projects\/pecaths\/"},"modified":"2025-09-16T08:42:16","modified_gmt":"2025-09-16T08:42:16","slug":"pecaths","status":"publish","type":"page","link":"https:\/\/eimtech.eu\/fr\/projects\/pecaths\/","title":{"rendered":"Pecaths"},"content":{"rendered":"\t\t<div data-elementor-type=\"wp-page\" data-elementor-id=\"2696\" class=\"elementor elementor-2696 elementor-2595\" data-elementor-post-type=\"page\">\n\t\t\t\t\t\t<section class=\"elementor-section elementor-top-section elementor-element elementor-element-e66106b animated-slow elementor-section-boxed elementor-section-height-default elementor-section-height-default elementor-invisible\" data-id=\"e66106b\" data-element_type=\"section\" data-e-type=\"section\" data-settings=\"{&quot;animation&quot;:&quot;fadeIn&quot;}\">\n\t\t\t\t\t\t<div class=\"elementor-container elementor-column-gap-default\">\n\t\t\t\t\t<div class=\"elementor-column elementor-col-100 elementor-top-column elementor-element elementor-element-79a2fd0\" data-id=\"79a2fd0\" data-element_type=\"column\" data-e-type=\"column\" data-settings=\"{&quot;background_background&quot;:&quot;classic&quot;}\">\n\t\t\t<div class=\"elementor-widget-wrap elementor-element-populated\">\n\t\t\t\t\t\t<div class=\"elementor-element elementor-element-94ac9c1 elementor-absolute elementor-view-default elementor-widget elementor-widget-icon\" data-id=\"94ac9c1\" data-element_type=\"widget\" data-e-type=\"widget\" data-settings=\"{&quot;_position&quot;:&quot;absolute&quot;}\" data-widget_type=\"icon.default\">\n\t\t\t\t<div class=\"elementor-widget-container\">\n\t\t\t\t\t\t\t<div class=\"elementor-icon-wrapper\">\n\t\t\t<div class=\"elementor-icon\">\n\t\t\t<i aria-hidden=\"true\" class=\"icon icon-eimtriangulo\"><\/i>\t\t\t<\/div>\n\t\t<\/div>\n\t\t\t\t\t\t<\/div>\n\t\t\t\t<\/div>\n\t\t\t\t<section class=\"elementor-section elementor-inner-section elementor-element elementor-element-36f683b elementor-section-boxed elementor-section-height-default elementor-section-height-default\" data-id=\"36f683b\" data-element_type=\"section\" data-e-type=\"section\">\n\t\t\t\t\t\t<div class=\"elementor-container elementor-column-gap-default\">\n\t\t\t\t\t<div class=\"elementor-column elementor-col-50 elementor-inner-column elementor-element elementor-element-c21f82c\" data-id=\"c21f82c\" data-element_type=\"column\" data-e-type=\"column\">\n\t\t\t<div class=\"elementor-widget-wrap elementor-element-populated\">\n\t\t\t\t\t\t<div class=\"elementor-element elementor-element-0943dff elementor-widget elementor-widget-image\" data-id=\"0943dff\" data-element_type=\"widget\" data-e-type=\"widget\" data-widget_type=\"image.default\">\n\t\t\t\t<div class=\"elementor-widget-container\">\n\t\t\t\t\t\t\t\t\t\t\t\t\t\t\t<img fetchpriority=\"high\" decoding=\"async\" width=\"1335\" height=\"950\" src=\"https:\/\/eimtech.eu\/wp-content\/uploads\/2025\/09\/PECATHS-LOGO_COLOR_VERTICAL.png\" class=\"attachment-full size-full wp-image-2637\" alt=\"\" srcset=\"https:\/\/eimtech.eu\/wp-content\/uploads\/2025\/09\/PECATHS-LOGO_COLOR_VERTICAL.png 1335w, https:\/\/eimtech.eu\/wp-content\/uploads\/2025\/09\/PECATHS-LOGO_COLOR_VERTICAL-300x213.png 300w, https:\/\/eimtech.eu\/wp-content\/uploads\/2025\/09\/PECATHS-LOGO_COLOR_VERTICAL-1024x729.png 1024w, https:\/\/eimtech.eu\/wp-content\/uploads\/2025\/09\/PECATHS-LOGO_COLOR_VERTICAL-768x547.png 768w\" sizes=\"(max-width: 1335px) 100vw, 1335px\" \/>\t\t\t\t\t\t\t\t\t\t\t\t\t\t\t<\/div>\n\t\t\t\t<\/div>\n\t\t\t\t<div class=\"elementor-element elementor-element-c9f80e0 elementor-widget elementor-widget-text-editor\" data-id=\"c9f80e0\" data-element_type=\"widget\" data-e-type=\"widget\" data-widget_type=\"text-editor.default\">\n\t\t\t\t<div class=\"elementor-widget-container\">\n\t\t\t\t\t\t\t\t\t<p>Voies Photo\u00e9lectrocatalytiques Pour Le Stockage Durable \u00c0 Long Terme De L&rsquo;hydrog\u00e8ne<\/p>\t\t\t\t\t\t\t\t<\/div>\n\t\t\t\t<\/div>\n\t\t\t\t\t<\/div>\n\t\t<\/div>\n\t\t\t\t<div class=\"elementor-column elementor-col-50 elementor-inner-column elementor-element elementor-element-f228c66\" data-id=\"f228c66\" data-element_type=\"column\" data-e-type=\"column\">\n\t\t\t<div class=\"elementor-widget-wrap elementor-element-populated\">\n\t\t\t\t\t\t<div class=\"elementor-element elementor-element-a52b213 elementor-widget elementor-widget-image\" data-id=\"a52b213\" data-element_type=\"widget\" data-e-type=\"widget\" data-widget_type=\"image.default\">\n\t\t\t\t<div class=\"elementor-widget-container\">\n\t\t\t\t\t\t\t\t\t\t\t\t\t\t\t<img decoding=\"async\" width=\"800\" height=\"533\" src=\"https:\/\/eimtech.eu\/wp-content\/uploads\/2025\/09\/photo-1557681343-d1bba36952b1-RET2.jpg\" class=\"attachment-large size-large wp-image-2640\" alt=\"\" srcset=\"https:\/\/eimtech.eu\/wp-content\/uploads\/2025\/09\/photo-1557681343-d1bba36952b1-RET2.jpg 1000w, https:\/\/eimtech.eu\/wp-content\/uploads\/2025\/09\/photo-1557681343-d1bba36952b1-RET2-300x200.jpg 300w, https:\/\/eimtech.eu\/wp-content\/uploads\/2025\/09\/photo-1557681343-d1bba36952b1-RET2-768x511.jpg 768w\" sizes=\"(max-width: 800px) 100vw, 800px\" \/>\t\t\t\t\t\t\t\t\t\t\t\t\t\t\t<\/div>\n\t\t\t\t<\/div>\n\t\t\t\t\t<\/div>\n\t\t<\/div>\n\t\t\t\t\t<\/div>\n\t\t<\/section>\n\t\t\t\t<div class=\"elementor-element elementor-element-8da6d7b elementor-absolute e-transform elementor-view-default elementor-widget elementor-widget-icon\" data-id=\"8da6d7b\" data-element_type=\"widget\" data-e-type=\"widget\" data-settings=\"{&quot;_position&quot;:&quot;absolute&quot;,&quot;_transform_rotateZ_effect&quot;:{&quot;unit&quot;:&quot;px&quot;,&quot;size&quot;:180,&quot;sizes&quot;:[]},&quot;_transform_rotateZ_effect_tablet&quot;:{&quot;unit&quot;:&quot;deg&quot;,&quot;size&quot;:&quot;&quot;,&quot;sizes&quot;:[]},&quot;_transform_rotateZ_effect_mobile&quot;:{&quot;unit&quot;:&quot;deg&quot;,&quot;size&quot;:&quot;&quot;,&quot;sizes&quot;:[]}}\" data-widget_type=\"icon.default\">\n\t\t\t\t<div class=\"elementor-widget-container\">\n\t\t\t\t\t\t\t<div class=\"elementor-icon-wrapper\">\n\t\t\t<div class=\"elementor-icon\">\n\t\t\t<i aria-hidden=\"true\" class=\"icon icon-eimtriangulo\"><\/i>\t\t\t<\/div>\n\t\t<\/div>\n\t\t\t\t\t\t<\/div>\n\t\t\t\t<\/div>\n\t\t\t\t\t<\/div>\n\t\t<\/div>\n\t\t\t\t\t<\/div>\n\t\t<\/section>\n\t\t\t\t<section class=\"elementor-section elementor-top-section elementor-element elementor-element-60d9f71 animated-slow elementor-section-boxed elementor-section-height-default elementor-section-height-default elementor-invisible\" data-id=\"60d9f71\" data-element_type=\"section\" data-e-type=\"section\" data-settings=\"{&quot;animation&quot;:&quot;fadeIn&quot;}\">\n\t\t\t\t\t\t<div class=\"elementor-container elementor-column-gap-default\">\n\t\t\t\t\t<div class=\"elementor-column elementor-col-100 elementor-top-column elementor-element elementor-element-d9e117b\" data-id=\"d9e117b\" data-element_type=\"column\" data-e-type=\"column\">\n\t\t\t<div class=\"elementor-widget-wrap elementor-element-populated\">\n\t\t\t\t\t\t<div class=\"elementor-element elementor-element-cdf228e elementor-widget elementor-widget-heading\" data-id=\"cdf228e\" data-element_type=\"widget\" data-e-type=\"widget\" data-widget_type=\"heading.default\">\n\t\t\t\t<div class=\"elementor-widget-container\">\n\t\t\t\t\t<h2 class=\"elementor-heading-title elementor-size-default\">PECATHS<\/h2>\t\t\t\t<\/div>\n\t\t\t\t<\/div>\n\t\t\t\t<div class=\"elementor-element elementor-element-5963309 elementor-widget elementor-widget-text-editor\" data-id=\"5963309\" data-element_type=\"widget\" data-e-type=\"widget\" data-widget_type=\"text-editor.default\">\n\t\t\t\t<div class=\"elementor-widget-container\">\n\t\t\t\t\t\t\t\t\t<p>Le projet PECATHS, financ\u00e9 par l&rsquo;Union europ\u00e9enne, est pionnier d&rsquo;une approche r\u00e9volutionnaire du stockage d&rsquo;\u00e9nergie qui promet d&rsquo;acc\u00e9l\u00e9rer la transition vers une \u00e9conomie bas\u00e9e sur l&rsquo;hydrog\u00e8ne. Le projet d\u00e9veloppe un syst\u00e8me innovant qui utilise des porteurs d&rsquo;hydrog\u00e8ne organiques liquides (LOHCs) pour stocker et transporter l&rsquo;hydrog\u00e8ne de mani\u00e8re s\u00fbre, stable et efficace. En combinant cette technologie avec la conversion de biomasse, PECATHS cr\u00e9e une solution \u00e9nerg\u00e9tique v\u00e9ritablement durable et circulaire.<\/p><p>L&rsquo;innovation centrale du projet r\u00e9side dans sa capacit\u00e9 \u00e0 transf\u00e9rer directement l&rsquo;hydrog\u00e8ne de la biomasse vers les LOHCs sans avoir besoin d&rsquo;une production de gaz co\u00fbteuse et \u00e9nergivore. Ce processus simplifie non seulement la cha\u00eene d&rsquo;approvisionnement en hydrog\u00e8ne mais g\u00e9n\u00e8re \u00e9galement des produits chimiques de haute valeur comme sous-produit, am\u00e9liorant davantage sa viabilit\u00e9 \u00e9conomique. En utilisant la biomasse comme source d&rsquo;hydrog\u00e8ne et l&rsquo;\u00e9nergie solaire comme source d&rsquo;\u00e9nergie renouvelable, PECATHS cr\u00e9e un syst\u00e8me en boucle ferm\u00e9e qui est \u00e0 la fois respectueux de l&rsquo;environnement et rentable.<\/p><p>PECATHS s&rsquo;attaque au d\u00e9fi critique du stockage d&rsquo;\u00e9nergie \u00e0 long terme, qui est essentiel pour assurer la stabilit\u00e9 et la fiabilit\u00e9 de nos futurs r\u00e9seaux \u00e9nerg\u00e9tiques. Les transformations (photo)\u00e9lectrocatalytiques avanc\u00e9es du projet permettront la conversion et le stockage efficaces de l&rsquo;\u00e9nergie renouvelable, ouvrant la voie \u00e0 une infrastructure \u00e9nerg\u00e9tique plus durable et r\u00e9siliente. En r\u00e9duisant notre d\u00e9pendance aux combustibles fossiles et en promouvant l&rsquo;utilisation d&rsquo;\u00e9nergie propre, PECATHS apporte une contribution significative \u00e0 la lutte contre le changement climatique.<\/p><p>Gr\u00e2ce \u00e0 sa recherche et d\u00e9veloppement de pointe, PECATHS fait non seulement progresser la science du stockage d&rsquo;\u00e9nergie mais cr\u00e9e \u00e9galement de nouvelles opportunit\u00e9s \u00e9conomiques. Les technologies innovantes du projet aideront \u00e0 cr\u00e9er un secteur \u00e9nerg\u00e9tique europ\u00e9en plus comp\u00e9titif et durable, stimulant la croissance \u00e9conomique et la cr\u00e9ation d&#8217;emplois. En montrant la voie dans la technologie de l&rsquo;hydrog\u00e8ne, PECATHS aide \u00e0 s\u00e9curiser un avenir plus propre, plus vert et plus prosp\u00e8re pour tous.<\/p>\t\t\t\t\t\t\t\t<\/div>\n\t\t\t\t<\/div>\n\t\t\t\t<div class=\"elementor-element elementor-element-b4c22e4 elementor-widget elementor-widget-heading\" data-id=\"b4c22e4\" data-element_type=\"widget\" data-e-type=\"widget\" data-widget_type=\"heading.default\">\n\t\t\t\t<div class=\"elementor-widget-container\">\n\t\t\t\t\t<span class=\"elementor-heading-title elementor-size-default\"><a href=\"http:\/\/www.pecaths.eu\" target=\"_blank\" rel=\"noopener\">www.pecaths.eu<\/a><\/span>\t\t\t\t<\/div>\n\t\t\t\t<\/div>\n\t\t\t\t\t<\/div>\n\t\t<\/div>\n\t\t\t\t\t<\/div>\n\t\t<\/section>\n\t\t\t\t<section class=\"elementor-section elementor-top-section elementor-element elementor-element-d84dc28 animated-slow elementor-section-boxed elementor-section-height-default elementor-section-height-default elementor-invisible\" data-id=\"d84dc28\" data-element_type=\"section\" data-e-type=\"section\" data-settings=\"{&quot;animation&quot;:&quot;fadeIn&quot;}\">\n\t\t\t\t\t\t<div class=\"elementor-container elementor-column-gap-default\">\n\t\t\t\t\t<div class=\"elementor-column elementor-col-100 elementor-top-column elementor-element elementor-element-c4a8446\" data-id=\"c4a8446\" data-element_type=\"column\" data-e-type=\"column\" data-settings=\"{&quot;background_background&quot;:&quot;classic&quot;}\">\n\t\t\t<div class=\"elementor-widget-wrap elementor-element-populated\">\n\t\t\t\t\t<div class=\"elementor-background-overlay\"><\/div>\n\t\t\t\t\t\t<section class=\"elementor-section elementor-inner-section elementor-element elementor-element-435ab4b elementor-section-boxed elementor-section-height-default elementor-section-height-default\" data-id=\"435ab4b\" data-element_type=\"section\" data-e-type=\"section\">\n\t\t\t\t\t\t<div class=\"elementor-container elementor-column-gap-default\">\n\t\t\t\t\t<div class=\"elementor-column elementor-col-100 elementor-inner-column elementor-element elementor-element-0740750\" data-id=\"0740750\" data-element_type=\"column\" data-e-type=\"column\">\n\t\t\t<div class=\"elementor-widget-wrap elementor-element-populated\">\n\t\t\t\t\t\t<div class=\"elementor-element elementor-element-8db23b9 elementor-widget elementor-widget-image\" data-id=\"8db23b9\" data-element_type=\"widget\" data-e-type=\"widget\" data-widget_type=\"image.default\">\n\t\t\t\t<div class=\"elementor-widget-container\">\n\t\t\t\t\t\t\t\t\t\t\t\t\t\t\t<img decoding=\"async\" width=\"2560\" height=\"1249\" src=\"https:\/\/eimtech.eu\/wp-content\/uploads\/2025\/09\/GRAFICO-HOME-scaled.png\" class=\"attachment-full size-full wp-image-2642\" alt=\"\" srcset=\"https:\/\/eimtech.eu\/wp-content\/uploads\/2025\/09\/GRAFICO-HOME-scaled.png 2560w, https:\/\/eimtech.eu\/wp-content\/uploads\/2025\/09\/GRAFICO-HOME-300x146.png 300w, https:\/\/eimtech.eu\/wp-content\/uploads\/2025\/09\/GRAFICO-HOME-1024x500.png 1024w, https:\/\/eimtech.eu\/wp-content\/uploads\/2025\/09\/GRAFICO-HOME-768x375.png 768w, https:\/\/eimtech.eu\/wp-content\/uploads\/2025\/09\/GRAFICO-HOME-1536x750.png 1536w, https:\/\/eimtech.eu\/wp-content\/uploads\/2025\/09\/GRAFICO-HOME-2048x999.png 2048w\" sizes=\"(max-width: 2560px) 100vw, 2560px\" \/>\t\t\t\t\t\t\t\t\t\t\t\t\t\t\t<\/div>\n\t\t\t\t<\/div>\n\t\t\t\t\t<\/div>\n\t\t<\/div>\n\t\t\t\t\t<\/div>\n\t\t<\/section>\n\t\t\t\t\t<\/div>\n\t\t<\/div>\n\t\t\t\t\t<\/div>\n\t\t<\/section>\n\t\t\t\t<\/div>\n\t\t","protected":false},"excerpt":{"rendered":"<p>Voies Photo\u00e9lectrocatalytiques Pour Le Stockage Durable \u00c0 Long Terme De L&rsquo;hydrog\u00e8ne PECATHS Le projet PECATHS, financ\u00e9 par l&rsquo;Union europ\u00e9enne, est pionnier d&rsquo;une approche r\u00e9volutionnaire du stockage d&rsquo;\u00e9nergie qui promet d&rsquo;acc\u00e9l\u00e9rer la transition vers une \u00e9conomie bas\u00e9e sur l&rsquo;hydrog\u00e8ne. Le projet d\u00e9veloppe un syst\u00e8me innovant qui utilise des porteurs d&rsquo;hydrog\u00e8ne organiques liquides (LOHCs) pour stocker et [&hellip;]<\/p>\n","protected":false},"author":1,"featured_media":0,"parent":2063,"menu_order":0,"comment_status":"closed","ping_status":"closed","template":"","meta":{"footnotes":""},"class_list":["post-2696","page","type-page","status-publish","hentry"],"_links":{"self":[{"href":"https:\/\/eimtech.eu\/fr\/wp-json\/wp\/v2\/pages\/2696","targetHints":{"allow":["GET"]}}],"collection":[{"href":"https:\/\/eimtech.eu\/fr\/wp-json\/wp\/v2\/pages"}],"about":[{"href":"https:\/\/eimtech.eu\/fr\/wp-json\/wp\/v2\/types\/page"}],"author":[{"embeddable":true,"href":"https:\/\/eimtech.eu\/fr\/wp-json\/wp\/v2\/users\/1"}],"replies":[{"embeddable":true,"href":"https:\/\/eimtech.eu\/fr\/wp-json\/wp\/v2\/comments?post=2696"}],"version-history":[{"count":4,"href":"https:\/\/eimtech.eu\/fr\/wp-json\/wp\/v2\/pages\/2696\/revisions"}],"predecessor-version":[{"id":2710,"href":"https:\/\/eimtech.eu\/fr\/wp-json\/wp\/v2\/pages\/2696\/revisions\/2710"}],"up":[{"embeddable":true,"href":"https:\/\/eimtech.eu\/fr\/wp-json\/wp\/v2\/pages\/2063"}],"wp:attachment":[{"href":"https:\/\/eimtech.eu\/fr\/wp-json\/wp\/v2\/media?parent=2696"}],"curies":[{"name":"wp","href":"https:\/\/api.w.org\/{rel}","templated":true}]}}