{"id":2700,"date":"2025-09-10T10:37:50","date_gmt":"2025-09-10T10:37:50","guid":{"rendered":"https:\/\/eimtech.eu\/projects\/heritalise\/"},"modified":"2025-09-16T08:41:44","modified_gmt":"2025-09-16T08:41:44","slug":"heritalise","status":"publish","type":"page","link":"https:\/\/eimtech.eu\/fr\/projects\/heritalise\/","title":{"rendered":"Heritalise"},"content":{"rendered":"\t\t<div data-elementor-type=\"wp-page\" data-elementor-id=\"2700\" class=\"elementor elementor-2700 elementor-2594\" data-elementor-post-type=\"page\">\n\t\t\t\t\t\t<section class=\"elementor-section elementor-top-section elementor-element elementor-element-49620d0 animated-slow elementor-section-boxed elementor-section-height-default elementor-section-height-default elementor-invisible\" data-id=\"49620d0\" data-element_type=\"section\" data-e-type=\"section\" data-settings=\"{&quot;animation&quot;:&quot;fadeIn&quot;}\">\n\t\t\t\t\t\t<div class=\"elementor-container elementor-column-gap-default\">\n\t\t\t\t\t<div class=\"elementor-column elementor-col-100 elementor-top-column elementor-element elementor-element-62f84d1\" data-id=\"62f84d1\" data-element_type=\"column\" data-e-type=\"column\" data-settings=\"{&quot;background_background&quot;:&quot;classic&quot;}\">\n\t\t\t<div class=\"elementor-widget-wrap elementor-element-populated\">\n\t\t\t\t\t\t<div class=\"elementor-element elementor-element-5b0f7ee elementor-absolute elementor-view-default elementor-widget elementor-widget-icon\" data-id=\"5b0f7ee\" data-element_type=\"widget\" data-e-type=\"widget\" data-settings=\"{&quot;_position&quot;:&quot;absolute&quot;}\" data-widget_type=\"icon.default\">\n\t\t\t\t<div class=\"elementor-widget-container\">\n\t\t\t\t\t\t\t<div class=\"elementor-icon-wrapper\">\n\t\t\t<div class=\"elementor-icon\">\n\t\t\t<i aria-hidden=\"true\" class=\"icon icon-eimtriangulo\"><\/i>\t\t\t<\/div>\n\t\t<\/div>\n\t\t\t\t\t\t<\/div>\n\t\t\t\t<\/div>\n\t\t\t\t<section class=\"elementor-section elementor-inner-section elementor-element elementor-element-f326fd9 elementor-section-boxed elementor-section-height-default elementor-section-height-default\" data-id=\"f326fd9\" data-element_type=\"section\" data-e-type=\"section\">\n\t\t\t\t\t\t<div class=\"elementor-container elementor-column-gap-default\">\n\t\t\t\t\t<div class=\"elementor-column elementor-col-50 elementor-inner-column elementor-element elementor-element-9caca66\" data-id=\"9caca66\" data-element_type=\"column\" data-e-type=\"column\">\n\t\t\t<div class=\"elementor-widget-wrap elementor-element-populated\">\n\t\t\t\t\t\t<div class=\"elementor-element elementor-element-0f7a1cc elementor-widget elementor-widget-image\" data-id=\"0f7a1cc\" data-element_type=\"widget\" data-e-type=\"widget\" data-widget_type=\"image.default\">\n\t\t\t\t<div class=\"elementor-widget-container\">\n\t\t\t\t\t\t\t\t\t\t\t\t\t\t\t<img fetchpriority=\"high\" decoding=\"async\" width=\"2560\" height=\"485\" src=\"https:\/\/eimtech.eu\/wp-content\/uploads\/2025\/09\/HERITALISE_LOGO-HORIZONTAL-scaled.png\" class=\"attachment-full size-full wp-image-2621\" alt=\"\" srcset=\"https:\/\/eimtech.eu\/wp-content\/uploads\/2025\/09\/HERITALISE_LOGO-HORIZONTAL-scaled.png 2560w, https:\/\/eimtech.eu\/wp-content\/uploads\/2025\/09\/HERITALISE_LOGO-HORIZONTAL-300x57.png 300w, https:\/\/eimtech.eu\/wp-content\/uploads\/2025\/09\/HERITALISE_LOGO-HORIZONTAL-1024x194.png 1024w, https:\/\/eimtech.eu\/wp-content\/uploads\/2025\/09\/HERITALISE_LOGO-HORIZONTAL-768x146.png 768w, https:\/\/eimtech.eu\/wp-content\/uploads\/2025\/09\/HERITALISE_LOGO-HORIZONTAL-1536x291.png 1536w, https:\/\/eimtech.eu\/wp-content\/uploads\/2025\/09\/HERITALISE_LOGO-HORIZONTAL-2048x388.png 2048w\" sizes=\"(max-width: 2560px) 100vw, 2560px\" \/>\t\t\t\t\t\t\t\t\t\t\t\t\t\t\t<\/div>\n\t\t\t\t<\/div>\n\t\t\t\t<div class=\"elementor-element elementor-element-0330212 elementor-widget elementor-widget-text-editor\" data-id=\"0330212\" data-element_type=\"widget\" data-e-type=\"widget\" data-widget_type=\"text-editor.default\">\n\t\t\t\t<div class=\"elementor-widget-container\">\n\t\t\t\t\t\t\t\t\t<p>Num\u00e9risation et visualisation dans le cloud des b\u00e2timents et objets patrimoniaux<\/p>\t\t\t\t\t\t\t\t<\/div>\n\t\t\t\t<\/div>\n\t\t\t\t\t<\/div>\n\t\t<\/div>\n\t\t\t\t<div class=\"elementor-column elementor-col-50 elementor-inner-column elementor-element elementor-element-1c576c2\" data-id=\"1c576c2\" data-element_type=\"column\" data-e-type=\"column\">\n\t\t\t<div class=\"elementor-widget-wrap elementor-element-populated\">\n\t\t\t\t\t\t<div class=\"elementor-element elementor-element-ed9707e elementor-widget elementor-widget-image\" data-id=\"ed9707e\" data-element_type=\"widget\" data-e-type=\"widget\" data-widget_type=\"image.default\">\n\t\t\t\t<div class=\"elementor-widget-container\">\n\t\t\t\t\t\t\t\t\t\t\t\t\t\t\t<img decoding=\"async\" width=\"800\" height=\"533\" src=\"https:\/\/eimtech.eu\/wp-content\/uploads\/2025\/09\/photo-1571759796533-4aa0e23f040cRET2.jpg\" class=\"attachment-large size-large wp-image-2624\" alt=\"\" srcset=\"https:\/\/eimtech.eu\/wp-content\/uploads\/2025\/09\/photo-1571759796533-4aa0e23f040cRET2.jpg 1000w, https:\/\/eimtech.eu\/wp-content\/uploads\/2025\/09\/photo-1571759796533-4aa0e23f040cRET2-300x200.jpg 300w, https:\/\/eimtech.eu\/wp-content\/uploads\/2025\/09\/photo-1571759796533-4aa0e23f040cRET2-768x511.jpg 768w\" sizes=\"(max-width: 800px) 100vw, 800px\" \/>\t\t\t\t\t\t\t\t\t\t\t\t\t\t\t<\/div>\n\t\t\t\t<\/div>\n\t\t\t\t\t<\/div>\n\t\t<\/div>\n\t\t\t\t\t<\/div>\n\t\t<\/section>\n\t\t\t\t<div class=\"elementor-element elementor-element-8cbae6f elementor-absolute e-transform elementor-view-default elementor-widget elementor-widget-icon\" data-id=\"8cbae6f\" data-element_type=\"widget\" data-e-type=\"widget\" data-settings=\"{&quot;_position&quot;:&quot;absolute&quot;,&quot;_transform_rotateZ_effect&quot;:{&quot;unit&quot;:&quot;px&quot;,&quot;size&quot;:180,&quot;sizes&quot;:[]},&quot;_transform_rotateZ_effect_tablet&quot;:{&quot;unit&quot;:&quot;deg&quot;,&quot;size&quot;:&quot;&quot;,&quot;sizes&quot;:[]},&quot;_transform_rotateZ_effect_mobile&quot;:{&quot;unit&quot;:&quot;deg&quot;,&quot;size&quot;:&quot;&quot;,&quot;sizes&quot;:[]}}\" data-widget_type=\"icon.default\">\n\t\t\t\t<div class=\"elementor-widget-container\">\n\t\t\t\t\t\t\t<div class=\"elementor-icon-wrapper\">\n\t\t\t<div class=\"elementor-icon\">\n\t\t\t<i aria-hidden=\"true\" class=\"icon icon-eimtriangulo\"><\/i>\t\t\t<\/div>\n\t\t<\/div>\n\t\t\t\t\t\t<\/div>\n\t\t\t\t<\/div>\n\t\t\t\t\t<\/div>\n\t\t<\/div>\n\t\t\t\t\t<\/div>\n\t\t<\/section>\n\t\t\t\t<section class=\"elementor-section elementor-top-section elementor-element elementor-element-845a75a animated-slow elementor-section-boxed elementor-section-height-default elementor-section-height-default elementor-invisible\" data-id=\"845a75a\" data-element_type=\"section\" data-e-type=\"section\" data-settings=\"{&quot;animation&quot;:&quot;fadeIn&quot;}\">\n\t\t\t\t\t\t<div class=\"elementor-container elementor-column-gap-default\">\n\t\t\t\t\t<div class=\"elementor-column elementor-col-100 elementor-top-column elementor-element elementor-element-7d8da24\" data-id=\"7d8da24\" data-element_type=\"column\" data-e-type=\"column\">\n\t\t\t<div class=\"elementor-widget-wrap elementor-element-populated\">\n\t\t\t\t\t\t<div class=\"elementor-element elementor-element-e1745a3 elementor-widget elementor-widget-heading\" data-id=\"e1745a3\" data-element_type=\"widget\" data-e-type=\"widget\" data-widget_type=\"heading.default\">\n\t\t\t\t<div class=\"elementor-widget-container\">\n\t\t\t\t\t<h2 class=\"elementor-heading-title elementor-size-default\">HERITALISE<\/h2>\t\t\t\t<\/div>\n\t\t\t\t<\/div>\n\t\t\t\t<div class=\"elementor-element elementor-element-34d1ef5 elementor-widget elementor-widget-text-editor\" data-id=\"34d1ef5\" data-element_type=\"widget\" data-e-type=\"widget\" data-widget_type=\"text-editor.default\">\n\t\t\t\t<div class=\"elementor-widget-container\">\n\t\t\t\t\t\t\t\t\t<p>Le projet HERITALISE, financ\u00e9 par l&rsquo;Union europ\u00e9enne, est d\u00e9di\u00e9 \u00e0 la pr\u00e9servation de notre riche patrimoine culturel pour les g\u00e9n\u00e9rations futures. Sa mission est de d\u00e9velopper des techniques de num\u00e9risation de pointe et une plateforme bas\u00e9e sur le cloud pour documenter, repr\u00e9senter et comprendre divers actifs du patrimoine culturel. En tirant parti de l&rsquo;intelligence artificielle (IA) et de l&rsquo;apprentissage automatique (ML), HERITALISE cr\u00e9era un graphe de connaissances complet et interactif de notre histoire partag\u00e9e.<\/p><p>Le projet ira au-del\u00e0 des simples mod\u00e8les 3D, capturant \u00e0 la fois les aspects visibles et non visibles des objets et b\u00e2timents patrimoniaux. Gr\u00e2ce \u00e0 des m\u00e9thodes avanc\u00e9es d&rsquo;acquisition de donn\u00e9es, incluant la num\u00e9risation multisensorielle, multi-\u00e9chelle et multispectrale, HERITALISE cr\u00e9era des jumeaux num\u00e9riques tr\u00e8s d\u00e9taill\u00e9s et pr\u00e9cis. Ces r\u00e9pliques num\u00e9riques serviront non seulement d&rsquo;enregistrement permanent mais aussi d&rsquo;outil puissant pour la recherche, la conservation et l&rsquo;\u00e9ducation.<\/p><p>HERITALISE fournira un \u00e9cosyst\u00e8me ouvert et interop\u00e9rable qui connecte les institutions du patrimoine culturel \u00e0 travers l&rsquo;Europe. Cela permettra le partage transparent de donn\u00e9es et de services, favorisant la collaboration et l&rsquo;innovation dans le domaine du patrimoine num\u00e9rique. Le projet d\u00e9veloppera \u00e9galement de nouvelles solutions mat\u00e9rielles et logicielles pour soutenir l&rsquo;ensemble du flux de travail de num\u00e9risation, de l&rsquo;acquisition de donn\u00e9es au post-traitement et \u00e0 la visualisation.<\/p><p>En rendant notre patrimoine culturel plus accessible et engageant, HERITALISE aidera \u00e0 favoriser une appr\u00e9ciation plus profonde de notre pass\u00e9 partag\u00e9. Le projet cr\u00e9era \u00e9galement de nouvelles opportunit\u00e9s pour les industries cr\u00e9atives, permettant le d\u00e9veloppement d&rsquo;exp\u00e9riences immersives, de ressources \u00e9ducatives et d&rsquo;applications innovantes. Gr\u00e2ce \u00e0 son engagement envers les standards ouverts et la collaboration, HERITALISE s&rsquo;assurera que notre h\u00e9ritage culturel soit pr\u00e9serv\u00e9 et c\u00e9l\u00e9br\u00e9 pour les ann\u00e9es \u00e0 venir.<\/p>\t\t\t\t\t\t\t\t<\/div>\n\t\t\t\t<\/div>\n\t\t\t\t<div class=\"elementor-element elementor-element-057265a elementor-widget elementor-widget-heading\" data-id=\"057265a\" data-element_type=\"widget\" data-e-type=\"widget\" data-widget_type=\"heading.default\">\n\t\t\t\t<div class=\"elementor-widget-container\">\n\t\t\t\t\t<span class=\"elementor-heading-title elementor-size-default\"><a href=\"http:\/\/www.heritalise-eccch.eu\" target=\"_blank\" rel=\"noopener\">www.heritalise-eccch.eu<\/a><\/span>\t\t\t\t<\/div>\n\t\t\t\t<\/div>\n\t\t\t\t\t<\/div>\n\t\t<\/div>\n\t\t\t\t\t<\/div>\n\t\t<\/section>\n\t\t\t\t<section class=\"elementor-section elementor-top-section elementor-element elementor-element-12e403f animated-slow elementor-section-boxed elementor-section-height-default elementor-section-height-default elementor-invisible\" data-id=\"12e403f\" data-element_type=\"section\" data-e-type=\"section\" data-settings=\"{&quot;animation&quot;:&quot;fadeIn&quot;}\">\n\t\t\t\t\t\t<div class=\"elementor-container elementor-column-gap-default\">\n\t\t\t\t\t<div class=\"elementor-column elementor-col-100 elementor-top-column elementor-element elementor-element-64ebe53\" data-id=\"64ebe53\" data-element_type=\"column\" data-e-type=\"column\" data-settings=\"{&quot;background_background&quot;:&quot;classic&quot;}\">\n\t\t\t<div class=\"elementor-widget-wrap elementor-element-populated\">\n\t\t\t\t\t<div class=\"elementor-background-overlay\"><\/div>\n\t\t\t\t\t\t<section class=\"elementor-section elementor-inner-section elementor-element elementor-element-c2d39d6 elementor-section-boxed elementor-section-height-default elementor-section-height-default\" data-id=\"c2d39d6\" data-element_type=\"section\" data-e-type=\"section\">\n\t\t\t\t\t\t<div class=\"elementor-container elementor-column-gap-default\">\n\t\t\t\t\t<div class=\"elementor-column elementor-col-25 elementor-inner-column elementor-element elementor-element-b5aba82\" data-id=\"b5aba82\" data-element_type=\"column\" data-e-type=\"column\">\n\t\t\t<div class=\"elementor-widget-wrap elementor-element-populated\">\n\t\t\t\t\t\t<div class=\"elementor-element elementor-element-909dcfc elementor-widget elementor-widget-image\" data-id=\"909dcfc\" data-element_type=\"widget\" data-e-type=\"widget\" data-widget_type=\"image.default\">\n\t\t\t\t<div class=\"elementor-widget-container\">\n\t\t\t\t\t\t\t\t\t\t\t\t<figure class=\"wp-caption\">\n\t\t\t\t\t\t\t\t\t\t<img decoding=\"async\" width=\"600\" height=\"400\" src=\"https:\/\/eimtech.eu\/wp-content\/uploads\/2025\/09\/2023-WHM-exterior-Ian-Peter-MacDonald-bin-removed.jpg\" class=\"attachment-full size-full wp-image-2630\" alt=\"\" srcset=\"https:\/\/eimtech.eu\/wp-content\/uploads\/2025\/09\/2023-WHM-exterior-Ian-Peter-MacDonald-bin-removed.jpg 600w, https:\/\/eimtech.eu\/wp-content\/uploads\/2025\/09\/2023-WHM-exterior-Ian-Peter-MacDonald-bin-removed-300x200.jpg 300w\" sizes=\"(max-width: 600px) 100vw, 600px\" \/>\t\t\t\t\t\t\t\t\t\t\t<figcaption class=\"widget-image-caption wp-caption-text\">West Highland Museum,<\/br> Fort William (\u00c9cosse)<\/figcaption>\n\t\t\t\t\t\t\t\t\t\t<\/figure>\n\t\t\t\t\t\t\t\t\t<\/div>\n\t\t\t\t<\/div>\n\t\t\t\t\t<\/div>\n\t\t<\/div>\n\t\t\t\t<div class=\"elementor-column elementor-col-25 elementor-inner-column elementor-element elementor-element-aa041b1\" data-id=\"aa041b1\" data-element_type=\"column\" data-e-type=\"column\">\n\t\t\t<div class=\"elementor-widget-wrap elementor-element-populated\">\n\t\t\t\t\t\t<div class=\"elementor-element elementor-element-051c887 elementor-widget elementor-widget-image\" data-id=\"051c887\" data-element_type=\"widget\" data-e-type=\"widget\" data-widget_type=\"image.default\">\n\t\t\t\t<div class=\"elementor-widget-container\">\n\t\t\t\t\t\t\t\t\t\t\t\t<figure class=\"wp-caption\">\n\t\t\t\t\t\t\t\t\t\t<img loading=\"lazy\" decoding=\"async\" width=\"600\" height=\"400\" src=\"https:\/\/eimtech.eu\/wp-content\/uploads\/2025\/09\/Timespan-Helmsdale-Image-\u00a9-Marc-Atkins-Art-Fund-2021-16.jpg\" class=\"attachment-full size-full wp-image-2632\" alt=\"\" srcset=\"https:\/\/eimtech.eu\/wp-content\/uploads\/2025\/09\/Timespan-Helmsdale-Image-\u00a9-Marc-Atkins-Art-Fund-2021-16.jpg 600w, https:\/\/eimtech.eu\/wp-content\/uploads\/2025\/09\/Timespan-Helmsdale-Image-\u00a9-Marc-Atkins-Art-Fund-2021-16-300x200.jpg 300w\" sizes=\"(max-width: 600px) 100vw, 600px\" \/>\t\t\t\t\t\t\t\t\t\t\t<figcaption class=\"widget-image-caption wp-caption-text\">Timespan Museum, <\/br> Highlands (\u00c9cosse)<\/figcaption>\n\t\t\t\t\t\t\t\t\t\t<\/figure>\n\t\t\t\t\t\t\t\t\t<\/div>\n\t\t\t\t<\/div>\n\t\t\t\t\t<\/div>\n\t\t<\/div>\n\t\t\t\t<div class=\"elementor-column elementor-col-25 elementor-inner-column elementor-element elementor-element-1706417\" data-id=\"1706417\" data-element_type=\"column\" data-e-type=\"column\">\n\t\t\t<div class=\"elementor-widget-wrap elementor-element-populated\">\n\t\t\t\t\t\t<div class=\"elementor-element elementor-element-de4a4d9 elementor-widget elementor-widget-image\" data-id=\"de4a4d9\" data-element_type=\"widget\" data-e-type=\"widget\" data-widget_type=\"image.default\">\n\t\t\t\t<div class=\"elementor-widget-container\">\n\t\t\t\t\t\t\t\t\t\t\t\t<figure class=\"wp-caption\">\n\t\t\t\t\t\t\t\t\t\t<img loading=\"lazy\" decoding=\"async\" width=\"600\" height=\"400\" src=\"https:\/\/eimtech.eu\/wp-content\/uploads\/2025\/09\/Q7A0147_BASSA.jpg\" class=\"attachment-full size-full wp-image-2628\" alt=\"\" srcset=\"https:\/\/eimtech.eu\/wp-content\/uploads\/2025\/09\/Q7A0147_BASSA.jpg 600w, https:\/\/eimtech.eu\/wp-content\/uploads\/2025\/09\/Q7A0147_BASSA-300x200.jpg 300w\" sizes=\"(max-width: 600px) 100vw, 600px\" \/>\t\t\t\t\t\t\t\t\t\t\t<figcaption class=\"widget-image-caption wp-caption-text\">Reggia di Venaria Reale, <\/br>Turin (Italie)<\/figcaption>\n\t\t\t\t\t\t\t\t\t\t<\/figure>\n\t\t\t\t\t\t\t\t\t<\/div>\n\t\t\t\t<\/div>\n\t\t\t\t\t<\/div>\n\t\t<\/div>\n\t\t\t\t<div class=\"elementor-column elementor-col-25 elementor-inner-column elementor-element elementor-element-5363545\" data-id=\"5363545\" data-element_type=\"column\" data-e-type=\"column\">\n\t\t\t<div class=\"elementor-widget-wrap elementor-element-populated\">\n\t\t\t\t\t\t<div class=\"elementor-element elementor-element-9aafc68 elementor-widget elementor-widget-image\" data-id=\"9aafc68\" data-element_type=\"widget\" data-e-type=\"widget\" data-widget_type=\"image.default\">\n\t\t\t\t<div class=\"elementor-widget-container\">\n\t\t\t\t\t\t\t\t\t\t\t\t<figure class=\"wp-caption\">\n\t\t\t\t\t\t\t\t\t\t<img loading=\"lazy\" decoding=\"async\" width=\"600\" height=\"400\" src=\"https:\/\/eimtech.eu\/wp-content\/uploads\/2025\/09\/MMM5822-2.jpg\" class=\"attachment-full size-full wp-image-2626\" alt=\"\" srcset=\"https:\/\/eimtech.eu\/wp-content\/uploads\/2025\/09\/MMM5822-2.jpg 600w, https:\/\/eimtech.eu\/wp-content\/uploads\/2025\/09\/MMM5822-2-300x200.jpg 300w\" sizes=\"(max-width: 600px) 100vw, 600px\" \/>\t\t\t\t\t\t\t\t\t\t\t<figcaption class=\"widget-image-caption wp-caption-text\">Villa Portelli, <\/br>Kalkara (Malte)<\/figcaption>\n\t\t\t\t\t\t\t\t\t\t<\/figure>\n\t\t\t\t\t\t\t\t\t<\/div>\n\t\t\t\t<\/div>\n\t\t\t\t\t<\/div>\n\t\t<\/div>\n\t\t\t\t\t<\/div>\n\t\t<\/section>\n\t\t\t\t\t<\/div>\n\t\t<\/div>\n\t\t\t\t\t<\/div>\n\t\t<\/section>\n\t\t\t\t<\/div>\n\t\t","protected":false},"excerpt":{"rendered":"<p>Num\u00e9risation et visualisation dans le cloud des b\u00e2timents et objets patrimoniaux HERITALISE Le projet HERITALISE, financ\u00e9 par l&rsquo;Union europ\u00e9enne, est d\u00e9di\u00e9 \u00e0 la pr\u00e9servation de notre riche patrimoine culturel pour les g\u00e9n\u00e9rations futures. Sa mission est de d\u00e9velopper des techniques de num\u00e9risation de pointe et une plateforme bas\u00e9e sur le cloud pour documenter, repr\u00e9senter et [&hellip;]<\/p>\n","protected":false},"author":1,"featured_media":0,"parent":2063,"menu_order":0,"comment_status":"closed","ping_status":"closed","template":"","meta":{"footnotes":""},"class_list":["post-2700","page","type-page","status-publish","hentry"],"_links":{"self":[{"href":"https:\/\/eimtech.eu\/fr\/wp-json\/wp\/v2\/pages\/2700","targetHints":{"allow":["GET"]}}],"collection":[{"href":"https:\/\/eimtech.eu\/fr\/wp-json\/wp\/v2\/pages"}],"about":[{"href":"https:\/\/eimtech.eu\/fr\/wp-json\/wp\/v2\/types\/page"}],"author":[{"embeddable":true,"href":"https:\/\/eimtech.eu\/fr\/wp-json\/wp\/v2\/users\/1"}],"replies":[{"embeddable":true,"href":"https:\/\/eimtech.eu\/fr\/wp-json\/wp\/v2\/comments?post=2700"}],"version-history":[{"count":4,"href":"https:\/\/eimtech.eu\/fr\/wp-json\/wp\/v2\/pages\/2700\/revisions"}],"predecessor-version":[{"id":2708,"href":"https:\/\/eimtech.eu\/fr\/wp-json\/wp\/v2\/pages\/2700\/revisions\/2708"}],"up":[{"embeddable":true,"href":"https:\/\/eimtech.eu\/fr\/wp-json\/wp\/v2\/pages\/2063"}],"wp:attachment":[{"href":"https:\/\/eimtech.eu\/fr\/wp-json\/wp\/v2\/media?parent=2700"}],"curies":[{"name":"wp","href":"https:\/\/api.w.org\/{rel}","templated":true}]}}