{"id":2711,"date":"2025-09-10T10:37:34","date_gmt":"2025-09-10T10:37:34","guid":{"rendered":"https:\/\/eimtech.eu\/projects\/focal\/"},"modified":"2025-09-16T08:44:01","modified_gmt":"2025-09-16T08:44:01","slug":"focal","status":"publish","type":"page","link":"https:\/\/eimtech.eu\/fr\/projects\/focal\/","title":{"rendered":"Focal"},"content":{"rendered":"\t\t<div data-elementor-type=\"wp-page\" data-elementor-id=\"2711\" class=\"elementor elementor-2711 elementor-2593\" data-elementor-post-type=\"page\">\n\t\t\t\t\t\t<section class=\"elementor-section elementor-top-section elementor-element elementor-element-fe54b2d animated-slow elementor-section-boxed elementor-section-height-default elementor-section-height-default elementor-invisible\" data-id=\"fe54b2d\" data-element_type=\"section\" data-e-type=\"section\" data-settings=\"{&quot;animation&quot;:&quot;fadeIn&quot;}\">\n\t\t\t\t\t\t<div class=\"elementor-container elementor-column-gap-default\">\n\t\t\t\t\t<div class=\"elementor-column elementor-col-100 elementor-top-column elementor-element elementor-element-3f8b73f\" data-id=\"3f8b73f\" data-element_type=\"column\" data-e-type=\"column\" data-settings=\"{&quot;background_background&quot;:&quot;classic&quot;}\">\n\t\t\t<div class=\"elementor-widget-wrap elementor-element-populated\">\n\t\t\t\t\t\t<div class=\"elementor-element elementor-element-f52eba6 elementor-absolute elementor-view-default elementor-widget elementor-widget-icon\" data-id=\"f52eba6\" data-element_type=\"widget\" data-e-type=\"widget\" data-settings=\"{&quot;_position&quot;:&quot;absolute&quot;}\" data-widget_type=\"icon.default\">\n\t\t\t\t<div class=\"elementor-widget-container\">\n\t\t\t\t\t\t\t<div class=\"elementor-icon-wrapper\">\n\t\t\t<div class=\"elementor-icon\">\n\t\t\t<i aria-hidden=\"true\" class=\"icon icon-eimtriangulo\"><\/i>\t\t\t<\/div>\n\t\t<\/div>\n\t\t\t\t\t\t<\/div>\n\t\t\t\t<\/div>\n\t\t\t\t<section class=\"elementor-section elementor-inner-section elementor-element elementor-element-b93eb4e elementor-section-boxed elementor-section-height-default elementor-section-height-default\" data-id=\"b93eb4e\" data-element_type=\"section\" data-e-type=\"section\">\n\t\t\t\t\t\t<div class=\"elementor-container elementor-column-gap-default\">\n\t\t\t\t\t<div class=\"elementor-column elementor-col-50 elementor-inner-column elementor-element elementor-element-9e8117a\" data-id=\"9e8117a\" data-element_type=\"column\" data-e-type=\"column\">\n\t\t\t<div class=\"elementor-widget-wrap elementor-element-populated\">\n\t\t\t\t\t\t<div class=\"elementor-element elementor-element-c0dc1bc elementor-widget elementor-widget-image\" data-id=\"c0dc1bc\" data-element_type=\"widget\" data-e-type=\"widget\" data-widget_type=\"image.default\">\n\t\t\t\t<div class=\"elementor-widget-container\">\n\t\t\t\t\t\t\t\t\t\t\t\t\t\t\t<img fetchpriority=\"high\" decoding=\"async\" width=\"2048\" height=\"1618\" src=\"https:\/\/eimtech.eu\/wp-content\/uploads\/2025\/09\/Focal-2048x1618-1.png\" class=\"attachment-full size-full wp-image-2657\" alt=\"\" srcset=\"https:\/\/eimtech.eu\/wp-content\/uploads\/2025\/09\/Focal-2048x1618-1.png 2048w, https:\/\/eimtech.eu\/wp-content\/uploads\/2025\/09\/Focal-2048x1618-1-300x237.png 300w, https:\/\/eimtech.eu\/wp-content\/uploads\/2025\/09\/Focal-2048x1618-1-1024x809.png 1024w, https:\/\/eimtech.eu\/wp-content\/uploads\/2025\/09\/Focal-2048x1618-1-768x607.png 768w, https:\/\/eimtech.eu\/wp-content\/uploads\/2025\/09\/Focal-2048x1618-1-1536x1214.png 1536w\" sizes=\"(max-width: 2048px) 100vw, 2048px\" \/>\t\t\t\t\t\t\t\t\t\t\t\t\t\t\t<\/div>\n\t\t\t\t<\/div>\n\t\t\t\t<div class=\"elementor-element elementor-element-cce1692 elementor-widget elementor-widget-text-editor\" data-id=\"cce1692\" data-element_type=\"widget\" data-e-type=\"widget\" data-widget_type=\"text-editor.default\">\n\t\t\t\t<div class=\"elementor-widget-container\">\n\t\t\t\t\t\t\t\t\t<p>Exploration efficace des donn\u00e9es climatiques au niveau local.<\/p>\t\t\t\t\t\t\t\t<\/div>\n\t\t\t\t<\/div>\n\t\t\t\t\t<\/div>\n\t\t<\/div>\n\t\t\t\t<div class=\"elementor-column elementor-col-50 elementor-inner-column elementor-element elementor-element-a883494\" data-id=\"a883494\" data-element_type=\"column\" data-e-type=\"column\">\n\t\t\t<div class=\"elementor-widget-wrap elementor-element-populated\">\n\t\t\t\t\t\t<div class=\"elementor-element elementor-element-c17ed14 elementor-widget elementor-widget-image\" data-id=\"c17ed14\" data-element_type=\"widget\" data-e-type=\"widget\" data-widget_type=\"image.default\">\n\t\t\t\t<div class=\"elementor-widget-container\">\n\t\t\t\t\t\t\t\t\t\t\t\t\t\t\t<img decoding=\"async\" width=\"2041\" height=\"1409\" src=\"https:\/\/eimtech.eu\/wp-content\/uploads\/2025\/09\/photo-1473448912268-2022ce9509d8.avif\" class=\"attachment-full size-full wp-image-2668\" alt=\"\" srcset=\"https:\/\/eimtech.eu\/wp-content\/uploads\/2025\/09\/photo-1473448912268-2022ce9509d8.avif 2041w, https:\/\/eimtech.eu\/wp-content\/uploads\/2025\/09\/photo-1473448912268-2022ce9509d8-300x207.jpg 300w, https:\/\/eimtech.eu\/wp-content\/uploads\/2025\/09\/photo-1473448912268-2022ce9509d8-1024x707.jpg 1024w, https:\/\/eimtech.eu\/wp-content\/uploads\/2025\/09\/photo-1473448912268-2022ce9509d8-768x530.jpg 768w, https:\/\/eimtech.eu\/wp-content\/uploads\/2025\/09\/photo-1473448912268-2022ce9509d8-1536x1060.jpg 1536w\" sizes=\"(max-width: 2041px) 100vw, 2041px\" \/>\t\t\t\t\t\t\t\t\t\t\t\t\t\t\t<\/div>\n\t\t\t\t<\/div>\n\t\t\t\t\t<\/div>\n\t\t<\/div>\n\t\t\t\t\t<\/div>\n\t\t<\/section>\n\t\t\t\t<div class=\"elementor-element elementor-element-fb177b2 elementor-absolute e-transform elementor-view-default elementor-widget elementor-widget-icon\" data-id=\"fb177b2\" data-element_type=\"widget\" data-e-type=\"widget\" data-settings=\"{&quot;_position&quot;:&quot;absolute&quot;,&quot;_transform_rotateZ_effect&quot;:{&quot;unit&quot;:&quot;px&quot;,&quot;size&quot;:180,&quot;sizes&quot;:[]},&quot;_transform_rotateZ_effect_tablet&quot;:{&quot;unit&quot;:&quot;deg&quot;,&quot;size&quot;:&quot;&quot;,&quot;sizes&quot;:[]},&quot;_transform_rotateZ_effect_mobile&quot;:{&quot;unit&quot;:&quot;deg&quot;,&quot;size&quot;:&quot;&quot;,&quot;sizes&quot;:[]}}\" data-widget_type=\"icon.default\">\n\t\t\t\t<div class=\"elementor-widget-container\">\n\t\t\t\t\t\t\t<div class=\"elementor-icon-wrapper\">\n\t\t\t<div class=\"elementor-icon\">\n\t\t\t<i aria-hidden=\"true\" class=\"icon icon-eimtriangulo\"><\/i>\t\t\t<\/div>\n\t\t<\/div>\n\t\t\t\t\t\t<\/div>\n\t\t\t\t<\/div>\n\t\t\t\t\t<\/div>\n\t\t<\/div>\n\t\t\t\t\t<\/div>\n\t\t<\/section>\n\t\t\t\t<section class=\"elementor-section elementor-top-section elementor-element elementor-element-591fa49 animated-slow elementor-section-boxed elementor-section-height-default elementor-section-height-default elementor-invisible\" data-id=\"591fa49\" data-element_type=\"section\" data-e-type=\"section\" data-settings=\"{&quot;animation&quot;:&quot;fadeIn&quot;}\">\n\t\t\t\t\t\t<div class=\"elementor-container elementor-column-gap-default\">\n\t\t\t\t\t<div class=\"elementor-column elementor-col-100 elementor-top-column elementor-element elementor-element-8c2bd67\" data-id=\"8c2bd67\" data-element_type=\"column\" data-e-type=\"column\">\n\t\t\t<div class=\"elementor-widget-wrap elementor-element-populated\">\n\t\t\t\t\t\t<div class=\"elementor-element elementor-element-4b148b3 elementor-widget elementor-widget-heading\" data-id=\"4b148b3\" data-element_type=\"widget\" data-e-type=\"widget\" data-widget_type=\"heading.default\">\n\t\t\t\t<div class=\"elementor-widget-container\">\n\t\t\t\t\t<h2 class=\"elementor-heading-title elementor-size-default\">FOCAL<\/h2>\t\t\t\t<\/div>\n\t\t\t\t<\/div>\n\t\t\t\t<div class=\"elementor-element elementor-element-233271c elementor-widget elementor-widget-text-editor\" data-id=\"233271c\" data-element_type=\"widget\" data-e-type=\"widget\" data-widget_type=\"text-editor.default\">\n\t\t\t\t<div class=\"elementor-widget-container\">\n\t\t\t\t\t\t\t\t\t<p>Le projet FOCAL, financ\u00e9 par l&rsquo;Union europ\u00e9enne, est destin\u00e9 \u00e0 r\u00e9volutionner la fa\u00e7on dont nous acc\u00e9dons et utilisons les donn\u00e9es climatiques. Son objectif principal est de donner aux communaut\u00e9s locales les outils et les informations n\u00e9cessaires pour renforcer leur r\u00e9silience face au changement climatique. En d\u00e9veloppant une plateforme ouverte et intelligente, FOCAL fournira des \u00e9valuations fiables de l&rsquo;impact climatique, en se concentrant sur les domaines critiques de l&rsquo;urbanisme et de la foresterie.<\/p><p>Le projet d\u00e9veloppera une plateforme sophistiqu\u00e9e qui combine la gestion intelligente des flux de travail avec le calcul haute performance (HPC) et l&rsquo;intelligence artificielle (IA). Cela permettra l&rsquo;analyse rapide de vastes quantit\u00e9s de donn\u00e9es provenant de l&rsquo;observation de la Terre et des mod\u00e8les climatiques, fournissant des informations exploitables au niveau local. FOCAL am\u00e9liorera non seulement notre compr\u00e9hension du changement climatique, mais favorisera \u00e9galement le d\u00e9veloppement de nouvelles applications et services pour faire face \u00e0 ses impacts.<\/p><p>L&rsquo;approche innovante de FOCAL d\u00e9mocratisera l&rsquo;acc\u00e8s aux donn\u00e9es climatiques, les rendant disponibles \u00e0 un public plus large au-del\u00e0 de la communaut\u00e9 scientifique. En s&rsquo;engageant avec les urbanistes, les forestiers et les petites et moyennes entreprises (PME), le projet s&rsquo;assurera que ses solutions sont adapt\u00e9es aux besoins du monde r\u00e9el. Ce processus collaboratif de co-conception conduira \u00e0 la cr\u00e9ation d&rsquo;un \u00e9cosyst\u00e8me dynamique de services climatiques, promouvant des pratiques durables et une prise de d\u00e9cision \u00e9clair\u00e9e.<\/p><p>Gr\u00e2ce \u00e0 son approche interdisciplinaire et \u00e0 son engagement envers les donn\u00e9es ouvertes, FOCAL jouera un r\u00f4le crucial dans l&rsquo;avancement de la science et de la politique climatiques. Le projet am\u00e9liorera non seulement notre capacit\u00e9 \u00e0 pr\u00e9dire et att\u00e9nuer les effets du changement climatique, mais contribuera \u00e9galement \u00e0 un avenir plus durable et r\u00e9silient pour tous. En favorisant l&rsquo;innovation et la collaboration, FOCAL aidera \u00e0 lib\u00e9rer tout le potentiel des donn\u00e9es climatiques au profit de la soci\u00e9t\u00e9.<\/p>\t\t\t\t\t\t\t\t<\/div>\n\t\t\t\t<\/div>\n\t\t\t\t<div class=\"elementor-element elementor-element-cf7d274 elementor-widget elementor-widget-heading\" data-id=\"cf7d274\" data-element_type=\"widget\" data-e-type=\"widget\" data-widget_type=\"heading.default\">\n\t\t\t\t<div class=\"elementor-widget-container\">\n\t\t\t\t\t<span class=\"elementor-heading-title elementor-size-default\"><a href=\"http:\/\/www.focal-euproject.eu\" target=\"_blank\" rel=\"noopener\">www.focal-euproject.eu<\/a><\/span>\t\t\t\t<\/div>\n\t\t\t\t<\/div>\n\t\t\t\t\t<\/div>\n\t\t<\/div>\n\t\t\t\t\t<\/div>\n\t\t<\/section>\n\t\t\t\t<section class=\"elementor-section elementor-top-section elementor-element elementor-element-ca721fb animated-slow elementor-section-boxed elementor-section-height-default elementor-section-height-default elementor-invisible\" data-id=\"ca721fb\" data-element_type=\"section\" data-e-type=\"section\" data-settings=\"{&quot;animation&quot;:&quot;fadeIn&quot;}\">\n\t\t\t\t\t\t<div class=\"elementor-container elementor-column-gap-default\">\n\t\t\t\t\t<div class=\"elementor-column elementor-col-100 elementor-top-column elementor-element elementor-element-d0bb678\" data-id=\"d0bb678\" data-element_type=\"column\" data-e-type=\"column\" data-settings=\"{&quot;background_background&quot;:&quot;classic&quot;}\">\n\t\t\t<div class=\"elementor-widget-wrap elementor-element-populated\">\n\t\t\t\t\t<div class=\"elementor-background-overlay\"><\/div>\n\t\t\t\t\t\t<section class=\"elementor-section elementor-inner-section elementor-element elementor-element-109b001 elementor-section-boxed elementor-section-height-default elementor-section-height-default\" data-id=\"109b001\" data-element_type=\"section\" data-e-type=\"section\">\n\t\t\t\t\t\t<div class=\"elementor-container elementor-column-gap-default\">\n\t\t\t\t\t<div class=\"elementor-column elementor-col-33 elementor-inner-column elementor-element elementor-element-b21e44e\" data-id=\"b21e44e\" data-element_type=\"column\" data-e-type=\"column\">\n\t\t\t<div class=\"elementor-widget-wrap elementor-element-populated\">\n\t\t\t\t\t\t<div class=\"elementor-element elementor-element-f6efcca elementor-widget elementor-widget-image\" data-id=\"f6efcca\" data-element_type=\"widget\" data-e-type=\"widget\" data-widget_type=\"image.default\">\n\t\t\t\t<div class=\"elementor-widget-container\">\n\t\t\t\t\t\t\t\t\t\t\t\t\t\t\t<img decoding=\"async\" width=\"1024\" height=\"585\" src=\"https:\/\/eimtech.eu\/wp-content\/uploads\/2025\/09\/DALL\u00b7E-2025-02-11-14.29.08-A-visually-clean-and-modern-representation-of-climate-data-and-Earth-observation.-.webp\" class=\"attachment-full size-full wp-image-2664\" alt=\"\" srcset=\"https:\/\/eimtech.eu\/wp-content\/uploads\/2025\/09\/DALL\u00b7E-2025-02-11-14.29.08-A-visually-clean-and-modern-representation-of-climate-data-and-Earth-observation.-.webp 1024w, https:\/\/eimtech.eu\/wp-content\/uploads\/2025\/09\/DALL\u00b7E-2025-02-11-14.29.08-A-visually-clean-and-modern-representation-of-climate-data-and-Earth-observation.--300x171.webp 300w, https:\/\/eimtech.eu\/wp-content\/uploads\/2025\/09\/DALL\u00b7E-2025-02-11-14.29.08-A-visually-clean-and-modern-representation-of-climate-data-and-Earth-observation.--768x439.webp 768w\" sizes=\"(max-width: 1024px) 100vw, 1024px\" \/>\t\t\t\t\t\t\t\t\t\t\t\t\t\t\t<\/div>\n\t\t\t\t<\/div>\n\t\t\t\t\t<\/div>\n\t\t<\/div>\n\t\t\t\t<div class=\"elementor-column elementor-col-33 elementor-inner-column elementor-element elementor-element-9b58cbb\" data-id=\"9b58cbb\" data-element_type=\"column\" data-e-type=\"column\">\n\t\t\t<div class=\"elementor-widget-wrap elementor-element-populated\">\n\t\t\t\t\t\t<div class=\"elementor-element elementor-element-3a5aeaa elementor-widget elementor-widget-image\" data-id=\"3a5aeaa\" data-element_type=\"widget\" data-e-type=\"widget\" data-widget_type=\"image.default\">\n\t\t\t\t<div class=\"elementor-widget-container\">\n\t\t\t\t\t\t\t\t\t\t\t\t\t\t\t<img loading=\"lazy\" decoding=\"async\" width=\"300\" height=\"200\" src=\"https:\/\/eimtech.eu\/wp-content\/uploads\/2025\/09\/large-artificial-intelligence-concept-of-big-data-or-cyber-security-3d-illustration-300x200-1.jpg\" class=\"attachment-full size-full wp-image-2666\" alt=\"\" \/>\t\t\t\t\t\t\t\t\t\t\t\t\t\t\t<\/div>\n\t\t\t\t<\/div>\n\t\t\t\t\t<\/div>\n\t\t<\/div>\n\t\t\t\t<div class=\"elementor-column elementor-col-33 elementor-inner-column elementor-element elementor-element-594ff1f\" data-id=\"594ff1f\" data-element_type=\"column\" data-e-type=\"column\">\n\t\t\t<div class=\"elementor-widget-wrap elementor-element-populated\">\n\t\t\t\t\t\t<div class=\"elementor-element elementor-element-f84dff3 elementor-widget elementor-widget-image\" data-id=\"f84dff3\" data-element_type=\"widget\" data-e-type=\"widget\" data-widget_type=\"image.default\">\n\t\t\t\t<div class=\"elementor-widget-container\">\n\t\t\t\t\t\t\t\t\t\t\t\t\t\t\t<img loading=\"lazy\" decoding=\"async\" width=\"2048\" height=\"1024\" src=\"https:\/\/eimtech.eu\/wp-content\/uploads\/2025\/09\/climate-modelling-2048x1024-1.jpg\" class=\"attachment-full size-full wp-image-2662\" alt=\"\" srcset=\"https:\/\/eimtech.eu\/wp-content\/uploads\/2025\/09\/climate-modelling-2048x1024-1.jpg 2048w, https:\/\/eimtech.eu\/wp-content\/uploads\/2025\/09\/climate-modelling-2048x1024-1-300x150.jpg 300w, https:\/\/eimtech.eu\/wp-content\/uploads\/2025\/09\/climate-modelling-2048x1024-1-1024x512.jpg 1024w, https:\/\/eimtech.eu\/wp-content\/uploads\/2025\/09\/climate-modelling-2048x1024-1-768x384.jpg 768w, https:\/\/eimtech.eu\/wp-content\/uploads\/2025\/09\/climate-modelling-2048x1024-1-1536x768.jpg 1536w\" sizes=\"(max-width: 2048px) 100vw, 2048px\" \/>\t\t\t\t\t\t\t\t\t\t\t\t\t\t\t<\/div>\n\t\t\t\t<\/div>\n\t\t\t\t\t<\/div>\n\t\t<\/div>\n\t\t\t\t\t<\/div>\n\t\t<\/section>\n\t\t\t\t\t<\/div>\n\t\t<\/div>\n\t\t\t\t\t<\/div>\n\t\t<\/section>\n\t\t\t\t<\/div>\n\t\t","protected":false},"excerpt":{"rendered":"<p>Exploration efficace des donn\u00e9es climatiques au niveau local. FOCAL Le projet FOCAL, financ\u00e9 par l&rsquo;Union europ\u00e9enne, est destin\u00e9 \u00e0 r\u00e9volutionner la fa\u00e7on dont nous acc\u00e9dons et utilisons les donn\u00e9es climatiques. Son objectif principal est de donner aux communaut\u00e9s locales les outils et les informations n\u00e9cessaires pour renforcer leur r\u00e9silience face au changement climatique. En d\u00e9veloppant [&hellip;]<\/p>\n","protected":false},"author":1,"featured_media":0,"parent":2063,"menu_order":0,"comment_status":"closed","ping_status":"closed","template":"","meta":{"footnotes":""},"class_list":["post-2711","page","type-page","status-publish","hentry"],"_links":{"self":[{"href":"https:\/\/eimtech.eu\/fr\/wp-json\/wp\/v2\/pages\/2711","targetHints":{"allow":["GET"]}}],"collection":[{"href":"https:\/\/eimtech.eu\/fr\/wp-json\/wp\/v2\/pages"}],"about":[{"href":"https:\/\/eimtech.eu\/fr\/wp-json\/wp\/v2\/types\/page"}],"author":[{"embeddable":true,"href":"https:\/\/eimtech.eu\/fr\/wp-json\/wp\/v2\/users\/1"}],"replies":[{"embeddable":true,"href":"https:\/\/eimtech.eu\/fr\/wp-json\/wp\/v2\/comments?post=2711"}],"version-history":[{"count":2,"href":"https:\/\/eimtech.eu\/fr\/wp-json\/wp\/v2\/pages\/2711\/revisions"}],"predecessor-version":[{"id":2713,"href":"https:\/\/eimtech.eu\/fr\/wp-json\/wp\/v2\/pages\/2711\/revisions\/2713"}],"up":[{"embeddable":true,"href":"https:\/\/eimtech.eu\/fr\/wp-json\/wp\/v2\/pages\/2063"}],"wp:attachment":[{"href":"https:\/\/eimtech.eu\/fr\/wp-json\/wp\/v2\/media?parent=2711"}],"curies":[{"name":"wp","href":"https:\/\/api.w.org\/{rel}","templated":true}]}}